{"id":2502,"date":"2021-02-28T11:52:39","date_gmt":"2021-02-28T10:52:39","guid":{"rendered":"https:\/\/hotel-engelberg.de\/?page_id=2502"},"modified":"2022-05-27T09:27:01","modified_gmt":"2022-05-27T07:27:01","slug":"conditions","status":"publish","type":"page","link":"https:\/\/www.hotel-engelberg.de\/en\/conditions\/","title":{"rendered":"Conditions"},"content":{"rendered":"<div class=\"wpb-content-wrapper\"><p>[vc_row full_width=&#8221;stretch_row_content_no_spaces&#8221; bg_type=&#8221;image&#8221; parallax_style=&#8221;vcpb-default&#8221; bg_image_new=&#8221;id^2296|url^https:\/\/hotel-engelberg.de\/wp-content\/uploads\/2021\/02\/hotel-engelberg-wangen-kontakt.jpg|caption^null|alt^null|title^hotel-engelberg-wangen-kontakt|description^null&#8221; bg_image_repeat=&#8221;no-repeat&#8221;][vc_column]<div class=\"ult-spacer spacer-69f1be42e3bda\" data-id=\"69f1be42e3bda\" data-height=\"640\" data-height-mobile=\"300\" data-height-tab=\"420\" data-height-tab-portrait=\"420\" data-height-mobile-landscape=\"300\" style=\"clear:both;display:block;\"><\/div>[\/vc_column][\/vc_row][vc_row full_width=&#8221;stretch_row&#8221; content_placement=&#8221;middle&#8221; bg_type=&#8221;bg_color&#8221; bg_override=&#8221;full&#8221; bg_color_value=&#8221;#3f3c3e&#8221;][vc_column]<div class=\"ult-spacer spacer-69f1be42e3c0c\" data-id=\"69f1be42e3c0c\" data-height=\"40\" data-height-mobile=\"40\" data-height-tab=\"40\" data-height-tab-portrait=\"\" data-height-mobile-landscape=\"\" style=\"clear:both;display:block;\"><\/div>[vc_custom_heading text=&#8221;Allgemeine Gesch\u00e4ftsbedingungen&#8221; font_container=&#8221;tag:h1|text_align:center|color:%23ffffff&#8221; use_theme_fonts=&#8221;yes&#8221; css_animation=&#8221;fadeInUp&#8221;]<div class=\"ult-spacer spacer-69f1be42e3c30\" data-id=\"69f1be42e3c30\" data-height=\"40\" data-height-mobile=\"40\" data-height-tab=\"40\" data-height-tab-portrait=\"\" data-height-mobile-landscape=\"\" style=\"clear:both;display:block;\"><\/div>[\/vc_column][\/vc_row][vc_row full_width=&#8221;stretch_row&#8221; gap=&#8221;35&#8243; content_placement=&#8221;middle&#8221; seperator_enable=&#8221;seperator_enable_value&#8221; seperator_type=&#8221;triangle_svg_seperator&#8221; seperator_svg_height=&#8221;24&#8243; seperator_shape_background=&#8221;#de3327&#8243; css=&#8221;.vc_custom_1613647304182{background-position: center !important;background-repeat: no-repeat !important;background-size: cover !important;}&#8221;][vc_column el_class=&#8221;container&#8221;]<div class=\"ult-spacer spacer-69f1be42e3c4f\" data-id=\"69f1be42e3c4f\" data-height=\"20\" data-height-mobile=\"20\" data-height-tab=\"20\" data-height-tab-portrait=\"\" data-height-mobile-landscape=\"\" style=\"clear:both;display:block;\"><\/div>[vc_row_inner gap=&#8221;30&#8243;][vc_column_inner width=&#8221;1\/2&#8243;][vc_column_text css_animation=&#8221;fadeInUp&#8221;]<\/p>\n<div class=\"colright\">\n<p><b>1. Geltungsbereich\u00a0<\/b><\/p>\n<p>Diese AGB gelten f\u00fcr alle Gastaufnahmevertr\u00e4ge, die zwischen dem Hotel Garni Engelberg abgeschlossen werden sowie f\u00fcr alle erbrachten weiteren Leistungen und Lieferungen. Das\u00a0Hotel Garni Engelberg wird rechtlich von Ludwig Funk-Fritsch repr\u00e4sentiert, der nachfolgend als &#8220;Betreiber&#8221; bezeichnet wird<\/p>\n<p><b>2. Reservierungen\/ Weiterverkauf\u00a0<\/b><\/p>\n<p>Durch die Annahme einer vom Gast vorgenommenen Reservierung ist ein Beherbergungsvertrag zustande gekommen. Diese Vereinbarung, in Form einer Reservierung von bestellten Zimmern, ist f\u00fcr beide Vertragspartner bindend. Die Reservierung f\u00fcr bestellte, aber noch nicht bezahlte Zimmer gilt jeweils bis 18.00 Uhr des Anreisetages. Es besteht kein Anspruch auf Inanspruchnahme der \u00dcbernachtungsdienstleistung in einem bestimmten Zimmer. Die Betreiber beh\u00e4lt sich das Recht vor, nach Ablauf der Reservierung, die reservierten Zimmer anderweitig zu vermieten. Der Gast erh\u00e4lt durch die Betreiber eine verbindliche Buchungs- bzw. Reservierungsnummer, auf ausdr\u00fccklichen Wunsch auch eine schriftliche Reservierungsbest\u00e4tigung.Der Weiterverkauf\/-vermietung und\/ oder die Weitervermittlung von gebuchten Zimmern ist untersagt. Insbesondere ist die Weitervermittlung von Zimmern und\/oder Zimmerkontingenten an Dritte zu h\u00f6heren Preisen als den tats\u00e4chlichen Zimmerpreisen unzul\u00e4ssig. Auch die Abtretung oder der Verkauf des Anspruchs gegen die Betreiber ist nicht zul\u00e4ssig. Die Betreiber sind in diesen F\u00e4llen berechtigt, die Buchung zu stornieren, insbesondere wenn der Gast bei der Abtretung\/ dem Verkauf gegen\u00fcber dem Dritten unwahre Angaben \u00fcber die Art der Buchung oder die Bezahlung gemacht hat. Eine Nutzung des Hotelzimmers zu einem anderen als dem Beherbergungszweck ist ausdr\u00fccklich untersagt.<\/p>\n<p><b>3. Garantierte Reservierungen, Stornofristen<\/b><b>\u00a0<\/b><\/p>\n<p>Eine garantierte Reservierung liegt dann vor, wenn der Gast die \u00dcbernachtungsdienstleistung mittels Kreditkartenummer best\u00e4tigt und die bestellten Zimmer nicht sp\u00e4testens 3 Tage vor Anreise kostenfrei storniert. Bei sp\u00e4teren Stornos berechnen wir eine 80% Stornogeb\u00fchr des gebuchten Aufenthalts. Bei Nichterscheinen des Gastes (No Show) wird der volle Betrag des gebuchten Aufenthaltes abz\u00fcglich etwa ersparter Aufwendungen berechnet. F\u00fcr Buchungen im Rahmen eines Kontingentvertrages oder f\u00fcr eine Reservierung von mehr als f\u00fcnf Zimmern pro Nacht, gelten die in diesen Vertr\u00e4gen vereinbarten Stornofristen und sonstigen Vereinbarungen.<\/p>\n<p><b>4. Vorauszahlung des \u00dcbernachtungspreises\u00a0<\/b><\/p>\n<p>Der Preis der gesamten gebuchten \u00dcbernachtungsdienstleistung ist durch den Gast immer, sp\u00e4testens bei Anreise im Hotel, im Voraus zu bezahlen.<\/p>\n<p><b><br \/>\n5. Steuern\/ Geb\u00fchren\/ Abgaben\u00a0 <\/b><\/p>\n<p>Die geltenden Preise sind Bruttogesamtpreise und beinhalten alle gesetzlichen Steuern, Geb\u00fchren und Abgaben. F\u00fcr den Fall der \u00c4nderung von Steuer-, Geb\u00fchren-, und Abgabens\u00e4tzen sowie der wirksamen Erhebung neuer, den Parteien bisher unbekannter Steuern, Geb\u00fchren und Abgaben beh\u00e4lt sich die Betreiber vor, die Preise entsprechend anzupassen.<\/p>\n<p><b>6. Zahlungsmittel\/ Dienstleistungen auf sp\u00e4ter zu bezahlende Rechnungen\u00a0<\/b><\/p>\n<p>G\u00fcltige Zahlungsmittel sind Bargeld in Euro, EC Karte, Master Card, Visa Card, in Euro. Die Abgabe von Dienstleistungen auf sp\u00e4ter zu bezahlende Rechnung ist nicht m\u00f6glich.<\/p>\n<p><b><br \/>\n7. Nutzungsm\u00f6glichkeiten reservierter Zimmer\u00a0 <\/b><\/p>\n<p>Reservierte Zimmer stehen dem Gast ab 15.00 Uhr des Anreisetages, sowie bis 10.00 Uhr am AbreisetagVerf\u00fcgung.<\/p>\n<p><b>8. Haftung der Betreiber<\/b><\/p>\n<p>Die Betreiber haften f\u00fcr von ihm zu vertretende Sch\u00e4den aus der Verletzung des Lebens, des K\u00f6rpers oder der Gesundheit. Weiterhin haften die Betreiber f\u00fcr sonstige Sch\u00e4den, die auf einer vors\u00e4tzlichen oder grob fahrl\u00e4ssigen Pflichtverletzung von den Betreibern beruhen sowie f\u00fcr Sch\u00e4den, die auf einer vors\u00e4tzlichen oder fahrl\u00e4ssigen Verletzung von vertragstypischen Pflichten beruhen. Einer Pflichtverletzung von den Betreibern steht die seiner gesetzlichen Vertreter, Angestellten oder Erf\u00fcllungsgehilfen gleich. Weitergehende Schadensersatzanspr\u00fcche sind, soweit in diesen AGB nicht anderweitig geregelt, ausgeschlossen.Sollten St\u00f6rungen oder M\u00e4ngel an den Leistungen von den Betreibern auftreten, werden die Betreiber bei Kenntnis oder auf unverz\u00fcgliche R\u00fcge der G\u00e4ste bem\u00fcht sein, f\u00fcr Abhilfe zu sorgen. Der Gast ist verpflichtet, das ihm Zumutbare beizutragen, um die St\u00f6rung zu beheben und einen m\u00f6glichen Schaden gering zu halten. Im \u00dcbrigen ist der Gast verpflichtet, die Betreiber rechtzeitig auf die M\u00f6glichkeit der Entstehung eines au\u00dfergew\u00f6hnlich hohen Schadens hinzuweisen.F\u00fcr eingebrachte Sachen haften die Betreiber nach den gesetzlichen Bestimmungen (vgl. \u00a7\u00a7 701 ff. BGB). Wobei die Haftung bis zum hundertfachen des Zimmerpreises (von EUR 600 bis h\u00f6chstens EUR 3.500) und f\u00fcr Geld, Wertpapiergegenst\u00e4nde und Kostbarkeiten bis zu EUR 800, begrenzt ist. Der Anspruch erlischt, wenn der Gast nicht unverz\u00fcglich nach Erlangen der Kenntnis von Verlust, Zerst\u00f6rung oder Besch\u00e4digung der eingebrachten Sache der Betreiber Anzeige macht (\u00a7 703 BGB). F\u00fcr die unbeschr\u00e4nkte Haftung gelten die gesetzlichen Bestimmungen.Wird dem Gast ein Stellplatz in der Hotelgarage auch gegen Entgelt zur Verf\u00fcgung gestellt, kommt dadurch kein Verwahrungsvertrag zustande. Eine \u00dcberwachungspflicht seitens der Betreiber besteht nicht. Der Betreiber haftet f\u00fcr alle Sch\u00e4den im Rahmen der in Absatz 1 genannten Regelungen. Der Gast ist verpflichtet, einen Schaden unverz\u00fcglich, offensichtliche Sch\u00e4den, jedenfalls vor Verlassen der Parkeinrichtung anzuzeigen. Der Betreiber haftet nicht f\u00fcr Sch\u00e4den, die allein durch andere Mieter oder sonstige dritte Personen zu verantworten sind.<\/p>\n<\/div>\n<p>[\/vc_column_text][\/vc_column_inner][vc_column_inner width=&#8221;1\/2&#8243;][vc_column_text css_animation=&#8221;fadeInUp&#8221;]<\/p>\n<div class=\"colright\">\n<p><b>9. Gutscheine\u00a0<\/b><\/p>\n<p>Der Gutschein kann lediglich f\u00fcr hoteleigene Leistungen in dem auf dem Gutschein vermerkten Hotel eingel\u00f6st werden. Verbleiben bei Zahlungen mit dem Gutschein Restguthaben, bleiben diese bestehen und k\u00f6nnen f\u00fcr weitere Zahlungen in dem jeweiligen Hotel genutzt werden. Die G\u00fcltigkeitsdauer des Gutscheins betr\u00e4gt 3 Jahre ab Ausstellungsdatum. Gutscheine k\u00f6nnen nicht zur\u00fcckgegeben werden, sie sind nicht wiederverk\u00e4uflich oder \u00fcbertragbar und sind nicht gegen Bargeld einl\u00f6sbar. Die Gutscheine k\u00f6nnen nicht im Rahmen von Online Bezahlungen verwendet werden. Der Besteller des Gutscheins ist f\u00fcr die Angabe der korrekten Daten (insbesondere E-Mail-Adresse) verantwortlich, an welche der Gutschein und die Rechnung versendet werden soll.<\/p>\n<p><b>9.1. Widerrufsbelehrung:\u00a0<\/b><\/p>\n<p>\u00c4nderungen\u00a0zu Gutscheinen k\u00f6nnen innerhalb von 14 Tagen ohne Angaben von Gr\u00fcnden in beliebiger Form (Brief, Fax, E-Mail) oder, wenn der Gutschein vor Fristablauf \u00fcberlassen wird, auch durch R\u00fccksendung des Gutscheins widerrufen werden. Die Frist beginnt nach Erhalt dieser Belehrung in Textform, jedoch nicht vor Erhalt des Gutscheins beim Empf\u00e4nger. Zur Wahrung der Wiederrufsfrist gen\u00fcgt die rechtzeitige Absendung des Widerrufs oder des GutDer Widerruf ist zu richten an die Betreiber wie im Impressum gelistet<\/p>\n<p><b>10. Mitgebrachte Speisen und Getr\u00e4nke\u00a0<\/b><\/p>\n<p>Das Fr\u00fchst\u00fcck kann nur in den daf\u00fcr vorgesehenen R\u00e4umlichkeiten des \u00f6ffentlichen Bereiches (Bar, Lounge) eingenommen werden. Die Mitnahme von angebotenen Fr\u00fchst\u00fccksbestandteilen ist nicht m\u00f6glich. Auf den Zimmern ist die Zubereitung von Speisen untersagt.<br \/>\nDas Hotel Engelberg ist ein Nichtraucherhotel. Es ist daher untersagt, sowohl in den \u00f6ffentlichen Bereichen, als auch in den G\u00e4stezimmern zu rauchen. Es stehen f\u00fcr Raucher au\u00dferhalb des Geb\u00e4udes zwei Raucherbereiche zur Verf\u00fcgung, die gerne genutzt werden k\u00f6nnen.<\/p>\n<p>Ebenso ist in den Zimmern z.B. der Betrieb von Kerzen wegen Feuergefahr nicht erlaubt.<\/p>\n<p>F\u00fcr den Fall einer Zuwiderhandlung hat der Betreiber das Recht, vom Gast als Schadensersatz f\u00fcr die gesondert aufzuwendenden Reinigungskosten einschlie\u00dflich eventueller Umsatzeinbu\u00dfen aus einer hieraus nicht m\u00f6glichen Vermietung des Zimmers einen Betrag in H\u00f6he von EUR 50,00 zu verlangen. Dieser Schadensersatzbetrag ist h\u00f6her oder niedriger anzusetzen, wenn das Hotel Engelberg einen h\u00f6heren oder der Gast einen geringeren Schaden nachweist.<\/p>\n<p><b>11. Haustiere\u00a0<\/b><\/p>\n<p>Das Mitbringen eines Haustieres bedarf der Zustimmung vom Hotel Engelberg. Der Gast ist dazu verpflichtet, den Wunsch, ein Haustier mitzubringen, vorab bekannt zu geben. Wenn das Hotel Engelberg dem Mitbringen des Haustieres zustimmt, so geschieht dies unter der Voraussetzung, dass das Haustier unter der st\u00e4ndigen Aufsicht des Gastes steht sowie frei von Krankheiten ist und auch sonst keine Gefahr f\u00fcr die Hotelg\u00e4ste und das Hotelpersonal darstellt. Das Mitf\u00fchren des Tieres beim Fr\u00fchst\u00fcck sowie an der Bar vom Hotel Engelberg ist nicht gestattet. F\u00fcr das Haustier f\u00e4llt eine Geb\u00fchr von EUR 10,00 pro Nacht an. Ausnahme sind jedoch Blinden-, Geh\u00f6rlosen- sowie andere vergleichbare Servicehunde. Diese d\u00fcrfen kostenlos und zu jeder Zeit mitgef\u00fchrt werden.<\/p>\n<p><b>12. Gruppenbuchungen\u00a0<\/b><\/p>\n<p>F\u00fcr Buchungen ab 5 Zimmern k\u00f6nnen nur garantierte Reservierungen bei entsprechender Vorauszahlung erfolgen. Zus\u00e4tzlich gelten hier die gesonderten Vertragsbestimmungen des Hotels.<\/p>\n<p><b>13. Schlussbestimmungen\u00a0<\/b><\/p>\n<p>\u00c4nderungen und Erg\u00e4nzungen des Vertrages oder der Allgemeinen Gesch\u00e4ftsbedingungen sollen in Textform erfolgen. Einseitige \u00c4nderungen oder Erg\u00e4nzungen durch den Gast sind unwirksam. Gerichtsstand f\u00fcr s\u00e4mtliche sich zwischen den Parteien aus dem Vertragsverh\u00e4ltnis ergebenden Streitigkeiten ist, soweit der Vertragspartner der Betreiber eine juristische Person des \u00f6ffentlichen Rechts oder \u00f6ffentlich rechtliches Sonderverm\u00f6gen ist, Deutschland.<\/p>\n<\/div>\n<p>[\/vc_column_text][\/vc_column_inner][\/vc_row_inner]<div class=\"ult-spacer spacer-69f1be42e3c68\" data-id=\"69f1be42e3c68\" data-height=\"40\" data-height-mobile=\"40\" data-height-tab=\"40\" data-height-tab-portrait=\"\" data-height-mobile-landscape=\"\" style=\"clear:both;display:block;\"><\/div>[\/vc_column][\/vc_row]<\/p>\n<\/div>","protected":false},"excerpt":{"rendered":"<p>[vc_row full_width=&#8221;stretch_row_content_no_spaces&#8221; bg_type=&#8221;image&#8221; parallax_style=&#8221;vcpb-default&#8221; bg_image_new=&#8221;id^2296|url^https:\/\/hotel-engelberg.de\/wp-content\/uploads\/2021\/02\/hotel-engelberg-wangen-kontakt.jpg|caption^null|alt^null|title^hotel-engelberg-wangen-kontakt|description^null&#8221; bg_image_repeat=&#8221;no-repeat&#8221;][vc_column][\/vc_column][\/vc_row][vc_row full_width=&#8221;stretch_row&#8221; content_placement=&#8221;middle&#8221; bg_type=&#8221;bg_color&#8221; bg_override=&#8221;full&#8221; bg_color_value=&#8221;#3f3c3e&#8221;][vc_column][vc_custom_heading text=&#8221;Allgemeine Gesch\u00e4ftsbedingungen&#8221; font_container=&#8221;tag:h1|text_align:center|color:%23ffffff&#8221; use_theme_fonts=&#8221;yes&#8221; css_animation=&#8221;fadeInUp&#8221;][\/vc_column][\/vc_row][vc_row full_width=&#8221;stretch_row&#8221; gap=&#8221;35&#8243; content_placement=&#8221;middle&#8221; seperator_enable=&#8221;seperator_enable_value&#8221; seperator_type=&#8221;triangle_svg_seperator&#8221; seperator_svg_height=&#8221;24&#8243; seperator_shape_background=&#8221;#de3327&#8243; css=&#8221;.vc_custom_1613647304182{background-position: center !important;background-repeat: no-repeat !important;background-size: cover !important;}&#8221;][vc_column el_class=&#8221;container&#8221;][vc_row_inner gap=&#8221;30&#8243;][vc_column_inner width=&#8221;1\/2&#8243;][vc_column_text css_animation=&#8221;fadeInUp&#8221;] 1. Geltungsbereich\u00a0 Diese AGB gelten f\u00fcr alle Gastaufnahmevertr\u00e4ge, die zwischen dem Hotel Garni Engelberg abgeschlossen werden sowie f\u00fcr alle erbrachten weiteren [&hellip;]<\/p>\n","protected":false},"author":1,"featured_media":0,"parent":0,"menu_order":18,"comment_status":"closed","ping_status":"closed","template":"","meta":{"inline_featured_image":false,"footnotes":""},"class_list":["post-2502","page","type-page","status-publish","hentry"],"yoast_head":"<!-- This site is optimized with the Yoast SEO plugin v27.4 - https:\/\/yoast.com\/product\/yoast-seo-wordpress\/ -->\n<title>Conditions | Hotel Engelberg<\/title>\n<meta name=\"robots\" content=\"index, follow, max-snippet:-1, max-image-preview:large, max-video-preview:-1\" \/>\n<link rel=\"canonical\" href=\"https:\/\/www.hotel-engelberg.de\/en\/conditions\/\" \/>\n<meta property=\"og:locale\" content=\"en_US\" \/>\n<meta property=\"og:type\" content=\"article\" \/>\n<meta property=\"og:title\" content=\"Conditions | Hotel Engelberg\" \/>\n<meta property=\"og:description\" content=\"[vc_row full_width=&#8221;stretch_row_content_no_spaces&#8221; bg_type=&#8221;image&#8221; parallax_style=&#8221;vcpb-default&#8221; bg_image_new=&#8221;id^2296|url^https:\/\/hotel-engelberg.de\/wp-content\/uploads\/2021\/02\/hotel-engelberg-wangen-kontakt.jpg|caption^null|alt^null|title^hotel-engelberg-wangen-kontakt|description^null&#8221; bg_image_repeat=&#8221;no-repeat&#8221;][vc_column][\/vc_column][\/vc_row][vc_row full_width=&#8221;stretch_row&#8221; content_placement=&#8221;middle&#8221; bg_type=&#8221;bg_color&#8221; bg_override=&#8221;full&#8221; bg_color_value=&#8221;#3f3c3e&#8221;][vc_column][vc_custom_heading text=&#8221;Allgemeine Gesch\u00e4ftsbedingungen&#8221; font_container=&#8221;tag:h1|text_align:center|color:%23ffffff&#8221; use_theme_fonts=&#8221;yes&#8221; css_animation=&#8221;fadeInUp&#8221;][\/vc_column][\/vc_row][vc_row full_width=&#8221;stretch_row&#8221; gap=&#8221;35&#8243; content_placement=&#8221;middle&#8221; seperator_enable=&#8221;seperator_enable_value&#8221; seperator_type=&#8221;triangle_svg_seperator&#8221; seperator_svg_height=&#8221;24&#8243; seperator_shape_background=&#8221;#de3327&#8243; css=&#8221;.vc_custom_1613647304182{background-position: center !important;background-repeat: no-repeat !important;background-size: cover !important;}&#8221;][vc_column el_class=&#8221;container&#8221;][vc_row_inner gap=&#8221;30&#8243;][vc_column_inner width=&#8221;1\/2&#8243;][vc_column_text css_animation=&#8221;fadeInUp&#8221;] 1. Geltungsbereich\u00a0 Diese AGB gelten f\u00fcr alle Gastaufnahmevertr\u00e4ge, die zwischen dem Hotel Garni Engelberg abgeschlossen werden sowie f\u00fcr alle erbrachten weiteren [&hellip;]\" \/>\n<meta property=\"og:url\" content=\"https:\/\/www.hotel-engelberg.de\/en\/conditions\/\" \/>\n<meta property=\"og:site_name\" content=\"Hotel Engelberg\" \/>\n<meta property=\"article:modified_time\" content=\"2022-05-27T07:27:01+00:00\" \/>\n<meta name=\"twitter:card\" content=\"summary_large_image\" \/>\n<meta name=\"twitter:label1\" content=\"Est. reading time\" \/>\n\t<meta name=\"twitter:data1\" content=\"6 minutes\" \/>\n<script type=\"application\/ld+json\" class=\"yoast-schema-graph\">{\"@context\":\"https:\\\/\\\/schema.org\",\"@graph\":[{\"@type\":\"WebPage\",\"@id\":\"https:\\\/\\\/www.hotel-engelberg.de\\\/en\\\/conditions\\\/\",\"url\":\"https:\\\/\\\/www.hotel-engelberg.de\\\/en\\\/conditions\\\/\",\"name\":\"Conditions | Hotel Engelberg\",\"isPartOf\":{\"@id\":\"https:\\\/\\\/www.hotel-engelberg.de\\\/en\\\/#website\"},\"datePublished\":\"2021-02-28T10:52:39+00:00\",\"dateModified\":\"2022-05-27T07:27:01+00:00\",\"breadcrumb\":{\"@id\":\"https:\\\/\\\/www.hotel-engelberg.de\\\/en\\\/conditions\\\/#breadcrumb\"},\"inLanguage\":\"en-US\",\"potentialAction\":[{\"@type\":\"ReadAction\",\"target\":[\"https:\\\/\\\/www.hotel-engelberg.de\\\/en\\\/conditions\\\/\"]}]},{\"@type\":\"BreadcrumbList\",\"@id\":\"https:\\\/\\\/www.hotel-engelberg.de\\\/en\\\/conditions\\\/#breadcrumb\",\"itemListElement\":[{\"@type\":\"ListItem\",\"position\":1,\"name\":\"Startseite\",\"item\":\"https:\\\/\\\/www.hotel-engelberg.de\\\/en\\\/\"},{\"@type\":\"ListItem\",\"position\":2,\"name\":\"Conditions\"}]},{\"@type\":\"WebSite\",\"@id\":\"https:\\\/\\\/www.hotel-engelberg.de\\\/en\\\/#website\",\"url\":\"https:\\\/\\\/www.hotel-engelberg.de\\\/en\\\/\",\"name\":\"Poschenrieder\",\"description\":\"\",\"potentialAction\":[{\"@type\":\"SearchAction\",\"target\":{\"@type\":\"EntryPoint\",\"urlTemplate\":\"https:\\\/\\\/www.hotel-engelberg.de\\\/en\\\/?s={search_term_string}\"},\"query-input\":{\"@type\":\"PropertyValueSpecification\",\"valueRequired\":true,\"valueName\":\"search_term_string\"}}],\"inLanguage\":\"en-US\"}]}<\/script>\n<!-- \/ Yoast SEO plugin. -->","yoast_head_json":{"title":"Conditions | Hotel Engelberg","robots":{"index":"index","follow":"follow","max-snippet":"max-snippet:-1","max-image-preview":"max-image-preview:large","max-video-preview":"max-video-preview:-1"},"canonical":"https:\/\/www.hotel-engelberg.de\/en\/conditions\/","og_locale":"en_US","og_type":"article","og_title":"Conditions | Hotel Engelberg","og_description":"[vc_row full_width=&#8221;stretch_row_content_no_spaces&#8221; bg_type=&#8221;image&#8221; parallax_style=&#8221;vcpb-default&#8221; bg_image_new=&#8221;id^2296|url^https:\/\/hotel-engelberg.de\/wp-content\/uploads\/2021\/02\/hotel-engelberg-wangen-kontakt.jpg|caption^null|alt^null|title^hotel-engelberg-wangen-kontakt|description^null&#8221; bg_image_repeat=&#8221;no-repeat&#8221;][vc_column][\/vc_column][\/vc_row][vc_row full_width=&#8221;stretch_row&#8221; content_placement=&#8221;middle&#8221; bg_type=&#8221;bg_color&#8221; bg_override=&#8221;full&#8221; bg_color_value=&#8221;#3f3c3e&#8221;][vc_column][vc_custom_heading text=&#8221;Allgemeine Gesch\u00e4ftsbedingungen&#8221; font_container=&#8221;tag:h1|text_align:center|color:%23ffffff&#8221; use_theme_fonts=&#8221;yes&#8221; css_animation=&#8221;fadeInUp&#8221;][\/vc_column][\/vc_row][vc_row full_width=&#8221;stretch_row&#8221; gap=&#8221;35&#8243; content_placement=&#8221;middle&#8221; seperator_enable=&#8221;seperator_enable_value&#8221; seperator_type=&#8221;triangle_svg_seperator&#8221; seperator_svg_height=&#8221;24&#8243; seperator_shape_background=&#8221;#de3327&#8243; css=&#8221;.vc_custom_1613647304182{background-position: center !important;background-repeat: no-repeat !important;background-size: cover !important;}&#8221;][vc_column el_class=&#8221;container&#8221;][vc_row_inner gap=&#8221;30&#8243;][vc_column_inner width=&#8221;1\/2&#8243;][vc_column_text css_animation=&#8221;fadeInUp&#8221;] 1. Geltungsbereich\u00a0 Diese AGB gelten f\u00fcr alle Gastaufnahmevertr\u00e4ge, die zwischen dem Hotel Garni Engelberg abgeschlossen werden sowie f\u00fcr alle erbrachten weiteren [&hellip;]","og_url":"https:\/\/www.hotel-engelberg.de\/en\/conditions\/","og_site_name":"Hotel Engelberg","article_modified_time":"2022-05-27T07:27:01+00:00","twitter_card":"summary_large_image","twitter_misc":{"Est. reading time":"6 minutes"},"schema":{"@context":"https:\/\/schema.org","@graph":[{"@type":"WebPage","@id":"https:\/\/www.hotel-engelberg.de\/en\/conditions\/","url":"https:\/\/www.hotel-engelberg.de\/en\/conditions\/","name":"Conditions | Hotel Engelberg","isPartOf":{"@id":"https:\/\/www.hotel-engelberg.de\/en\/#website"},"datePublished":"2021-02-28T10:52:39+00:00","dateModified":"2022-05-27T07:27:01+00:00","breadcrumb":{"@id":"https:\/\/www.hotel-engelberg.de\/en\/conditions\/#breadcrumb"},"inLanguage":"en-US","potentialAction":[{"@type":"ReadAction","target":["https:\/\/www.hotel-engelberg.de\/en\/conditions\/"]}]},{"@type":"BreadcrumbList","@id":"https:\/\/www.hotel-engelberg.de\/en\/conditions\/#breadcrumb","itemListElement":[{"@type":"ListItem","position":1,"name":"Startseite","item":"https:\/\/www.hotel-engelberg.de\/en\/"},{"@type":"ListItem","position":2,"name":"Conditions"}]},{"@type":"WebSite","@id":"https:\/\/www.hotel-engelberg.de\/en\/#website","url":"https:\/\/www.hotel-engelberg.de\/en\/","name":"Poschenrieder","description":"","potentialAction":[{"@type":"SearchAction","target":{"@type":"EntryPoint","urlTemplate":"https:\/\/www.hotel-engelberg.de\/en\/?s={search_term_string}"},"query-input":{"@type":"PropertyValueSpecification","valueRequired":true,"valueName":"search_term_string"}}],"inLanguage":"en-US"}]}},"_links":{"self":[{"href":"https:\/\/www.hotel-engelberg.de\/en\/wp-json\/wp\/v2\/pages\/2502","targetHints":{"allow":["GET"]}}],"collection":[{"href":"https:\/\/www.hotel-engelberg.de\/en\/wp-json\/wp\/v2\/pages"}],"about":[{"href":"https:\/\/www.hotel-engelberg.de\/en\/wp-json\/wp\/v2\/types\/page"}],"author":[{"embeddable":true,"href":"https:\/\/www.hotel-engelberg.de\/en\/wp-json\/wp\/v2\/users\/1"}],"replies":[{"embeddable":true,"href":"https:\/\/www.hotel-engelberg.de\/en\/wp-json\/wp\/v2\/comments?post=2502"}],"version-history":[{"count":4,"href":"https:\/\/www.hotel-engelberg.de\/en\/wp-json\/wp\/v2\/pages\/2502\/revisions"}],"predecessor-version":[{"id":2712,"href":"https:\/\/www.hotel-engelberg.de\/en\/wp-json\/wp\/v2\/pages\/2502\/revisions\/2712"}],"wp:attachment":[{"href":"https:\/\/www.hotel-engelberg.de\/en\/wp-json\/wp\/v2\/media?parent=2502"}],"curies":[{"name":"wp","href":"https:\/\/api.w.org\/{rel}","templated":true}]}}