{"id":2452,"date":"2021-02-28T10:25:44","date_gmt":"2021-02-28T09:25:44","guid":{"rendered":"https:\/\/hotel-engelberg.de\/?page_id=2452"},"modified":"2021-02-28T10:26:59","modified_gmt":"2021-02-28T09:26:59","slug":"hiking-nordic-walking","status":"publish","type":"page","link":"https:\/\/www.hotel-engelberg.de\/en\/region-sport\/hiking-nordic-walking\/","title":{"rendered":"Hiking, nordic walking"},"content":{"rendered":"<div class=\"wpb-content-wrapper\"><p>[vc_row full_width=&#8221;stretch_row_content_no_spaces&#8221; bg_type=&#8221;image&#8221; parallax_style=&#8221;vcpb-default&#8221; bg_image_new=&#8221;id^2217|url^https:\/\/hotel-engelberg.de\/wp-content\/uploads\/2021\/02\/impressionen-hotel-engelberg-wangen.jpg|caption^null|alt^null|title^impressionen-hotel-engelberg-wangen|description^null&#8221; bg_image_repeat=&#8221;no-repeat&#8221;][vc_column]<div class=\"ult-spacer spacer-6a03f15d2e5f6\" data-id=\"6a03f15d2e5f6\" data-height=\"640\" data-height-mobile=\"300\" data-height-tab=\"420\" data-height-tab-portrait=\"420\" data-height-mobile-landscape=\"300\" style=\"clear:both;display:block;\"><\/div>[\/vc_column][\/vc_row][vc_row full_width=&#8221;stretch_row&#8221; content_placement=&#8221;middle&#8221; bg_type=&#8221;bg_color&#8221; bg_override=&#8221;full&#8221; bg_color_value=&#8221;#3f3c3e&#8221;][vc_column]<div class=\"ult-spacer spacer-6a03f15d2e627\" data-id=\"6a03f15d2e627\" data-height=\"40\" data-height-mobile=\"40\" data-height-tab=\"40\" data-height-tab-portrait=\"\" data-height-mobile-landscape=\"\" style=\"clear:both;display:block;\"><\/div>[vc_custom_heading text=&#8221;Hiking in the Allg\u00e4u &#8211; experience the wonderful nature of the Alps!&#8221; font_container=&#8221;tag:h1|text_align:center|color:%23ffffff&#8221; use_theme_fonts=&#8221;yes&#8221; css_animation=&#8221;fadeInUp&#8221;]<div class=\"ult-spacer spacer-6a03f15d2e647\" data-id=\"6a03f15d2e647\" data-height=\"40\" data-height-mobile=\"40\" data-height-tab=\"40\" data-height-tab-portrait=\"\" data-height-mobile-landscape=\"\" style=\"clear:both;display:block;\"><\/div>[\/vc_column][\/vc_row][vc_row full_width=&#8221;stretch_row&#8221; gap=&#8221;35&#8243; content_placement=&#8221;middle&#8221; seperator_enable=&#8221;seperator_enable_value&#8221; seperator_type=&#8221;triangle_svg_seperator&#8221; seperator_svg_height=&#8221;24&#8243; seperator_shape_background=&#8221;#de3327&#8243; css=&#8221;.vc_custom_1613647304182{background-position: center !important;background-repeat: no-repeat !important;background-size: cover !important;}&#8221;][vc_column el_class=&#8221;container&#8221;]<div class=\"ult-spacer spacer-6a03f15d2e662\" data-id=\"6a03f15d2e662\" data-height=\"40\" data-height-mobile=\"40\" data-height-tab=\"40\" data-height-tab-portrait=\"\" data-height-mobile-landscape=\"\" style=\"clear:both;display:block;\"><\/div>[vc_row_inner gap=&#8221;35&#8243;][vc_column_inner width=&#8221;1\/3&#8243;][vc_column_text css_animation=&#8221;fadeInUp&#8221;]The Hotel Garni Engelberg in Wangen im Allg\u00e4u offers the ideal starting point for your hikes in the beautiful landscape of the Allg\u00e4u Alps. Enjoy extensive tours through the rustic Allg\u00e4u and its wonderful forests and sunny meadows and listen to the refreshing sounds of the Alps &#8211; you can hike in the Allg\u00e4u in the footsteps of untouched nature directly from the hotel!<\/p>\n<p><strong>Culture lovers hike on a historical path in the Allg\u00e4u!<\/strong><\/p>\n<p>Only 8 km away is the climatic health resort of Ki\u00dflegg in the middle of the W\u00fcrttemberg Allg\u00e4u, which is not only interesting for nature lovers. Even as a culture connoisseur, you can hike in the Allg\u00e4u on a path that will inspire you. The baroque church of St. Gallus and Ulrich with its generous barrel vault and the well-known Augsburg silver treasure attracts visitors, as does the New Palace with its famous Sibyl figures by Joseph Anton Feuchtmayer. Contemporary art exhibitions also find their fans in the \u201ccity of short distances\u201d!<\/p>\n<p>In the medieval gem of Wangen in the Allg\u00e4u, visitors go on a tour between historical buildings, artistic fountains, mysterious alleys and experience the pure hospitality of the Allg\u00e4u people.[\/vc_column_text][\/vc_column_inner][vc_column_inner width=&#8221;1\/3&#8243;][vc_column_text css_animation=&#8221;fadeInUp&#8221;]Because the people of Wangen are proud of their city and make it easy for guests of the Alps to feel safe even in the coldest winter. It is said: &#8220;In the cheek, ma hang!&#8221;. Just why? The Hotel Garni Engelberg shows you how you can enjoy nature, wellness and leisure to the full here in the Allg\u00e4u.<\/p>\n<p>Just a few minutes&#8217; drive away you can hike through fairytale towns in Allg\u00e4u such as Waldburg, Isny \u200b\u200bor Wolfegg. In Leutkirch, in the middle of the Allg\u00e4u holiday region and against the backdrop of the high Alps, you can explore many historical buildings in the magnificent old town. Above all the baroque town hall with the elegant stucco work by the master Johannes Sch\u00fctz. Zeil Castle invites you to take a stroll through the castle courtyard and the park &#8211; and offers a wonderful view of the Alpine chain. In the historic glassmaking village of Schmidsfelden, glassblower Stefan Michaelis shows old craftsmanship. The architecture of the old town looks particularly magical from a gondola of the numerous mountain railways in the snowy Allg\u00e4u winter.<\/p>\n<p><strong>Pure nature experience &#8211; hiking in the Allg\u00e4u!<\/strong><\/p>\n<p>Isny is a medieval oval with a city wall, defensive towers, churches and a castle. On the tour &#8220;Isny tells history&#8221; you will find out how friars, the nobility and the bourgeoisie, craftsmen and traders shaped the face of the former free imperial city.[\/vc_column_text][\/vc_column_inner][vc_column_inner width=&#8221;1\/3&#8243;][vc_column_text css_animation=&#8221;fadeInUp&#8221;]For nothing in the world you shouldn&#8217;t miss the eventful hikes in the nature reserves at the gates of the city and the instructive tours through the rare fauna and flora of moor areas. All information about this natural wonder in the middle of the Allg\u00e4u can be found on the website of our Hotel Garni Engelberg.<\/p>\n<p>At the foot of the forest castle, which can be seen from afar, lies the nationally recognized resort of the same name, which, with its mild, stimulating climate, is a popular excursion and recreational destination for hiking in the Allg\u00e4u in both summer and winter. After extensive renovation, the Waldburg, the region&#8217;s landmark, is one of the best preserved medieval castles in southern Germany. It houses an interesting museum and is the scene of a variety of cultural events. From here you have a unique view of the Alpine chain, Lake Constance, Upper Swabia and of course the Allg\u00e4u itself.<\/p>\n<p>All information about the most beautiful hikes, captivating mountain railways, breathtaking tours through nature and the most beautiful architectural masterpieces of the Alps, we at the Hotel Garni Engelberg provide for you with the utmost pleasure. So that hiking in the Allg\u00e4u becomes the greatest pleasure for you![\/vc_column_text][\/vc_column_inner][\/vc_row_inner]<div class=\"ult-spacer spacer-6a03f15d2e67a\" data-id=\"6a03f15d2e67a\" data-height=\"40\" data-height-mobile=\"40\" data-height-tab=\"40\" data-height-tab-portrait=\"\" data-height-mobile-landscape=\"\" style=\"clear:both;display:block;\"><\/div>[\/vc_column][\/vc_row]<\/p>\n<\/div>","protected":false},"excerpt":{"rendered":"<p>[vc_row full_width=&#8221;stretch_row_content_no_spaces&#8221; bg_type=&#8221;image&#8221; parallax_style=&#8221;vcpb-default&#8221; bg_image_new=&#8221;id^2217|url^https:\/\/hotel-engelberg.de\/wp-content\/uploads\/2021\/02\/impressionen-hotel-engelberg-wangen.jpg|caption^null|alt^null|title^impressionen-hotel-engelberg-wangen|description^null&#8221; bg_image_repeat=&#8221;no-repeat&#8221;][vc_column][\/vc_column][\/vc_row][vc_row full_width=&#8221;stretch_row&#8221; content_placement=&#8221;middle&#8221; bg_type=&#8221;bg_color&#8221; bg_override=&#8221;full&#8221; bg_color_value=&#8221;#3f3c3e&#8221;][vc_column][vc_custom_heading text=&#8221;Hiking in the Allg\u00e4u &#8211; experience the wonderful nature of the Alps!&#8221; font_container=&#8221;tag:h1|text_align:center|color:%23ffffff&#8221; use_theme_fonts=&#8221;yes&#8221; css_animation=&#8221;fadeInUp&#8221;][\/vc_column][\/vc_row][vc_row full_width=&#8221;stretch_row&#8221; gap=&#8221;35&#8243; content_placement=&#8221;middle&#8221; seperator_enable=&#8221;seperator_enable_value&#8221; seperator_type=&#8221;triangle_svg_seperator&#8221; seperator_svg_height=&#8221;24&#8243; seperator_shape_background=&#8221;#de3327&#8243; css=&#8221;.vc_custom_1613647304182{background-position: center !important;background-repeat: no-repeat !important;background-size: cover !important;}&#8221;][vc_column el_class=&#8221;container&#8221;][vc_row_inner gap=&#8221;35&#8243;][vc_column_inner width=&#8221;1\/3&#8243;][vc_column_text css_animation=&#8221;fadeInUp&#8221;]The Hotel Garni Engelberg in Wangen im Allg\u00e4u offers the ideal starting [&hellip;]<\/p>\n","protected":false},"author":1,"featured_media":2516,"parent":2447,"menu_order":4,"comment_status":"closed","ping_status":"closed","template":"","meta":{"inline_featured_image":false,"footnotes":""},"class_list":["post-2452","page","type-page","status-publish","has-post-thumbnail","hentry"],"yoast_head":"<!-- This site is optimized with the Yoast SEO plugin v27.4 - https:\/\/yoast.com\/product\/yoast-seo-wordpress\/ -->\n<title>Hiking, nordic walking | Hotel Engelberg<\/title>\n<meta name=\"robots\" content=\"index, follow, max-snippet:-1, max-image-preview:large, max-video-preview:-1\" \/>\n<link rel=\"canonical\" href=\"https:\/\/www.hotel-engelberg.de\/en\/region-sport\/hiking-nordic-walking\/\" \/>\n<meta property=\"og:locale\" content=\"en_US\" \/>\n<meta property=\"og:type\" content=\"article\" \/>\n<meta property=\"og:title\" content=\"Hiking, nordic walking | Hotel Engelberg\" \/>\n<meta property=\"og:description\" content=\"[vc_row full_width=&#8221;stretch_row_content_no_spaces&#8221; bg_type=&#8221;image&#8221; parallax_style=&#8221;vcpb-default&#8221; bg_image_new=&#8221;id^2217|url^https:\/\/hotel-engelberg.de\/wp-content\/uploads\/2021\/02\/impressionen-hotel-engelberg-wangen.jpg|caption^null|alt^null|title^impressionen-hotel-engelberg-wangen|description^null&#8221; bg_image_repeat=&#8221;no-repeat&#8221;][vc_column][\/vc_column][\/vc_row][vc_row full_width=&#8221;stretch_row&#8221; content_placement=&#8221;middle&#8221; bg_type=&#8221;bg_color&#8221; bg_override=&#8221;full&#8221; bg_color_value=&#8221;#3f3c3e&#8221;][vc_column][vc_custom_heading text=&#8221;Hiking in the Allg\u00e4u &#8211; experience the wonderful nature of the Alps!&#8221; font_container=&#8221;tag:h1|text_align:center|color:%23ffffff&#8221; use_theme_fonts=&#8221;yes&#8221; css_animation=&#8221;fadeInUp&#8221;][\/vc_column][\/vc_row][vc_row full_width=&#8221;stretch_row&#8221; gap=&#8221;35&#8243; content_placement=&#8221;middle&#8221; seperator_enable=&#8221;seperator_enable_value&#8221; seperator_type=&#8221;triangle_svg_seperator&#8221; seperator_svg_height=&#8221;24&#8243; seperator_shape_background=&#8221;#de3327&#8243; css=&#8221;.vc_custom_1613647304182{background-position: center !important;background-repeat: no-repeat !important;background-size: cover !important;}&#8221;][vc_column el_class=&#8221;container&#8221;][vc_row_inner gap=&#8221;35&#8243;][vc_column_inner width=&#8221;1\/3&#8243;][vc_column_text css_animation=&#8221;fadeInUp&#8221;]The Hotel Garni Engelberg in Wangen im Allg\u00e4u offers the ideal starting [&hellip;]\" \/>\n<meta property=\"og:url\" content=\"https:\/\/www.hotel-engelberg.de\/en\/region-sport\/hiking-nordic-walking\/\" \/>\n<meta property=\"og:site_name\" content=\"Hotel Engelberg\" \/>\n<meta property=\"article:modified_time\" content=\"2021-02-28T09:26:59+00:00\" \/>\n<meta property=\"og:image\" content=\"https:\/\/www.hotel-engelberg.de\/wp-content\/uploads\/2021\/03\/DSC_3256.jpg\" \/>\n\t<meta property=\"og:image:width\" content=\"1200\" \/>\n\t<meta property=\"og:image:height\" content=\"801\" \/>\n\t<meta property=\"og:image:type\" content=\"image\/jpeg\" \/>\n<meta name=\"twitter:card\" content=\"summary_large_image\" \/>\n<meta name=\"twitter:label1\" content=\"Est. reading time\" \/>\n\t<meta name=\"twitter:data1\" content=\"4 minutes\" \/>\n<script type=\"application\/ld+json\" class=\"yoast-schema-graph\">{\"@context\":\"https:\\\/\\\/schema.org\",\"@graph\":[{\"@type\":\"WebPage\",\"@id\":\"https:\\\/\\\/www.hotel-engelberg.de\\\/en\\\/region-sport\\\/hiking-nordic-walking\\\/\",\"url\":\"https:\\\/\\\/www.hotel-engelberg.de\\\/en\\\/region-sport\\\/hiking-nordic-walking\\\/\",\"name\":\"Hiking, nordic walking | Hotel Engelberg\",\"isPartOf\":{\"@id\":\"https:\\\/\\\/www.hotel-engelberg.de\\\/en\\\/#website\"},\"primaryImageOfPage\":{\"@id\":\"https:\\\/\\\/www.hotel-engelberg.de\\\/en\\\/region-sport\\\/hiking-nordic-walking\\\/#primaryimage\"},\"image\":{\"@id\":\"https:\\\/\\\/www.hotel-engelberg.de\\\/en\\\/region-sport\\\/hiking-nordic-walking\\\/#primaryimage\"},\"thumbnailUrl\":\"https:\\\/\\\/www.hotel-engelberg.de\\\/wp-content\\\/uploads\\\/2021\\\/03\\\/DSC_3256.jpg\",\"datePublished\":\"2021-02-28T09:25:44+00:00\",\"dateModified\":\"2021-02-28T09:26:59+00:00\",\"breadcrumb\":{\"@id\":\"https:\\\/\\\/www.hotel-engelberg.de\\\/en\\\/region-sport\\\/hiking-nordic-walking\\\/#breadcrumb\"},\"inLanguage\":\"en-US\",\"potentialAction\":[{\"@type\":\"ReadAction\",\"target\":[\"https:\\\/\\\/www.hotel-engelberg.de\\\/en\\\/region-sport\\\/hiking-nordic-walking\\\/\"]}]},{\"@type\":\"ImageObject\",\"inLanguage\":\"en-US\",\"@id\":\"https:\\\/\\\/www.hotel-engelberg.de\\\/en\\\/region-sport\\\/hiking-nordic-walking\\\/#primaryimage\",\"url\":\"https:\\\/\\\/www.hotel-engelberg.de\\\/wp-content\\\/uploads\\\/2021\\\/03\\\/DSC_3256.jpg\",\"contentUrl\":\"https:\\\/\\\/www.hotel-engelberg.de\\\/wp-content\\\/uploads\\\/2021\\\/03\\\/DSC_3256.jpg\",\"width\":1200,\"height\":801},{\"@type\":\"BreadcrumbList\",\"@id\":\"https:\\\/\\\/www.hotel-engelberg.de\\\/en\\\/region-sport\\\/hiking-nordic-walking\\\/#breadcrumb\",\"itemListElement\":[{\"@type\":\"ListItem\",\"position\":1,\"name\":\"Startseite\",\"item\":\"https:\\\/\\\/www.hotel-engelberg.de\\\/en\\\/\"},{\"@type\":\"ListItem\",\"position\":2,\"name\":\"Region &#038; sport\",\"item\":\"https:\\\/\\\/www.hotel-engelberg.de\\\/en\\\/region-sport\\\/\"},{\"@type\":\"ListItem\",\"position\":3,\"name\":\"Hiking, nordic walking\"}]},{\"@type\":\"WebSite\",\"@id\":\"https:\\\/\\\/www.hotel-engelberg.de\\\/en\\\/#website\",\"url\":\"https:\\\/\\\/www.hotel-engelberg.de\\\/en\\\/\",\"name\":\"Poschenrieder\",\"description\":\"\",\"potentialAction\":[{\"@type\":\"SearchAction\",\"target\":{\"@type\":\"EntryPoint\",\"urlTemplate\":\"https:\\\/\\\/www.hotel-engelberg.de\\\/en\\\/?s={search_term_string}\"},\"query-input\":{\"@type\":\"PropertyValueSpecification\",\"valueRequired\":true,\"valueName\":\"search_term_string\"}}],\"inLanguage\":\"en-US\"}]}<\/script>\n<!-- \/ Yoast SEO plugin. -->","yoast_head_json":{"title":"Hiking, nordic walking | Hotel Engelberg","robots":{"index":"index","follow":"follow","max-snippet":"max-snippet:-1","max-image-preview":"max-image-preview:large","max-video-preview":"max-video-preview:-1"},"canonical":"https:\/\/www.hotel-engelberg.de\/en\/region-sport\/hiking-nordic-walking\/","og_locale":"en_US","og_type":"article","og_title":"Hiking, nordic walking | Hotel Engelberg","og_description":"[vc_row full_width=&#8221;stretch_row_content_no_spaces&#8221; bg_type=&#8221;image&#8221; parallax_style=&#8221;vcpb-default&#8221; bg_image_new=&#8221;id^2217|url^https:\/\/hotel-engelberg.de\/wp-content\/uploads\/2021\/02\/impressionen-hotel-engelberg-wangen.jpg|caption^null|alt^null|title^impressionen-hotel-engelberg-wangen|description^null&#8221; bg_image_repeat=&#8221;no-repeat&#8221;][vc_column][\/vc_column][\/vc_row][vc_row full_width=&#8221;stretch_row&#8221; content_placement=&#8221;middle&#8221; bg_type=&#8221;bg_color&#8221; bg_override=&#8221;full&#8221; bg_color_value=&#8221;#3f3c3e&#8221;][vc_column][vc_custom_heading text=&#8221;Hiking in the Allg\u00e4u &#8211; experience the wonderful nature of the Alps!&#8221; font_container=&#8221;tag:h1|text_align:center|color:%23ffffff&#8221; use_theme_fonts=&#8221;yes&#8221; css_animation=&#8221;fadeInUp&#8221;][\/vc_column][\/vc_row][vc_row full_width=&#8221;stretch_row&#8221; gap=&#8221;35&#8243; content_placement=&#8221;middle&#8221; seperator_enable=&#8221;seperator_enable_value&#8221; seperator_type=&#8221;triangle_svg_seperator&#8221; seperator_svg_height=&#8221;24&#8243; seperator_shape_background=&#8221;#de3327&#8243; css=&#8221;.vc_custom_1613647304182{background-position: center !important;background-repeat: no-repeat !important;background-size: cover !important;}&#8221;][vc_column el_class=&#8221;container&#8221;][vc_row_inner gap=&#8221;35&#8243;][vc_column_inner width=&#8221;1\/3&#8243;][vc_column_text css_animation=&#8221;fadeInUp&#8221;]The Hotel Garni Engelberg in Wangen im Allg\u00e4u offers the ideal starting [&hellip;]","og_url":"https:\/\/www.hotel-engelberg.de\/en\/region-sport\/hiking-nordic-walking\/","og_site_name":"Hotel Engelberg","article_modified_time":"2021-02-28T09:26:59+00:00","og_image":[{"width":1200,"height":801,"url":"https:\/\/www.hotel-engelberg.de\/wp-content\/uploads\/2021\/03\/DSC_3256.jpg","type":"image\/jpeg"}],"twitter_card":"summary_large_image","twitter_misc":{"Est. reading time":"4 minutes"},"schema":{"@context":"https:\/\/schema.org","@graph":[{"@type":"WebPage","@id":"https:\/\/www.hotel-engelberg.de\/en\/region-sport\/hiking-nordic-walking\/","url":"https:\/\/www.hotel-engelberg.de\/en\/region-sport\/hiking-nordic-walking\/","name":"Hiking, nordic walking | Hotel Engelberg","isPartOf":{"@id":"https:\/\/www.hotel-engelberg.de\/en\/#website"},"primaryImageOfPage":{"@id":"https:\/\/www.hotel-engelberg.de\/en\/region-sport\/hiking-nordic-walking\/#primaryimage"},"image":{"@id":"https:\/\/www.hotel-engelberg.de\/en\/region-sport\/hiking-nordic-walking\/#primaryimage"},"thumbnailUrl":"https:\/\/www.hotel-engelberg.de\/wp-content\/uploads\/2021\/03\/DSC_3256.jpg","datePublished":"2021-02-28T09:25:44+00:00","dateModified":"2021-02-28T09:26:59+00:00","breadcrumb":{"@id":"https:\/\/www.hotel-engelberg.de\/en\/region-sport\/hiking-nordic-walking\/#breadcrumb"},"inLanguage":"en-US","potentialAction":[{"@type":"ReadAction","target":["https:\/\/www.hotel-engelberg.de\/en\/region-sport\/hiking-nordic-walking\/"]}]},{"@type":"ImageObject","inLanguage":"en-US","@id":"https:\/\/www.hotel-engelberg.de\/en\/region-sport\/hiking-nordic-walking\/#primaryimage","url":"https:\/\/www.hotel-engelberg.de\/wp-content\/uploads\/2021\/03\/DSC_3256.jpg","contentUrl":"https:\/\/www.hotel-engelberg.de\/wp-content\/uploads\/2021\/03\/DSC_3256.jpg","width":1200,"height":801},{"@type":"BreadcrumbList","@id":"https:\/\/www.hotel-engelberg.de\/en\/region-sport\/hiking-nordic-walking\/#breadcrumb","itemListElement":[{"@type":"ListItem","position":1,"name":"Startseite","item":"https:\/\/www.hotel-engelberg.de\/en\/"},{"@type":"ListItem","position":2,"name":"Region &#038; sport","item":"https:\/\/www.hotel-engelberg.de\/en\/region-sport\/"},{"@type":"ListItem","position":3,"name":"Hiking, nordic walking"}]},{"@type":"WebSite","@id":"https:\/\/www.hotel-engelberg.de\/en\/#website","url":"https:\/\/www.hotel-engelberg.de\/en\/","name":"Poschenrieder","description":"","potentialAction":[{"@type":"SearchAction","target":{"@type":"EntryPoint","urlTemplate":"https:\/\/www.hotel-engelberg.de\/en\/?s={search_term_string}"},"query-input":{"@type":"PropertyValueSpecification","valueRequired":true,"valueName":"search_term_string"}}],"inLanguage":"en-US"}]}},"_links":{"self":[{"href":"https:\/\/www.hotel-engelberg.de\/en\/wp-json\/wp\/v2\/pages\/2452","targetHints":{"allow":["GET"]}}],"collection":[{"href":"https:\/\/www.hotel-engelberg.de\/en\/wp-json\/wp\/v2\/pages"}],"about":[{"href":"https:\/\/www.hotel-engelberg.de\/en\/wp-json\/wp\/v2\/types\/page"}],"author":[{"embeddable":true,"href":"https:\/\/www.hotel-engelberg.de\/en\/wp-json\/wp\/v2\/users\/1"}],"replies":[{"embeddable":true,"href":"https:\/\/www.hotel-engelberg.de\/en\/wp-json\/wp\/v2\/comments?post=2452"}],"version-history":[{"count":3,"href":"https:\/\/www.hotel-engelberg.de\/en\/wp-json\/wp\/v2\/pages\/2452\/revisions"}],"predecessor-version":[{"id":2455,"href":"https:\/\/www.hotel-engelberg.de\/en\/wp-json\/wp\/v2\/pages\/2452\/revisions\/2455"}],"up":[{"embeddable":true,"href":"https:\/\/www.hotel-engelberg.de\/en\/wp-json\/wp\/v2\/pages\/2447"}],"wp:featuredmedia":[{"embeddable":true,"href":"https:\/\/www.hotel-engelberg.de\/en\/wp-json\/wp\/v2\/media\/2516"}],"wp:attachment":[{"href":"https:\/\/www.hotel-engelberg.de\/en\/wp-json\/wp\/v2\/media?parent=2452"}],"curies":[{"name":"wp","href":"https:\/\/api.w.org\/{rel}","templated":true}]}}