{"id":374,"date":"2020-12-10T22:12:48","date_gmt":"2020-12-10T21:12:48","guid":{"rendered":"https:\/\/hotel-engelberg.de\/?page_id=374"},"modified":"2021-04-06T17:01:51","modified_gmt":"2021-04-06T15:01:51","slug":"impressum","status":"publish","type":"page","link":"https:\/\/www.hotel-engelberg.de\/de\/impressum\/","title":{"rendered":"Impressum"},"content":{"rendered":"<div class=\"wpb-content-wrapper\"><p>[vc_row full_width=&#8220;stretch_row_content_no_spaces&#8220; bg_type=&#8220;image&#8220; parallax_style=&#8220;vcpb-default&#8220; bg_image_new=&#8220;id^2612|url^https:\/\/www.hotel-engelberg.de\/wp-content\/uploads\/2021\/04\/DSC_3506.jpg|caption^null|alt^null|title^DSC_3506|description^null&#8220; bg_image_repeat=&#8220;no-repeat&#8220;][vc_column]<div class=\"ult-spacer spacer-69f4739deaca1\" data-id=\"69f4739deaca1\" data-height=\"640\" data-height-mobile=\"300\" data-height-tab=\"420\" data-height-tab-portrait=\"420\" data-height-mobile-landscape=\"300\" style=\"clear:both;display:block;\"><\/div>[\/vc_column][\/vc_row][vc_row full_width=&#8220;stretch_row&#8220; content_placement=&#8220;middle&#8220; bg_type=&#8220;bg_color&#8220; bg_override=&#8220;full&#8220; bg_color_value=&#8220;#3f3c3e&#8220;][vc_column]<div class=\"ult-spacer spacer-69f4739deacd0\" data-id=\"69f4739deacd0\" data-height=\"40\" data-height-mobile=\"40\" data-height-tab=\"40\" data-height-tab-portrait=\"\" data-height-mobile-landscape=\"\" style=\"clear:both;display:block;\"><\/div>[vc_custom_heading text=&#8220;Impressum&#8220; font_container=&#8220;tag:h1|text_align:center|color:%23ffffff&#8220; use_theme_fonts=&#8220;yes&#8220; css_animation=&#8220;fadeInUp&#8220;]<div class=\"ult-spacer spacer-69f4739deacf0\" data-id=\"69f4739deacf0\" data-height=\"40\" data-height-mobile=\"40\" data-height-tab=\"40\" data-height-tab-portrait=\"\" data-height-mobile-landscape=\"\" style=\"clear:both;display:block;\"><\/div>[\/vc_column][\/vc_row][vc_row full_width=&#8220;stretch_row&#8220; gap=&#8220;35&#8243; content_placement=&#8220;middle&#8220; seperator_enable=&#8220;seperator_enable_value&#8220; seperator_type=&#8220;triangle_svg_seperator&#8220; seperator_svg_height=&#8220;24&#8243; seperator_shape_background=&#8220;#de3327&#8243; css=&#8220;.vc_custom_1613647304182{background-position: center !important;background-repeat: no-repeat !important;background-size: cover !important;}&#8220;][vc_column el_class=&#8220;container&#8220;]<div class=\"ult-spacer spacer-69f4739dead0a\" data-id=\"69f4739dead0a\" data-height=\"20\" data-height-mobile=\"20\" data-height-tab=\"20\" data-height-tab-portrait=\"\" data-height-mobile-landscape=\"\" style=\"clear:both;display:block;\"><\/div>[vc_row_inner gap=&#8220;30&#8243;][vc_column_inner][vc_column_text css_animation=&#8220;fadeInUp&#8220;]<\/p>\n<h2>Angaben gem\u00e4\u00df \u00a7 5 TMG<\/h2>\n<p>Ludwig Funk-Fritsch<br \/>\nHotel Garni Engelberg<br \/>\nLeutkircher Stra\u00dfe 47<br \/>\n88239 Wangen im Allg\u00e4u<\/p>\n<h2>Kontakt<\/h2>\n<p>Telefon: +49 7522 70797 0<br \/>\nTelefax: +49 7522 70797 10<br \/>\nE-Mail: info@hotel-engelberg.de<\/p>\n<h2>Umsatzsteuer-ID<\/h2>\n<p>Umsatzsteuer-Identifikationsnummer gem\u00e4\u00df \u00a7 27 a Umsatzsteuergesetz:<br \/>\nDE179572788<\/p>\n<h2>EU-Streitschlichtung<\/h2>\n<p>Die Europ\u00e4ische Kommission stellt eine Plattform zur Online-Streitbeilegung (OS) bereit: <a href=\"https:\/\/ec.europa.eu\/consumers\/odr\" target=\"_blank\" rel=\"noopener noreferrer\">https:\/\/ec.europa.eu\/consumers\/odr<\/a>.<br \/>\nUnsere E-Mail-Adresse finden Sie oben im Impressum.<\/p>\n<h2>Verbraucher\u00adstreit\u00adbeilegung\/Universal\u00adschlichtungs\u00adstelle<\/h2>\n<p>Wir sind nicht bereit oder verpflichtet, an Streitbeilegungsverfahren vor einer Verbraucherschlichtungsstelle teilzunehmen.[\/vc_column_text][vc_separator css_animation=&#8220;fadeInUp&#8220;][vc_column_text css_animation=&#8220;fadeInUp&#8220;]<\/p>\n<h2>Bilder<\/h2>\n<ul>\n<li>\u00a9 Hotel Garni Engelberg, wangen im Allg\u00e4u<\/li>\n<li>\u00a9 Istock.com: &lt;verschiedene Autoren&gt;<\/li>\n<li>\u00a9 Fotolia.com: &lt;verschiedene Autoren&gt;<\/li>\n<li>\u00a9 Henry Linder, Deutschland<\/li>\n<li>\u00a9 Mauro de Moliner, Friedrichshafen<\/li>\n<\/ul>\n<p>Das unerlaubte Kopieren von Bildern und Videos ist untersagt.[\/vc_column_text][vc_separator css_animation=&#8220;fadeInUp&#8220;][vc_column_text css_animation=&#8220;fadeInUp&#8220;]<\/p>\n<h2>Haftung f\u00fcr Inhalte<\/h2>\n<p>Als Diensteanbieter sind wir gem\u00e4\u00df \u00a7 7 Abs.1 TMG f\u00fcr eigene Inhalte auf diesen Seiten nach den allgemeinen Gesetzen verantwortlich. Nach \u00a7\u00a7 8 bis 10 TMG sind wir als Diensteanbieter jedoch nicht verpflichtet, \u00fcbermittelte oder gespeicherte fremde Informationen zu \u00fcberwachen oder nach Umst\u00e4nden zu forschen, die auf eine rechtswidrige T\u00e4tigkeit hinweisen.<\/p>\n<p>Verpflichtungen zur Entfernung oder Sperrung der Nutzung von Informationen nach den allgemeinen Gesetzen bleiben hiervon unber\u00fchrt. Eine diesbez\u00fcgliche Haftung ist jedoch erst ab dem Zeitpunkt der Kenntnis einer konkreten Rechtsverletzung m\u00f6glich. Bei Bekanntwerden von entsprechenden Rechtsverletzungen werden wir diese Inhalte umgehend entfernen.<\/p>\n<h2>Haftung f\u00fcr Links<\/h2>\n<p>Unser Angebot enth\u00e4lt Links zu externen Websites Dritter, auf deren Inhalte wir keinen Einfluss haben. Deshalb k\u00f6nnen wir f\u00fcr diese fremden Inhalte auch keine Gew\u00e4hr \u00fcbernehmen. F\u00fcr die Inhalte der verlinkten Seiten ist stets der jeweilige Anbieter oder Betreiber der Seiten verantwortlich. Die verlinkten Seiten wurden zum Zeitpunkt der Verlinkung auf m\u00f6gliche Rechtsverst\u00f6\u00dfe \u00fcberpr\u00fcft. Rechtswidrige Inhalte waren zum Zeitpunkt der Verlinkung nicht erkennbar.<\/p>\n<p>Eine permanente inhaltliche Kontrolle der verlinkten Seiten ist jedoch ohne konkrete Anhaltspunkte einer Rechtsverletzung nicht zumutbar. Bei Bekanntwerden von Rechtsverletzungen werden wir derartige Links umgehend entfernen.<\/p>\n<h2>Urheberrecht<\/h2>\n<p>Die durch die Seitenbetreiber erstellten Inhalte und Werke auf diesen Seiten unterliegen dem deutschen Urheberrecht. Die Vervielf\u00e4ltigung, Bearbeitung, Verbreitung und jede Art der Verwertung au\u00dferhalb der Grenzen des Urheberrechtes bed\u00fcrfen der schriftlichen Zustimmung des jeweiligen Autors bzw. Erstellers. Downloads und Kopien dieser Seite sind nur f\u00fcr den privaten, nicht kommerziellen Gebrauch gestattet.<\/p>\n<p>Soweit die Inhalte auf dieser Seite nicht vom Betreiber erstellt wurden, werden die Urheberrechte Dritter beachtet. Insbesondere werden Inhalte Dritter als solche gekennzeichnet. Sollten Sie trotzdem auf eine Urheberrechtsverletzung aufmerksam werden, bitten wir um einen entsprechenden Hinweis. Bei Bekanntwerden von Rechtsverletzungen werden wir derartige Inhalte umgehend entfernen.[\/vc_column_text][vc_separator css_animation=&#8220;fadeInUp&#8220;][vc_column_text css_animation=&#8220;fadeInUp&#8220;]<\/p>\n<h2>Programmierung<\/h2>\n<p><strong>helloblack GmbH<\/strong><br \/>\nDigitalagentur<br \/>\nBindstra\u00dfe 1<br \/>\n88239 Wangen im Allg\u00e4u<br \/>\n<a href=\"https:\/\/helloblack.digital\" target=\"_blank\" rel=\"noopener\">helloblack.digital<\/a>[\/vc_column_text][\/vc_column_inner][\/vc_row_inner]<div class=\"ult-spacer spacer-69f4739dead22\" data-id=\"69f4739dead22\" data-height=\"40\" data-height-mobile=\"40\" data-height-tab=\"40\" data-height-tab-portrait=\"\" data-height-mobile-landscape=\"\" style=\"clear:both;display:block;\"><\/div>[\/vc_column][\/vc_row]<\/p>\n<\/div>","protected":false},"excerpt":{"rendered":"<p>[vc_row full_width=&#8220;stretch_row_content_no_spaces&#8220; bg_type=&#8220;image&#8220; parallax_style=&#8220;vcpb-default&#8220; bg_image_new=&#8220;id^2612|url^https:\/\/www.hotel-engelberg.de\/wp-content\/uploads\/2021\/04\/DSC_3506.jpg|caption^null|alt^null|title^DSC_3506|description^null&#8220; bg_image_repeat=&#8220;no-repeat&#8220;][vc_column][\/vc_column][\/vc_row][vc_row full_width=&#8220;stretch_row&#8220; content_placement=&#8220;middle&#8220; bg_type=&#8220;bg_color&#8220; bg_override=&#8220;full&#8220; bg_color_value=&#8220;#3f3c3e&#8220;][vc_column][vc_custom_heading text=&#8220;Impressum&#8220; font_container=&#8220;tag:h1|text_align:center|color:%23ffffff&#8220; use_theme_fonts=&#8220;yes&#8220; css_animation=&#8220;fadeInUp&#8220;][\/vc_column][\/vc_row][vc_row full_width=&#8220;stretch_row&#8220; gap=&#8220;35&#8243; content_placement=&#8220;middle&#8220; seperator_enable=&#8220;seperator_enable_value&#8220; seperator_type=&#8220;triangle_svg_seperator&#8220; seperator_svg_height=&#8220;24&#8243; seperator_shape_background=&#8220;#de3327&#8243; css=&#8220;.vc_custom_1613647304182{background-position: center !important;background-repeat: no-repeat !important;background-size: cover !important;}&#8220;][vc_column el_class=&#8220;container&#8220;][vc_row_inner gap=&#8220;30&#8243;][vc_column_inner][vc_column_text css_animation=&#8220;fadeInUp&#8220;] Angaben gem\u00e4\u00df \u00a7 5 TMG Ludwig Funk-Fritsch Hotel Garni Engelberg Leutkircher Stra\u00dfe 47 88239 Wangen im Allg\u00e4u Kontakt Telefon: +49 7522 70797 0 [&hellip;]<\/p>\n","protected":false},"author":1,"featured_media":0,"parent":0,"menu_order":15,"comment_status":"closed","ping_status":"closed","template":"","meta":{"inline_featured_image":false,"footnotes":""},"class_list":["post-374","page","type-page","status-publish","hentry"],"yoast_head":"<!-- This site is optimized with the Yoast SEO plugin v27.4 - https:\/\/yoast.com\/product\/yoast-seo-wordpress\/ -->\n<title>Impressum | Hotel Engelberg<\/title>\n<meta name=\"robots\" content=\"index, follow, max-snippet:-1, max-image-preview:large, max-video-preview:-1\" \/>\n<link rel=\"canonical\" href=\"https:\/\/www.hotel-engelberg.de\/de\/impressum\/\" \/>\n<meta property=\"og:locale\" content=\"de_DE\" \/>\n<meta property=\"og:type\" content=\"article\" \/>\n<meta property=\"og:title\" content=\"Impressum | Hotel Engelberg\" \/>\n<meta property=\"og:description\" content=\"[vc_row full_width=&#8220;stretch_row_content_no_spaces&#8220; bg_type=&#8220;image&#8220; parallax_style=&#8220;vcpb-default&#8220; bg_image_new=&#8220;id^2612|url^https:\/\/www.hotel-engelberg.de\/wp-content\/uploads\/2021\/04\/DSC_3506.jpg|caption^null|alt^null|title^DSC_3506|description^null&#8220; bg_image_repeat=&#8220;no-repeat&#8220;][vc_column][\/vc_column][\/vc_row][vc_row full_width=&#8220;stretch_row&#8220; content_placement=&#8220;middle&#8220; bg_type=&#8220;bg_color&#8220; bg_override=&#8220;full&#8220; bg_color_value=&#8220;#3f3c3e&#8220;][vc_column][vc_custom_heading text=&#8220;Impressum&#8220; font_container=&#8220;tag:h1|text_align:center|color:%23ffffff&#8220; use_theme_fonts=&#8220;yes&#8220; css_animation=&#8220;fadeInUp&#8220;][\/vc_column][\/vc_row][vc_row full_width=&#8220;stretch_row&#8220; gap=&#8220;35&#8243; content_placement=&#8220;middle&#8220; seperator_enable=&#8220;seperator_enable_value&#8220; seperator_type=&#8220;triangle_svg_seperator&#8220; seperator_svg_height=&#8220;24&#8243; seperator_shape_background=&#8220;#de3327&#8243; css=&#8220;.vc_custom_1613647304182{background-position: center !important;background-repeat: no-repeat !important;background-size: cover !important;}&#8220;][vc_column el_class=&#8220;container&#8220;][vc_row_inner gap=&#8220;30&#8243;][vc_column_inner][vc_column_text css_animation=&#8220;fadeInUp&#8220;] Angaben gem\u00e4\u00df \u00a7 5 TMG Ludwig Funk-Fritsch Hotel Garni Engelberg Leutkircher Stra\u00dfe 47 88239 Wangen im Allg\u00e4u Kontakt Telefon: +49 7522 70797 0 [&hellip;]\" \/>\n<meta property=\"og:url\" content=\"https:\/\/www.hotel-engelberg.de\/de\/impressum\/\" \/>\n<meta property=\"og:site_name\" content=\"Hotel Engelberg\" \/>\n<meta property=\"article:modified_time\" content=\"2021-04-06T15:01:51+00:00\" \/>\n<meta name=\"twitter:card\" content=\"summary_large_image\" \/>\n<meta name=\"twitter:label1\" content=\"Gesch\u00e4tzte Lesezeit\" \/>\n\t<meta name=\"twitter:data1\" content=\"2\u00a0Minuten\" \/>\n<script type=\"application\/ld+json\" class=\"yoast-schema-graph\">{\"@context\":\"https:\\\/\\\/schema.org\",\"@graph\":[{\"@type\":\"WebPage\",\"@id\":\"https:\\\/\\\/www.hotel-engelberg.de\\\/de\\\/impressum\\\/\",\"url\":\"https:\\\/\\\/www.hotel-engelberg.de\\\/de\\\/impressum\\\/\",\"name\":\"Impressum | Hotel Engelberg\",\"isPartOf\":{\"@id\":\"https:\\\/\\\/www.hotel-engelberg.de\\\/de\\\/#website\"},\"datePublished\":\"2020-12-10T21:12:48+00:00\",\"dateModified\":\"2021-04-06T15:01:51+00:00\",\"breadcrumb\":{\"@id\":\"https:\\\/\\\/www.hotel-engelberg.de\\\/de\\\/impressum\\\/#breadcrumb\"},\"inLanguage\":\"de\",\"potentialAction\":[{\"@type\":\"ReadAction\",\"target\":[\"https:\\\/\\\/www.hotel-engelberg.de\\\/de\\\/impressum\\\/\"]}]},{\"@type\":\"BreadcrumbList\",\"@id\":\"https:\\\/\\\/www.hotel-engelberg.de\\\/de\\\/impressum\\\/#breadcrumb\",\"itemListElement\":[{\"@type\":\"ListItem\",\"position\":1,\"name\":\"Startseite\",\"item\":\"https:\\\/\\\/www.hotel-engelberg.de\\\/de\\\/\"},{\"@type\":\"ListItem\",\"position\":2,\"name\":\"Impressum\"}]},{\"@type\":\"WebSite\",\"@id\":\"https:\\\/\\\/www.hotel-engelberg.de\\\/de\\\/#website\",\"url\":\"https:\\\/\\\/www.hotel-engelberg.de\\\/de\\\/\",\"name\":\"Poschenrieder\",\"description\":\"\",\"potentialAction\":[{\"@type\":\"SearchAction\",\"target\":{\"@type\":\"EntryPoint\",\"urlTemplate\":\"https:\\\/\\\/www.hotel-engelberg.de\\\/de\\\/?s={search_term_string}\"},\"query-input\":{\"@type\":\"PropertyValueSpecification\",\"valueRequired\":true,\"valueName\":\"search_term_string\"}}],\"inLanguage\":\"de\"}]}<\/script>\n<!-- \/ Yoast SEO plugin. -->","yoast_head_json":{"title":"Impressum | Hotel Engelberg","robots":{"index":"index","follow":"follow","max-snippet":"max-snippet:-1","max-image-preview":"max-image-preview:large","max-video-preview":"max-video-preview:-1"},"canonical":"https:\/\/www.hotel-engelberg.de\/de\/impressum\/","og_locale":"de_DE","og_type":"article","og_title":"Impressum | Hotel Engelberg","og_description":"[vc_row full_width=&#8220;stretch_row_content_no_spaces&#8220; bg_type=&#8220;image&#8220; parallax_style=&#8220;vcpb-default&#8220; bg_image_new=&#8220;id^2612|url^https:\/\/www.hotel-engelberg.de\/wp-content\/uploads\/2021\/04\/DSC_3506.jpg|caption^null|alt^null|title^DSC_3506|description^null&#8220; bg_image_repeat=&#8220;no-repeat&#8220;][vc_column][\/vc_column][\/vc_row][vc_row full_width=&#8220;stretch_row&#8220; content_placement=&#8220;middle&#8220; bg_type=&#8220;bg_color&#8220; bg_override=&#8220;full&#8220; bg_color_value=&#8220;#3f3c3e&#8220;][vc_column][vc_custom_heading text=&#8220;Impressum&#8220; font_container=&#8220;tag:h1|text_align:center|color:%23ffffff&#8220; use_theme_fonts=&#8220;yes&#8220; css_animation=&#8220;fadeInUp&#8220;][\/vc_column][\/vc_row][vc_row full_width=&#8220;stretch_row&#8220; gap=&#8220;35&#8243; content_placement=&#8220;middle&#8220; seperator_enable=&#8220;seperator_enable_value&#8220; seperator_type=&#8220;triangle_svg_seperator&#8220; seperator_svg_height=&#8220;24&#8243; seperator_shape_background=&#8220;#de3327&#8243; css=&#8220;.vc_custom_1613647304182{background-position: center !important;background-repeat: no-repeat !important;background-size: cover !important;}&#8220;][vc_column el_class=&#8220;container&#8220;][vc_row_inner gap=&#8220;30&#8243;][vc_column_inner][vc_column_text css_animation=&#8220;fadeInUp&#8220;] Angaben gem\u00e4\u00df \u00a7 5 TMG Ludwig Funk-Fritsch Hotel Garni Engelberg Leutkircher Stra\u00dfe 47 88239 Wangen im Allg\u00e4u Kontakt Telefon: +49 7522 70797 0 [&hellip;]","og_url":"https:\/\/www.hotel-engelberg.de\/de\/impressum\/","og_site_name":"Hotel Engelberg","article_modified_time":"2021-04-06T15:01:51+00:00","twitter_card":"summary_large_image","twitter_misc":{"Gesch\u00e4tzte Lesezeit":"2\u00a0Minuten"},"schema":{"@context":"https:\/\/schema.org","@graph":[{"@type":"WebPage","@id":"https:\/\/www.hotel-engelberg.de\/de\/impressum\/","url":"https:\/\/www.hotel-engelberg.de\/de\/impressum\/","name":"Impressum | Hotel Engelberg","isPartOf":{"@id":"https:\/\/www.hotel-engelberg.de\/de\/#website"},"datePublished":"2020-12-10T21:12:48+00:00","dateModified":"2021-04-06T15:01:51+00:00","breadcrumb":{"@id":"https:\/\/www.hotel-engelberg.de\/de\/impressum\/#breadcrumb"},"inLanguage":"de","potentialAction":[{"@type":"ReadAction","target":["https:\/\/www.hotel-engelberg.de\/de\/impressum\/"]}]},{"@type":"BreadcrumbList","@id":"https:\/\/www.hotel-engelberg.de\/de\/impressum\/#breadcrumb","itemListElement":[{"@type":"ListItem","position":1,"name":"Startseite","item":"https:\/\/www.hotel-engelberg.de\/de\/"},{"@type":"ListItem","position":2,"name":"Impressum"}]},{"@type":"WebSite","@id":"https:\/\/www.hotel-engelberg.de\/de\/#website","url":"https:\/\/www.hotel-engelberg.de\/de\/","name":"Poschenrieder","description":"","potentialAction":[{"@type":"SearchAction","target":{"@type":"EntryPoint","urlTemplate":"https:\/\/www.hotel-engelberg.de\/de\/?s={search_term_string}"},"query-input":{"@type":"PropertyValueSpecification","valueRequired":true,"valueName":"search_term_string"}}],"inLanguage":"de"}]}},"_links":{"self":[{"href":"https:\/\/www.hotel-engelberg.de\/de\/wp-json\/wp\/v2\/pages\/374","targetHints":{"allow":["GET"]}}],"collection":[{"href":"https:\/\/www.hotel-engelberg.de\/de\/wp-json\/wp\/v2\/pages"}],"about":[{"href":"https:\/\/www.hotel-engelberg.de\/de\/wp-json\/wp\/v2\/types\/page"}],"author":[{"embeddable":true,"href":"https:\/\/www.hotel-engelberg.de\/de\/wp-json\/wp\/v2\/users\/1"}],"replies":[{"embeddable":true,"href":"https:\/\/www.hotel-engelberg.de\/de\/wp-json\/wp\/v2\/comments?post=374"}],"version-history":[{"count":5,"href":"https:\/\/www.hotel-engelberg.de\/de\/wp-json\/wp\/v2\/pages\/374\/revisions"}],"predecessor-version":[{"id":2621,"href":"https:\/\/www.hotel-engelberg.de\/de\/wp-json\/wp\/v2\/pages\/374\/revisions\/2621"}],"wp:attachment":[{"href":"https:\/\/www.hotel-engelberg.de\/de\/wp-json\/wp\/v2\/media?parent=374"}],"curies":[{"name":"wp","href":"https:\/\/api.w.org\/{rel}","templated":true}]}}