{"id":2119,"date":"2021-02-18T14:06:20","date_gmt":"2021-02-18T13:06:20","guid":{"rendered":"https:\/\/hotel-engelberg.de\/ausflugstipps\/"},"modified":"2021-04-04T20:20:44","modified_gmt":"2021-04-04T18:20:44","slug":"ausflugstipps","status":"publish","type":"page","link":"https:\/\/www.hotel-engelberg.de\/de\/region-sport\/ausflugstipps\/","title":{"rendered":"Ausflugstipps"},"content":{"rendered":"<div class=\"wpb-content-wrapper\"><p>[vc_row full_width=&#8220;stretch_row_content_no_spaces&#8220; bg_type=&#8220;image&#8220; parallax_style=&#8220;vcpb-default&#8220; bg_image_new=&#8220;id^2542|url^https:\/\/www.hotel-engelberg.de\/wp-content\/uploads\/2021\/03\/DSC_0439-scaled.jpeg|caption^null|alt^null|title^DSC_0439|description^null&#8220; bg_image_repeat=&#8220;no-repeat&#8220;][vc_column]<div class=\"ult-spacer spacer-69f2f647cc1fc\" data-id=\"69f2f647cc1fc\" data-height=\"640\" data-height-mobile=\"300\" data-height-tab=\"420\" data-height-tab-portrait=\"420\" data-height-mobile-landscape=\"300\" style=\"clear:both;display:block;\"><\/div>[\/vc_column][\/vc_row][vc_row full_width=&#8220;stretch_row&#8220; content_placement=&#8220;middle&#8220; bg_type=&#8220;bg_color&#8220; bg_override=&#8220;full&#8220; bg_color_value=&#8220;#3f3c3e&#8220;][vc_column]<div class=\"ult-spacer spacer-69f2f647cc23a\" data-id=\"69f2f647cc23a\" data-height=\"5\" data-height-mobile=\"5\" data-height-tab=\"5\" data-height-tab-portrait=\"\" data-height-mobile-landscape=\"\" style=\"clear:both;display:block;\"><\/div>[vc_custom_heading text=&#8220;Ausflugstipps&#8220; font_container=&#8220;tag:h1|text_align:center|color:%23ffffff&#8220; use_theme_fonts=&#8220;yes&#8220; css_animation=&#8220;fadeInUp&#8220; css=&#8220;.vc_custom_1615222154572{background-position: center !important;background-repeat: no-repeat !important;background-size: cover !important;}&#8220;]<div class=\"ult-spacer spacer-69f2f647cc26c\" data-id=\"69f2f647cc26c\" data-height=\"40\" data-height-mobile=\"40\" data-height-tab=\"40\" data-height-tab-portrait=\"\" data-height-mobile-landscape=\"\" style=\"clear:both;display:block;\"><\/div>[\/vc_column][\/vc_row][vc_row full_width=&#8220;stretch_row&#8220; gap=&#8220;35&#8243; content_placement=&#8220;middle&#8220; seperator_enable=&#8220;seperator_enable_value&#8220; seperator_type=&#8220;triangle_svg_seperator&#8220; seperator_svg_height=&#8220;24&#8243; seperator_shape_background=&#8220;#de3327&#8243; css=&#8220;.vc_custom_1613647304182{background-position: center !important;background-repeat: no-repeat !important;background-size: cover !important;}&#8220;][vc_column el_class=&#8220;container&#8220;]<div class=\"ult-spacer spacer-69f2f647cc29b\" data-id=\"69f2f647cc29b\" data-height=\"20\" data-height-mobile=\"20\" data-height-tab=\"20\" data-height-tab-portrait=\"\" data-height-mobile-landscape=\"\" style=\"clear:both;display:block;\"><\/div>[vc_row_inner gap=&#8220;30&#8243;][vc_column_inner][vc_column_text css_animation=&#8220;fadeInUp&#8220;]<\/p>\n<h2>Historische Altstadt Wangen<\/h2>\n<p>Die Altstadt von Wangen ist zu Fu\u00df vom Hotel Garni Engelberg zu erreichen. Wangen ist eine Stadt mit bewegter Geschichte. Begeben Sie sich auf eine historische Erlebnistour.<\/p>\n<h2>Schloss Neuschwanstein<\/h2>\n<p>Schloss Neuschwanstein ist das Wahrzeichen des Allg\u00e4us und ein absolutes Muss f\u00fcr alle Touristen. Besuchen auch Sie das beeindruckende M\u00e4rchenschloss K\u00f6nig Ludwigs II..<\/p>\n<h2>Blumeninsel Mainau<\/h2>\n<p>Ein beeindruckendes Schauspiel f\u00fcr alle Sinne erwartet Sie, wenn Sie die Blumeninsel Mainau auf dem Bodensee besuchen.[\/vc_column_text][\/vc_column_inner][\/vc_row_inner]<div class=\"ult-spacer spacer-69f2f647cc2c7\" data-id=\"69f2f647cc2c7\" data-height=\"40\" data-height-mobile=\"40\" data-height-tab=\"40\" data-height-tab-portrait=\"\" data-height-mobile-landscape=\"\" style=\"clear:both;display:block;\"><\/div>[\/vc_column][\/vc_row][vc_row][vc_column][vc_media_grid grid_id=&#8220;vc_gid:1617560413404-2ab2b237-1646-6&#8243; include=&#8220;2574,2563,2561,2559,2555,2546&#8243;][\/vc_column][\/vc_row]<\/p>\n<\/div>","protected":false},"excerpt":{"rendered":"<p>[vc_row full_width=&#8220;stretch_row_content_no_spaces&#8220; bg_type=&#8220;image&#8220; parallax_style=&#8220;vcpb-default&#8220; bg_image_new=&#8220;id^2542|url^https:\/\/www.hotel-engelberg.de\/wp-content\/uploads\/2021\/03\/DSC_0439-scaled.jpeg|caption^null|alt^null|title^DSC_0439|description^null&#8220; bg_image_repeat=&#8220;no-repeat&#8220;][vc_column][\/vc_column][\/vc_row][vc_row full_width=&#8220;stretch_row&#8220; content_placement=&#8220;middle&#8220; bg_type=&#8220;bg_color&#8220; bg_override=&#8220;full&#8220; bg_color_value=&#8220;#3f3c3e&#8220;][vc_column][vc_custom_heading text=&#8220;Ausflugstipps&#8220; font_container=&#8220;tag:h1|text_align:center|color:%23ffffff&#8220; use_theme_fonts=&#8220;yes&#8220; css_animation=&#8220;fadeInUp&#8220; css=&#8220;.vc_custom_1615222154572{background-position: center !important;background-repeat: no-repeat !important;background-size: cover !important;}&#8220;][\/vc_column][\/vc_row][vc_row full_width=&#8220;stretch_row&#8220; gap=&#8220;35&#8243; content_placement=&#8220;middle&#8220; seperator_enable=&#8220;seperator_enable_value&#8220; seperator_type=&#8220;triangle_svg_seperator&#8220; seperator_svg_height=&#8220;24&#8243; seperator_shape_background=&#8220;#de3327&#8243; css=&#8220;.vc_custom_1613647304182{background-position: center !important;background-repeat: no-repeat !important;background-size: cover !important;}&#8220;][vc_column el_class=&#8220;container&#8220;][vc_row_inner gap=&#8220;30&#8243;][vc_column_inner][vc_column_text css_animation=&#8220;fadeInUp&#8220;] Historische Altstadt Wangen Die Altstadt von Wangen ist zu Fu\u00df vom Hotel Garni Engelberg zu erreichen. [&hellip;]<\/p>\n","protected":false},"author":1,"featured_media":2542,"parent":2113,"menu_order":12,"comment_status":"closed","ping_status":"closed","template":"","meta":{"inline_featured_image":false,"footnotes":""},"class_list":["post-2119","page","type-page","status-publish","has-post-thumbnail","hentry"],"yoast_head":"<!-- This site is optimized with the Yoast SEO plugin v27.4 - https:\/\/yoast.com\/product\/yoast-seo-wordpress\/ -->\n<title>Ausflugstipps | Hotel Engelberg<\/title>\n<meta name=\"robots\" content=\"index, follow, max-snippet:-1, max-image-preview:large, max-video-preview:-1\" \/>\n<link rel=\"canonical\" href=\"https:\/\/www.hotel-engelberg.de\/de\/region-sport\/ausflugstipps\/\" \/>\n<meta property=\"og:locale\" content=\"de_DE\" \/>\n<meta property=\"og:type\" content=\"article\" \/>\n<meta property=\"og:title\" content=\"Ausflugstipps | Hotel Engelberg\" \/>\n<meta property=\"og:description\" content=\"[vc_row full_width=&#8220;stretch_row_content_no_spaces&#8220; bg_type=&#8220;image&#8220; parallax_style=&#8220;vcpb-default&#8220; bg_image_new=&#8220;id^2542|url^https:\/\/www.hotel-engelberg.de\/wp-content\/uploads\/2021\/03\/DSC_0439-scaled.jpeg|caption^null|alt^null|title^DSC_0439|description^null&#8220; bg_image_repeat=&#8220;no-repeat&#8220;][vc_column][\/vc_column][\/vc_row][vc_row full_width=&#8220;stretch_row&#8220; content_placement=&#8220;middle&#8220; bg_type=&#8220;bg_color&#8220; bg_override=&#8220;full&#8220; bg_color_value=&#8220;#3f3c3e&#8220;][vc_column][vc_custom_heading text=&#8220;Ausflugstipps&#8220; font_container=&#8220;tag:h1|text_align:center|color:%23ffffff&#8220; use_theme_fonts=&#8220;yes&#8220; css_animation=&#8220;fadeInUp&#8220; css=&#8220;.vc_custom_1615222154572{background-position: center !important;background-repeat: no-repeat !important;background-size: cover !important;}&#8220;][\/vc_column][\/vc_row][vc_row full_width=&#8220;stretch_row&#8220; gap=&#8220;35&#8243; content_placement=&#8220;middle&#8220; seperator_enable=&#8220;seperator_enable_value&#8220; seperator_type=&#8220;triangle_svg_seperator&#8220; seperator_svg_height=&#8220;24&#8243; seperator_shape_background=&#8220;#de3327&#8243; css=&#8220;.vc_custom_1613647304182{background-position: center !important;background-repeat: no-repeat !important;background-size: cover !important;}&#8220;][vc_column el_class=&#8220;container&#8220;][vc_row_inner gap=&#8220;30&#8243;][vc_column_inner][vc_column_text css_animation=&#8220;fadeInUp&#8220;] Historische Altstadt Wangen Die Altstadt von Wangen ist zu Fu\u00df vom Hotel Garni Engelberg zu erreichen. [&hellip;]\" \/>\n<meta property=\"og:url\" content=\"https:\/\/www.hotel-engelberg.de\/de\/region-sport\/ausflugstipps\/\" \/>\n<meta property=\"og:site_name\" content=\"Hotel Engelberg\" \/>\n<meta property=\"article:modified_time\" content=\"2021-04-04T18:20:44+00:00\" \/>\n<meta property=\"og:image\" content=\"https:\/\/www.hotel-engelberg.de\/wp-content\/uploads\/2021\/03\/DSC_0439-scaled.jpeg\" \/>\n\t<meta property=\"og:image:width\" content=\"2560\" \/>\n\t<meta property=\"og:image:height\" content=\"1714\" \/>\n\t<meta property=\"og:image:type\" content=\"image\/jpeg\" \/>\n<meta name=\"twitter:card\" content=\"summary_large_image\" \/>\n<meta name=\"twitter:label1\" content=\"Gesch\u00e4tzte Lesezeit\" \/>\n\t<meta name=\"twitter:data1\" content=\"1\u00a0Minute\" \/>\n<script type=\"application\/ld+json\" class=\"yoast-schema-graph\">{\"@context\":\"https:\\\/\\\/schema.org\",\"@graph\":[{\"@type\":\"WebPage\",\"@id\":\"https:\\\/\\\/www.hotel-engelberg.de\\\/de\\\/region-sport\\\/ausflugstipps\\\/\",\"url\":\"https:\\\/\\\/www.hotel-engelberg.de\\\/de\\\/region-sport\\\/ausflugstipps\\\/\",\"name\":\"Ausflugstipps | Hotel Engelberg\",\"isPartOf\":{\"@id\":\"https:\\\/\\\/www.hotel-engelberg.de\\\/de\\\/#website\"},\"primaryImageOfPage\":{\"@id\":\"https:\\\/\\\/www.hotel-engelberg.de\\\/de\\\/region-sport\\\/ausflugstipps\\\/#primaryimage\"},\"image\":{\"@id\":\"https:\\\/\\\/www.hotel-engelberg.de\\\/de\\\/region-sport\\\/ausflugstipps\\\/#primaryimage\"},\"thumbnailUrl\":\"https:\\\/\\\/www.hotel-engelberg.de\\\/wp-content\\\/uploads\\\/2021\\\/03\\\/DSC_0439-scaled.jpeg\",\"datePublished\":\"2021-02-18T13:06:20+00:00\",\"dateModified\":\"2021-04-04T18:20:44+00:00\",\"breadcrumb\":{\"@id\":\"https:\\\/\\\/www.hotel-engelberg.de\\\/de\\\/region-sport\\\/ausflugstipps\\\/#breadcrumb\"},\"inLanguage\":\"de\",\"potentialAction\":[{\"@type\":\"ReadAction\",\"target\":[\"https:\\\/\\\/www.hotel-engelberg.de\\\/de\\\/region-sport\\\/ausflugstipps\\\/\"]}]},{\"@type\":\"ImageObject\",\"inLanguage\":\"de\",\"@id\":\"https:\\\/\\\/www.hotel-engelberg.de\\\/de\\\/region-sport\\\/ausflugstipps\\\/#primaryimage\",\"url\":\"https:\\\/\\\/www.hotel-engelberg.de\\\/wp-content\\\/uploads\\\/2021\\\/03\\\/DSC_0439-scaled.jpeg\",\"contentUrl\":\"https:\\\/\\\/www.hotel-engelberg.de\\\/wp-content\\\/uploads\\\/2021\\\/03\\\/DSC_0439-scaled.jpeg\",\"width\":2560,\"height\":1714},{\"@type\":\"BreadcrumbList\",\"@id\":\"https:\\\/\\\/www.hotel-engelberg.de\\\/de\\\/region-sport\\\/ausflugstipps\\\/#breadcrumb\",\"itemListElement\":[{\"@type\":\"ListItem\",\"position\":1,\"name\":\"Startseite\",\"item\":\"https:\\\/\\\/www.hotel-engelberg.de\\\/de\\\/\"},{\"@type\":\"ListItem\",\"position\":2,\"name\":\"Region &#038; Sport\",\"item\":\"https:\\\/\\\/www.hotel-engelberg.de\\\/de\\\/region-sport\\\/\"},{\"@type\":\"ListItem\",\"position\":3,\"name\":\"Ausflugstipps\"}]},{\"@type\":\"WebSite\",\"@id\":\"https:\\\/\\\/www.hotel-engelberg.de\\\/de\\\/#website\",\"url\":\"https:\\\/\\\/www.hotel-engelberg.de\\\/de\\\/\",\"name\":\"Poschenrieder\",\"description\":\"\",\"potentialAction\":[{\"@type\":\"SearchAction\",\"target\":{\"@type\":\"EntryPoint\",\"urlTemplate\":\"https:\\\/\\\/www.hotel-engelberg.de\\\/de\\\/?s={search_term_string}\"},\"query-input\":{\"@type\":\"PropertyValueSpecification\",\"valueRequired\":true,\"valueName\":\"search_term_string\"}}],\"inLanguage\":\"de\"}]}<\/script>\n<!-- \/ Yoast SEO plugin. -->","yoast_head_json":{"title":"Ausflugstipps | Hotel Engelberg","robots":{"index":"index","follow":"follow","max-snippet":"max-snippet:-1","max-image-preview":"max-image-preview:large","max-video-preview":"max-video-preview:-1"},"canonical":"https:\/\/www.hotel-engelberg.de\/de\/region-sport\/ausflugstipps\/","og_locale":"de_DE","og_type":"article","og_title":"Ausflugstipps | Hotel Engelberg","og_description":"[vc_row full_width=&#8220;stretch_row_content_no_spaces&#8220; bg_type=&#8220;image&#8220; parallax_style=&#8220;vcpb-default&#8220; bg_image_new=&#8220;id^2542|url^https:\/\/www.hotel-engelberg.de\/wp-content\/uploads\/2021\/03\/DSC_0439-scaled.jpeg|caption^null|alt^null|title^DSC_0439|description^null&#8220; bg_image_repeat=&#8220;no-repeat&#8220;][vc_column][\/vc_column][\/vc_row][vc_row full_width=&#8220;stretch_row&#8220; content_placement=&#8220;middle&#8220; bg_type=&#8220;bg_color&#8220; bg_override=&#8220;full&#8220; bg_color_value=&#8220;#3f3c3e&#8220;][vc_column][vc_custom_heading text=&#8220;Ausflugstipps&#8220; font_container=&#8220;tag:h1|text_align:center|color:%23ffffff&#8220; use_theme_fonts=&#8220;yes&#8220; css_animation=&#8220;fadeInUp&#8220; css=&#8220;.vc_custom_1615222154572{background-position: center !important;background-repeat: no-repeat !important;background-size: cover !important;}&#8220;][\/vc_column][\/vc_row][vc_row full_width=&#8220;stretch_row&#8220; gap=&#8220;35&#8243; content_placement=&#8220;middle&#8220; seperator_enable=&#8220;seperator_enable_value&#8220; seperator_type=&#8220;triangle_svg_seperator&#8220; seperator_svg_height=&#8220;24&#8243; seperator_shape_background=&#8220;#de3327&#8243; css=&#8220;.vc_custom_1613647304182{background-position: center !important;background-repeat: no-repeat !important;background-size: cover !important;}&#8220;][vc_column el_class=&#8220;container&#8220;][vc_row_inner gap=&#8220;30&#8243;][vc_column_inner][vc_column_text css_animation=&#8220;fadeInUp&#8220;] Historische Altstadt Wangen Die Altstadt von Wangen ist zu Fu\u00df vom Hotel Garni Engelberg zu erreichen. [&hellip;]","og_url":"https:\/\/www.hotel-engelberg.de\/de\/region-sport\/ausflugstipps\/","og_site_name":"Hotel Engelberg","article_modified_time":"2021-04-04T18:20:44+00:00","og_image":[{"width":2560,"height":1714,"url":"https:\/\/www.hotel-engelberg.de\/wp-content\/uploads\/2021\/03\/DSC_0439-scaled.jpeg","type":"image\/jpeg"}],"twitter_card":"summary_large_image","twitter_misc":{"Gesch\u00e4tzte Lesezeit":"1\u00a0Minute"},"schema":{"@context":"https:\/\/schema.org","@graph":[{"@type":"WebPage","@id":"https:\/\/www.hotel-engelberg.de\/de\/region-sport\/ausflugstipps\/","url":"https:\/\/www.hotel-engelberg.de\/de\/region-sport\/ausflugstipps\/","name":"Ausflugstipps | Hotel Engelberg","isPartOf":{"@id":"https:\/\/www.hotel-engelberg.de\/de\/#website"},"primaryImageOfPage":{"@id":"https:\/\/www.hotel-engelberg.de\/de\/region-sport\/ausflugstipps\/#primaryimage"},"image":{"@id":"https:\/\/www.hotel-engelberg.de\/de\/region-sport\/ausflugstipps\/#primaryimage"},"thumbnailUrl":"https:\/\/www.hotel-engelberg.de\/wp-content\/uploads\/2021\/03\/DSC_0439-scaled.jpeg","datePublished":"2021-02-18T13:06:20+00:00","dateModified":"2021-04-04T18:20:44+00:00","breadcrumb":{"@id":"https:\/\/www.hotel-engelberg.de\/de\/region-sport\/ausflugstipps\/#breadcrumb"},"inLanguage":"de","potentialAction":[{"@type":"ReadAction","target":["https:\/\/www.hotel-engelberg.de\/de\/region-sport\/ausflugstipps\/"]}]},{"@type":"ImageObject","inLanguage":"de","@id":"https:\/\/www.hotel-engelberg.de\/de\/region-sport\/ausflugstipps\/#primaryimage","url":"https:\/\/www.hotel-engelberg.de\/wp-content\/uploads\/2021\/03\/DSC_0439-scaled.jpeg","contentUrl":"https:\/\/www.hotel-engelberg.de\/wp-content\/uploads\/2021\/03\/DSC_0439-scaled.jpeg","width":2560,"height":1714},{"@type":"BreadcrumbList","@id":"https:\/\/www.hotel-engelberg.de\/de\/region-sport\/ausflugstipps\/#breadcrumb","itemListElement":[{"@type":"ListItem","position":1,"name":"Startseite","item":"https:\/\/www.hotel-engelberg.de\/de\/"},{"@type":"ListItem","position":2,"name":"Region &#038; Sport","item":"https:\/\/www.hotel-engelberg.de\/de\/region-sport\/"},{"@type":"ListItem","position":3,"name":"Ausflugstipps"}]},{"@type":"WebSite","@id":"https:\/\/www.hotel-engelberg.de\/de\/#website","url":"https:\/\/www.hotel-engelberg.de\/de\/","name":"Poschenrieder","description":"","potentialAction":[{"@type":"SearchAction","target":{"@type":"EntryPoint","urlTemplate":"https:\/\/www.hotel-engelberg.de\/de\/?s={search_term_string}"},"query-input":{"@type":"PropertyValueSpecification","valueRequired":true,"valueName":"search_term_string"}}],"inLanguage":"de"}]}},"_links":{"self":[{"href":"https:\/\/www.hotel-engelberg.de\/de\/wp-json\/wp\/v2\/pages\/2119","targetHints":{"allow":["GET"]}}],"collection":[{"href":"https:\/\/www.hotel-engelberg.de\/de\/wp-json\/wp\/v2\/pages"}],"about":[{"href":"https:\/\/www.hotel-engelberg.de\/de\/wp-json\/wp\/v2\/types\/page"}],"author":[{"embeddable":true,"href":"https:\/\/www.hotel-engelberg.de\/de\/wp-json\/wp\/v2\/users\/1"}],"replies":[{"embeddable":true,"href":"https:\/\/www.hotel-engelberg.de\/de\/wp-json\/wp\/v2\/comments?post=2119"}],"version-history":[{"count":5,"href":"https:\/\/www.hotel-engelberg.de\/de\/wp-json\/wp\/v2\/pages\/2119\/revisions"}],"predecessor-version":[{"id":2606,"href":"https:\/\/www.hotel-engelberg.de\/de\/wp-json\/wp\/v2\/pages\/2119\/revisions\/2606"}],"up":[{"embeddable":true,"href":"https:\/\/www.hotel-engelberg.de\/de\/wp-json\/wp\/v2\/pages\/2113"}],"wp:featuredmedia":[{"embeddable":true,"href":"https:\/\/www.hotel-engelberg.de\/de\/wp-json\/wp\/v2\/media\/2542"}],"wp:attachment":[{"href":"https:\/\/www.hotel-engelberg.de\/de\/wp-json\/wp\/v2\/media?parent=2119"}],"curies":[{"name":"wp","href":"https:\/\/api.w.org\/{rel}","templated":true}]}}