{"id":2117,"date":"2021-02-18T14:06:20","date_gmt":"2021-02-18T13:06:20","guid":{"rendered":"https:\/\/hotel-engelberg.de\/golfen\/"},"modified":"2021-04-05T13:23:06","modified_gmt":"2021-04-05T11:23:06","slug":"golfen","status":"publish","type":"page","link":"https:\/\/www.hotel-engelberg.de\/de\/region-sport\/golfen\/","title":{"rendered":"Golfen"},"content":{"rendered":"<div class=\"wpb-content-wrapper\"><p>[vc_row full_width=&#8220;stretch_row_content_no_spaces&#8220; bg_type=&#8220;image&#8220; parallax_style=&#8220;vcpb-default&#8220; bg_image_new=&#8220;id^2607|url^https:\/\/www.hotel-engelberg.de\/wp-content\/uploads\/2021\/04\/IMG_6375-scaled-e1617621766620.jpg|caption^null|alt^null|title^IMG_6375|description^null&#8220; bg_image_repeat=&#8220;no-repeat&#8220;][vc_column]<div class=\"ult-spacer spacer-69f4b633b81cf\" data-id=\"69f4b633b81cf\" data-height=\"640\" data-height-mobile=\"300\" data-height-tab=\"420\" data-height-tab-portrait=\"420\" data-height-mobile-landscape=\"300\" style=\"clear:both;display:block;\"><\/div>[\/vc_column][\/vc_row][vc_row full_width=&#8220;stretch_row&#8220; content_placement=&#8220;middle&#8220; bg_type=&#8220;bg_color&#8220; bg_override=&#8220;full&#8220; bg_color_value=&#8220;#3f3c3e&#8220;][vc_column css=&#8220;.vc_custom_1617559688385{background-position: center !important;background-repeat: no-repeat !important;background-size: cover !important;}&#8220;]<div class=\"ult-spacer spacer-69f4b633b81fc\" data-id=\"69f4b633b81fc\" data-height=\"40\" data-height-mobile=\"40\" data-height-tab=\"40\" data-height-tab-portrait=\"\" data-height-mobile-landscape=\"\" style=\"clear:both;display:block;\"><\/div>[vc_custom_heading text=&#8220;Golfen&#8220; font_container=&#8220;tag:h1|text_align:center|color:%23ffffff&#8220; use_theme_fonts=&#8220;yes&#8220; css_animation=&#8220;fadeInUp&#8220;]<div class=\"ult-spacer spacer-69f4b633b821c\" data-id=\"69f4b633b821c\" data-height=\"40\" data-height-mobile=\"40\" data-height-tab=\"40\" data-height-tab-portrait=\"\" data-height-mobile-landscape=\"\" style=\"clear:both;display:block;\"><\/div>[\/vc_column][\/vc_row][vc_row full_width=&#8220;stretch_row&#8220; gap=&#8220;35&#8243; content_placement=&#8220;middle&#8220; seperator_enable=&#8220;seperator_enable_value&#8220; seperator_type=&#8220;triangle_svg_seperator&#8220; seperator_svg_height=&#8220;24&#8243; seperator_shape_background=&#8220;#de3327&#8243; css=&#8220;.vc_custom_1613647304182{background-position: center !important;background-repeat: no-repeat !important;background-size: cover !important;}&#8220;][vc_column el_class=&#8220;container&#8220;]<div class=\"ult-spacer spacer-69f4b633b8237\" data-id=\"69f4b633b8237\" data-height=\"20\" data-height-mobile=\"20\" data-height-tab=\"20\" data-height-tab-portrait=\"\" data-height-mobile-landscape=\"\" style=\"clear:both;display:block;\"><\/div>[vc_row_inner gap=&#8220;30&#8243;][vc_column_inner width=&#8220;1\/2&#8243;][vc_column_text css_animation=&#8220;fadeInUp&#8220;]<b>Golf rund um Wangen im Allg\u00e4u<\/b><\/p>\n<p>Auf einem Gebiet von ca 50 km\u00b2 finden sie\u00a0<a title=\"Golfpl\u00e4tze Allg\u00e4u\" href=\"http:\/\/www.golfparadies-allgaeu.com\/golfplaetze-allgaeu.html\" target=\"_blank\" rel=\"noopener\">20 gepflegte Golfanlagen<\/a>. Ob 6-Loch, 9-Loch, 18-Loch Anlage mit Driving-Range, Putting\/Chipping Area und gepflegten Clubanlagen &#8211; f\u00fcr jeden Geschmack ist etwas dabei.[\/vc_column_text][\/vc_column_inner][vc_column_inner width=&#8220;1\/2&#8243;][vc_column_text css_animation=&#8220;fadeInUp&#8220;]<b>Rund 10 Golfpl\u00e4tze im Umkreis von 30 Autominuten finden Sie vor:<\/b><\/p>\n<p>Lindau \u2013 Wei\u00dfensberg und Bad Schachen &#8211; ca. 15 Autominuten<br \/>\nMemmingen &#8211; ca. 20 Autominuten<br \/>\nScheidegg &#8211; ca. 20 Autominuten<br \/>\nWaldegg \/ Wiggen &#8211; ca. 20 Autominuten<br \/>\nBad Waldsee &#8211; ca. 25 Autominuten<br \/>\nRavensburg &#8211; ca. 25 Autominuten<br \/>\nSteibis &#8211; ca. 30 Autominuten<br \/>\nBufflings &#8211; ca. 30 Autominuten<br \/>\nHellengerst &#8211; ca. 30 Autominuten<\/p>\n<p>Wir freuen uns auf Ihre <a title=\"Kontakt Ringhotel Farny\" href=\"https:\/\/hotel-engelberg.de\/kontakt\/\">Anfrage<\/a>.<\/p>\n<p>Gerne sind wir Ihnen bei der Reservierung von Greenfees (soweit m\u00f6glich) behilflich. Beim Golfclub Bad Schachen erhalten Sie eine Greenfee-Erm\u00e4\u00dfigung von 10%.[\/vc_column_text][\/vc_column_inner][\/vc_row_inner]<div class=\"ult-spacer spacer-69f4b633b824f\" data-id=\"69f4b633b824f\" data-height=\"40\" data-height-mobile=\"40\" data-height-tab=\"40\" data-height-tab-portrait=\"\" data-height-mobile-landscape=\"\" style=\"clear:both;display:block;\"><\/div>[\/vc_column][\/vc_row]<\/p>\n<\/div>","protected":false},"excerpt":{"rendered":"<p>[vc_row full_width=&#8220;stretch_row_content_no_spaces&#8220; bg_type=&#8220;image&#8220; parallax_style=&#8220;vcpb-default&#8220; bg_image_new=&#8220;id^2607|url^https:\/\/www.hotel-engelberg.de\/wp-content\/uploads\/2021\/04\/IMG_6375-scaled-e1617621766620.jpg|caption^null|alt^null|title^IMG_6375|description^null&#8220; bg_image_repeat=&#8220;no-repeat&#8220;][vc_column][\/vc_column][\/vc_row][vc_row full_width=&#8220;stretch_row&#8220; content_placement=&#8220;middle&#8220; bg_type=&#8220;bg_color&#8220; bg_override=&#8220;full&#8220; bg_color_value=&#8220;#3f3c3e&#8220;][vc_column css=&#8220;.vc_custom_1617559688385{background-position: center !important;background-repeat: no-repeat !important;background-size: cover !important;}&#8220;][vc_custom_heading text=&#8220;Golfen&#8220; font_container=&#8220;tag:h1|text_align:center|color:%23ffffff&#8220; use_theme_fonts=&#8220;yes&#8220; css_animation=&#8220;fadeInUp&#8220;][\/vc_column][\/vc_row][vc_row full_width=&#8220;stretch_row&#8220; gap=&#8220;35&#8243; content_placement=&#8220;middle&#8220; seperator_enable=&#8220;seperator_enable_value&#8220; seperator_type=&#8220;triangle_svg_seperator&#8220; seperator_svg_height=&#8220;24&#8243; seperator_shape_background=&#8220;#de3327&#8243; css=&#8220;.vc_custom_1613647304182{background-position: center !important;background-repeat: no-repeat !important;background-size: cover !important;}&#8220;][vc_column el_class=&#8220;container&#8220;][vc_row_inner gap=&#8220;30&#8243;][vc_column_inner width=&#8220;1\/2&#8243;][vc_column_text css_animation=&#8220;fadeInUp&#8220;]Golf rund um Wangen im Allg\u00e4u Auf einem Gebiet von ca 50 km\u00b2 finden sie\u00a020 gepflegte [&hellip;]<\/p>\n","protected":false},"author":1,"featured_media":2528,"parent":2113,"menu_order":8,"comment_status":"closed","ping_status":"closed","template":"","meta":{"inline_featured_image":false,"footnotes":""},"class_list":["post-2117","page","type-page","status-publish","has-post-thumbnail","hentry"],"yoast_head":"<!-- This site is optimized with the Yoast SEO plugin v27.4 - https:\/\/yoast.com\/product\/yoast-seo-wordpress\/ -->\n<title>Golfen | Hotel Engelberg<\/title>\n<meta name=\"robots\" content=\"index, follow, max-snippet:-1, max-image-preview:large, max-video-preview:-1\" \/>\n<link rel=\"canonical\" href=\"https:\/\/www.hotel-engelberg.de\/de\/region-sport\/golfen\/\" \/>\n<meta property=\"og:locale\" content=\"de_DE\" \/>\n<meta property=\"og:type\" content=\"article\" \/>\n<meta property=\"og:title\" content=\"Golfen | Hotel Engelberg\" \/>\n<meta property=\"og:description\" content=\"[vc_row full_width=&#8220;stretch_row_content_no_spaces&#8220; bg_type=&#8220;image&#8220; parallax_style=&#8220;vcpb-default&#8220; bg_image_new=&#8220;id^2607|url^https:\/\/www.hotel-engelberg.de\/wp-content\/uploads\/2021\/04\/IMG_6375-scaled-e1617621766620.jpg|caption^null|alt^null|title^IMG_6375|description^null&#8220; bg_image_repeat=&#8220;no-repeat&#8220;][vc_column][\/vc_column][\/vc_row][vc_row full_width=&#8220;stretch_row&#8220; content_placement=&#8220;middle&#8220; bg_type=&#8220;bg_color&#8220; bg_override=&#8220;full&#8220; bg_color_value=&#8220;#3f3c3e&#8220;][vc_column css=&#8220;.vc_custom_1617559688385{background-position: center !important;background-repeat: no-repeat !important;background-size: cover !important;}&#8220;][vc_custom_heading text=&#8220;Golfen&#8220; font_container=&#8220;tag:h1|text_align:center|color:%23ffffff&#8220; use_theme_fonts=&#8220;yes&#8220; css_animation=&#8220;fadeInUp&#8220;][\/vc_column][\/vc_row][vc_row full_width=&#8220;stretch_row&#8220; gap=&#8220;35&#8243; content_placement=&#8220;middle&#8220; seperator_enable=&#8220;seperator_enable_value&#8220; seperator_type=&#8220;triangle_svg_seperator&#8220; seperator_svg_height=&#8220;24&#8243; seperator_shape_background=&#8220;#de3327&#8243; css=&#8220;.vc_custom_1613647304182{background-position: center !important;background-repeat: no-repeat !important;background-size: cover !important;}&#8220;][vc_column el_class=&#8220;container&#8220;][vc_row_inner gap=&#8220;30&#8243;][vc_column_inner width=&#8220;1\/2&#8243;][vc_column_text css_animation=&#8220;fadeInUp&#8220;]Golf rund um Wangen im Allg\u00e4u Auf einem Gebiet von ca 50 km\u00b2 finden sie\u00a020 gepflegte [&hellip;]\" \/>\n<meta property=\"og:url\" content=\"https:\/\/www.hotel-engelberg.de\/de\/region-sport\/golfen\/\" \/>\n<meta property=\"og:site_name\" content=\"Hotel Engelberg\" \/>\n<meta property=\"article:modified_time\" content=\"2021-04-05T11:23:06+00:00\" \/>\n<meta property=\"og:image\" content=\"https:\/\/www.hotel-engelberg.de\/wp-content\/uploads\/2021\/03\/IMG_3956-scaled.jpeg\" \/>\n\t<meta property=\"og:image:width\" content=\"2560\" \/>\n\t<meta property=\"og:image:height\" content=\"1920\" \/>\n\t<meta property=\"og:image:type\" content=\"image\/jpeg\" \/>\n<meta name=\"twitter:card\" content=\"summary_large_image\" \/>\n<meta name=\"twitter:label1\" content=\"Gesch\u00e4tzte Lesezeit\" \/>\n\t<meta name=\"twitter:data1\" content=\"1\u00a0Minute\" \/>\n<script type=\"application\/ld+json\" class=\"yoast-schema-graph\">{\"@context\":\"https:\\\/\\\/schema.org\",\"@graph\":[{\"@type\":\"WebPage\",\"@id\":\"https:\\\/\\\/www.hotel-engelberg.de\\\/de\\\/region-sport\\\/golfen\\\/\",\"url\":\"https:\\\/\\\/www.hotel-engelberg.de\\\/de\\\/region-sport\\\/golfen\\\/\",\"name\":\"Golfen | Hotel Engelberg\",\"isPartOf\":{\"@id\":\"https:\\\/\\\/www.hotel-engelberg.de\\\/de\\\/#website\"},\"primaryImageOfPage\":{\"@id\":\"https:\\\/\\\/www.hotel-engelberg.de\\\/de\\\/region-sport\\\/golfen\\\/#primaryimage\"},\"image\":{\"@id\":\"https:\\\/\\\/www.hotel-engelberg.de\\\/de\\\/region-sport\\\/golfen\\\/#primaryimage\"},\"thumbnailUrl\":\"https:\\\/\\\/www.hotel-engelberg.de\\\/wp-content\\\/uploads\\\/2021\\\/03\\\/IMG_3956-scaled.jpeg\",\"datePublished\":\"2021-02-18T13:06:20+00:00\",\"dateModified\":\"2021-04-05T11:23:06+00:00\",\"breadcrumb\":{\"@id\":\"https:\\\/\\\/www.hotel-engelberg.de\\\/de\\\/region-sport\\\/golfen\\\/#breadcrumb\"},\"inLanguage\":\"de\",\"potentialAction\":[{\"@type\":\"ReadAction\",\"target\":[\"https:\\\/\\\/www.hotel-engelberg.de\\\/de\\\/region-sport\\\/golfen\\\/\"]}]},{\"@type\":\"ImageObject\",\"inLanguage\":\"de\",\"@id\":\"https:\\\/\\\/www.hotel-engelberg.de\\\/de\\\/region-sport\\\/golfen\\\/#primaryimage\",\"url\":\"https:\\\/\\\/www.hotel-engelberg.de\\\/wp-content\\\/uploads\\\/2021\\\/03\\\/IMG_3956-scaled.jpeg\",\"contentUrl\":\"https:\\\/\\\/www.hotel-engelberg.de\\\/wp-content\\\/uploads\\\/2021\\\/03\\\/IMG_3956-scaled.jpeg\",\"width\":2560,\"height\":1920},{\"@type\":\"BreadcrumbList\",\"@id\":\"https:\\\/\\\/www.hotel-engelberg.de\\\/de\\\/region-sport\\\/golfen\\\/#breadcrumb\",\"itemListElement\":[{\"@type\":\"ListItem\",\"position\":1,\"name\":\"Startseite\",\"item\":\"https:\\\/\\\/www.hotel-engelberg.de\\\/de\\\/\"},{\"@type\":\"ListItem\",\"position\":2,\"name\":\"Region &#038; Sport\",\"item\":\"https:\\\/\\\/www.hotel-engelberg.de\\\/de\\\/region-sport\\\/\"},{\"@type\":\"ListItem\",\"position\":3,\"name\":\"Golfen\"}]},{\"@type\":\"WebSite\",\"@id\":\"https:\\\/\\\/www.hotel-engelberg.de\\\/de\\\/#website\",\"url\":\"https:\\\/\\\/www.hotel-engelberg.de\\\/de\\\/\",\"name\":\"Poschenrieder\",\"description\":\"\",\"potentialAction\":[{\"@type\":\"SearchAction\",\"target\":{\"@type\":\"EntryPoint\",\"urlTemplate\":\"https:\\\/\\\/www.hotel-engelberg.de\\\/de\\\/?s={search_term_string}\"},\"query-input\":{\"@type\":\"PropertyValueSpecification\",\"valueRequired\":true,\"valueName\":\"search_term_string\"}}],\"inLanguage\":\"de\"}]}<\/script>\n<!-- \/ Yoast SEO plugin. -->","yoast_head_json":{"title":"Golfen | Hotel Engelberg","robots":{"index":"index","follow":"follow","max-snippet":"max-snippet:-1","max-image-preview":"max-image-preview:large","max-video-preview":"max-video-preview:-1"},"canonical":"https:\/\/www.hotel-engelberg.de\/de\/region-sport\/golfen\/","og_locale":"de_DE","og_type":"article","og_title":"Golfen | Hotel Engelberg","og_description":"[vc_row full_width=&#8220;stretch_row_content_no_spaces&#8220; bg_type=&#8220;image&#8220; parallax_style=&#8220;vcpb-default&#8220; bg_image_new=&#8220;id^2607|url^https:\/\/www.hotel-engelberg.de\/wp-content\/uploads\/2021\/04\/IMG_6375-scaled-e1617621766620.jpg|caption^null|alt^null|title^IMG_6375|description^null&#8220; bg_image_repeat=&#8220;no-repeat&#8220;][vc_column][\/vc_column][\/vc_row][vc_row full_width=&#8220;stretch_row&#8220; content_placement=&#8220;middle&#8220; bg_type=&#8220;bg_color&#8220; bg_override=&#8220;full&#8220; bg_color_value=&#8220;#3f3c3e&#8220;][vc_column css=&#8220;.vc_custom_1617559688385{background-position: center !important;background-repeat: no-repeat !important;background-size: cover !important;}&#8220;][vc_custom_heading text=&#8220;Golfen&#8220; font_container=&#8220;tag:h1|text_align:center|color:%23ffffff&#8220; use_theme_fonts=&#8220;yes&#8220; css_animation=&#8220;fadeInUp&#8220;][\/vc_column][\/vc_row][vc_row full_width=&#8220;stretch_row&#8220; gap=&#8220;35&#8243; content_placement=&#8220;middle&#8220; seperator_enable=&#8220;seperator_enable_value&#8220; seperator_type=&#8220;triangle_svg_seperator&#8220; seperator_svg_height=&#8220;24&#8243; seperator_shape_background=&#8220;#de3327&#8243; css=&#8220;.vc_custom_1613647304182{background-position: center !important;background-repeat: no-repeat !important;background-size: cover !important;}&#8220;][vc_column el_class=&#8220;container&#8220;][vc_row_inner gap=&#8220;30&#8243;][vc_column_inner width=&#8220;1\/2&#8243;][vc_column_text css_animation=&#8220;fadeInUp&#8220;]Golf rund um Wangen im Allg\u00e4u Auf einem Gebiet von ca 50 km\u00b2 finden sie\u00a020 gepflegte [&hellip;]","og_url":"https:\/\/www.hotel-engelberg.de\/de\/region-sport\/golfen\/","og_site_name":"Hotel Engelberg","article_modified_time":"2021-04-05T11:23:06+00:00","og_image":[{"width":2560,"height":1920,"url":"https:\/\/www.hotel-engelberg.de\/wp-content\/uploads\/2021\/03\/IMG_3956-scaled.jpeg","type":"image\/jpeg"}],"twitter_card":"summary_large_image","twitter_misc":{"Gesch\u00e4tzte Lesezeit":"1\u00a0Minute"},"schema":{"@context":"https:\/\/schema.org","@graph":[{"@type":"WebPage","@id":"https:\/\/www.hotel-engelberg.de\/de\/region-sport\/golfen\/","url":"https:\/\/www.hotel-engelberg.de\/de\/region-sport\/golfen\/","name":"Golfen | Hotel Engelberg","isPartOf":{"@id":"https:\/\/www.hotel-engelberg.de\/de\/#website"},"primaryImageOfPage":{"@id":"https:\/\/www.hotel-engelberg.de\/de\/region-sport\/golfen\/#primaryimage"},"image":{"@id":"https:\/\/www.hotel-engelberg.de\/de\/region-sport\/golfen\/#primaryimage"},"thumbnailUrl":"https:\/\/www.hotel-engelberg.de\/wp-content\/uploads\/2021\/03\/IMG_3956-scaled.jpeg","datePublished":"2021-02-18T13:06:20+00:00","dateModified":"2021-04-05T11:23:06+00:00","breadcrumb":{"@id":"https:\/\/www.hotel-engelberg.de\/de\/region-sport\/golfen\/#breadcrumb"},"inLanguage":"de","potentialAction":[{"@type":"ReadAction","target":["https:\/\/www.hotel-engelberg.de\/de\/region-sport\/golfen\/"]}]},{"@type":"ImageObject","inLanguage":"de","@id":"https:\/\/www.hotel-engelberg.de\/de\/region-sport\/golfen\/#primaryimage","url":"https:\/\/www.hotel-engelberg.de\/wp-content\/uploads\/2021\/03\/IMG_3956-scaled.jpeg","contentUrl":"https:\/\/www.hotel-engelberg.de\/wp-content\/uploads\/2021\/03\/IMG_3956-scaled.jpeg","width":2560,"height":1920},{"@type":"BreadcrumbList","@id":"https:\/\/www.hotel-engelberg.de\/de\/region-sport\/golfen\/#breadcrumb","itemListElement":[{"@type":"ListItem","position":1,"name":"Startseite","item":"https:\/\/www.hotel-engelberg.de\/de\/"},{"@type":"ListItem","position":2,"name":"Region &#038; Sport","item":"https:\/\/www.hotel-engelberg.de\/de\/region-sport\/"},{"@type":"ListItem","position":3,"name":"Golfen"}]},{"@type":"WebSite","@id":"https:\/\/www.hotel-engelberg.de\/de\/#website","url":"https:\/\/www.hotel-engelberg.de\/de\/","name":"Poschenrieder","description":"","potentialAction":[{"@type":"SearchAction","target":{"@type":"EntryPoint","urlTemplate":"https:\/\/www.hotel-engelberg.de\/de\/?s={search_term_string}"},"query-input":{"@type":"PropertyValueSpecification","valueRequired":true,"valueName":"search_term_string"}}],"inLanguage":"de"}]}},"_links":{"self":[{"href":"https:\/\/www.hotel-engelberg.de\/de\/wp-json\/wp\/v2\/pages\/2117","targetHints":{"allow":["GET"]}}],"collection":[{"href":"https:\/\/www.hotel-engelberg.de\/de\/wp-json\/wp\/v2\/pages"}],"about":[{"href":"https:\/\/www.hotel-engelberg.de\/de\/wp-json\/wp\/v2\/types\/page"}],"author":[{"embeddable":true,"href":"https:\/\/www.hotel-engelberg.de\/de\/wp-json\/wp\/v2\/users\/1"}],"replies":[{"embeddable":true,"href":"https:\/\/www.hotel-engelberg.de\/de\/wp-json\/wp\/v2\/comments?post=2117"}],"version-history":[{"count":5,"href":"https:\/\/www.hotel-engelberg.de\/de\/wp-json\/wp\/v2\/pages\/2117\/revisions"}],"predecessor-version":[{"id":2609,"href":"https:\/\/www.hotel-engelberg.de\/de\/wp-json\/wp\/v2\/pages\/2117\/revisions\/2609"}],"up":[{"embeddable":true,"href":"https:\/\/www.hotel-engelberg.de\/de\/wp-json\/wp\/v2\/pages\/2113"}],"wp:featuredmedia":[{"embeddable":true,"href":"https:\/\/www.hotel-engelberg.de\/de\/wp-json\/wp\/v2\/media\/2528"}],"wp:attachment":[{"href":"https:\/\/www.hotel-engelberg.de\/de\/wp-json\/wp\/v2\/media?parent=2117"}],"curies":[{"name":"wp","href":"https:\/\/api.w.org\/{rel}","templated":true}]}}