{"id":2116,"date":"2021-02-18T14:06:20","date_gmt":"2021-02-18T13:06:20","guid":{"rendered":"https:\/\/hotel-engelberg.de\/radfahren\/"},"modified":"2021-04-04T20:07:30","modified_gmt":"2021-04-04T18:07:30","slug":"radfahren","status":"publish","type":"page","link":"https:\/\/www.hotel-engelberg.de\/de\/region-sport\/radfahren\/","title":{"rendered":"Radfahren"},"content":{"rendered":"<div class=\"wpb-content-wrapper\"><p>[vc_row full_width=&#8220;stretch_row_content_no_spaces&#8220; bg_type=&#8220;image&#8220; parallax_style=&#8220;vcpb-default&#8220; bg_image_new=&#8220;id^2551|url^https:\/\/www.hotel-engelberg.de\/wp-content\/uploads\/2021\/03\/silhouette-683751_1920.jpg|caption^null|alt^null|title^silhouette-683751_1920|description^null&#8220; bg_image_repeat=&#8220;no-repeat&#8220;][vc_column]<div class=\"ult-spacer spacer-69e344411480a\" data-id=\"69e344411480a\" data-height=\"640\" data-height-mobile=\"300\" data-height-tab=\"420\" data-height-tab-portrait=\"420\" data-height-mobile-landscape=\"300\" style=\"clear:both;display:block;\"><\/div>[\/vc_column][\/vc_row][vc_row full_width=&#8220;stretch_row&#8220; content_placement=&#8220;middle&#8220; bg_type=&#8220;bg_color&#8220; bg_override=&#8220;full&#8220; bg_color_value=&#8220;#3f3c3e&#8220;][vc_column]<div class=\"ult-spacer spacer-69e3444114840\" data-id=\"69e3444114840\" data-height=\"40\" data-height-mobile=\"40\" data-height-tab=\"40\" data-height-tab-portrait=\"\" data-height-mobile-landscape=\"\" style=\"clear:both;display:block;\"><\/div>[vc_custom_heading text=&#8220;Radfahren&#8220; font_container=&#8220;tag:h1|text_align:center|color:%23ffffff&#8220; use_theme_fonts=&#8220;yes&#8220; css_animation=&#8220;fadeInUp&#8220;]<div class=\"ult-spacer spacer-69e3444114865\" data-id=\"69e3444114865\" data-height=\"40\" data-height-mobile=\"40\" data-height-tab=\"40\" data-height-tab-portrait=\"\" data-height-mobile-landscape=\"\" style=\"clear:both;display:block;\"><\/div>[\/vc_column][\/vc_row][vc_row full_width=&#8220;stretch_row&#8220; gap=&#8220;35&#8243; content_placement=&#8220;middle&#8220; seperator_enable=&#8220;seperator_enable_value&#8220; seperator_type=&#8220;triangle_svg_seperator&#8220; seperator_svg_height=&#8220;24&#8243; seperator_shape_background=&#8220;#de3327&#8243; css=&#8220;.vc_custom_1613647304182{background-position: center !important;background-repeat: no-repeat !important;background-size: cover !important;}&#8220;][vc_column el_class=&#8220;container&#8220;]<div class=\"ult-spacer spacer-69e3444114885\" data-id=\"69e3444114885\" data-height=\"20\" data-height-mobile=\"20\" data-height-tab=\"20\" data-height-tab-portrait=\"\" data-height-mobile-landscape=\"\" style=\"clear:both;display:block;\"><\/div>[vc_row_inner gap=&#8220;30&#8243;][vc_column_inner width=&#8220;1\/2&#8243;][vc_column_text css_animation=&#8220;fadeInUp&#8220;]Wir sind jetzt ein Bett+Bike ADFC zertifizierter fahrradfreundlicher Gastbetrieb!<\/p>\n<p>Wir bieten unseren Radlern die M\u00f6glichkeit der \u00dcbernachtung f\u00fcr eine Nacht, sichere Unterstellung f\u00fcr das Fahrrad, Trockenm\u00f6glichkeit f\u00fcr nasse Kleidung und Ausr\u00fcstung, Werkzeug \u00a0f\u00fcr kleinere Reparaturen, Karten- und touristisches Informationsmaterial und vieles mehr&#8230;<\/p>\n<p>Erkunden Sie die Region rund um Wangen, Ki\u00dflegg und das westliche Allg\u00e4u auf zwei R\u00e4dern und genie\u00dfen Sie die grenzenlose Natur und die gesunde Luft. Ihre R\u00e4der k\u00f6nnen Sie dabei gerne zu Haus lassen und sich bei uns die neuesten Modelle ausleihen. Au\u00dferdem k\u00f6nnen Sie auch E-Bikes ausleihen \u2013 so sind auch Anstiege bequem zu bew\u00e4ltigen.<\/p>\n<p><a href=\"http:\/\/www.wangen.de\/gaeste\/zu-gast-in-wangen\/ausfluege-und-touren\/radwege.html\" target=\"_blank\" rel=\"noopener\">Hier<\/a> finden Sie eine \u00dcbersicht zu den Radwegen in der Region.<\/p>\n<p>[\/vc_column_text][\/vc_column_inner][vc_column_inner width=&#8220;1\/2&#8243;][vc_single_image image=&#8220;2584&#8243; img_size=&#8220;220&#215;400&#8243; css_animation=&#8220;fadeInUp&#8220;][\/vc_column_inner][\/vc_row_inner]<div class=\"ult-spacer spacer-69e34441148a2\" data-id=\"69e34441148a2\" data-height=\"40\" data-height-mobile=\"40\" data-height-tab=\"40\" data-height-tab-portrait=\"\" data-height-mobile-landscape=\"\" style=\"clear:both;display:block;\"><\/div>[\/vc_column][\/vc_row][vc_row full_width=&#8220;stretch_row&#8220; bg_type=&#8220;bg_color&#8220; bg_color_value=&#8220;#ededdf&#8220;][vc_column]<div class=\"ult-spacer spacer-69e34441148bf\" data-id=\"69e34441148bf\" data-height=\"30\" data-height-mobile=\"30\" data-height-tab=\"30\" data-height-tab-portrait=\"\" data-height-mobile-landscape=\"\" style=\"clear:both;display:block;\"><\/div>[vc_custom_heading text=&#8220;Impressionen&#8220; font_container=&#8220;tag:h2|text_align:center&#8220; use_theme_fonts=&#8220;yes&#8220; css_animation=&#8220;fadeInUp&#8220; el_class=&#8220;schreibschrift&#8220;][vc_media_grid gap=&#8220;20&#8243; item=&#8220;2207&#8243; grid_id=&#8220;vc_gid:1617559613297-cc751bc1-123c-0&#8243; include=&#8220;2222,2235,2236,2232,2226,2225,2240&#8243;]<div class=\"ult-spacer spacer-69e34441148da\" data-id=\"69e34441148da\" data-height=\"40\" data-height-mobile=\"40\" data-height-tab=\"40\" data-height-tab-portrait=\"\" data-height-mobile-landscape=\"\" style=\"clear:both;display:block;\"><\/div>[\/vc_column][\/vc_row]<\/p>\n<\/div>","protected":false},"excerpt":{"rendered":"<p>[vc_row full_width=&#8220;stretch_row_content_no_spaces&#8220; bg_type=&#8220;image&#8220; parallax_style=&#8220;vcpb-default&#8220; bg_image_new=&#8220;id^2551|url^https:\/\/www.hotel-engelberg.de\/wp-content\/uploads\/2021\/03\/silhouette-683751_1920.jpg|caption^null|alt^null|title^silhouette-683751_1920|description^null&#8220; bg_image_repeat=&#8220;no-repeat&#8220;][vc_column][\/vc_column][\/vc_row][vc_row full_width=&#8220;stretch_row&#8220; content_placement=&#8220;middle&#8220; bg_type=&#8220;bg_color&#8220; bg_override=&#8220;full&#8220; bg_color_value=&#8220;#3f3c3e&#8220;][vc_column][vc_custom_heading text=&#8220;Radfahren&#8220; font_container=&#8220;tag:h1|text_align:center|color:%23ffffff&#8220; use_theme_fonts=&#8220;yes&#8220; css_animation=&#8220;fadeInUp&#8220;][\/vc_column][\/vc_row][vc_row full_width=&#8220;stretch_row&#8220; gap=&#8220;35&#8243; content_placement=&#8220;middle&#8220; seperator_enable=&#8220;seperator_enable_value&#8220; seperator_type=&#8220;triangle_svg_seperator&#8220; seperator_svg_height=&#8220;24&#8243; seperator_shape_background=&#8220;#de3327&#8243; css=&#8220;.vc_custom_1613647304182{background-position: center !important;background-repeat: no-repeat !important;background-size: cover !important;}&#8220;][vc_column el_class=&#8220;container&#8220;][vc_row_inner gap=&#8220;30&#8243;][vc_column_inner width=&#8220;1\/2&#8243;][vc_column_text css_animation=&#8220;fadeInUp&#8220;]Wir sind jetzt ein Bett+Bike ADFC zertifizierter fahrradfreundlicher Gastbetrieb! Wir bieten unseren Radlern die M\u00f6glichkeit der \u00dcbernachtung f\u00fcr eine Nacht, sichere Unterstellung f\u00fcr [&hellip;]<\/p>\n","protected":false},"author":1,"featured_media":2551,"parent":2113,"menu_order":6,"comment_status":"closed","ping_status":"closed","template":"","meta":{"inline_featured_image":false,"footnotes":""},"class_list":["post-2116","page","type-page","status-publish","has-post-thumbnail","hentry"],"yoast_head":"<!-- This site is optimized with the Yoast SEO plugin v27.4 - https:\/\/yoast.com\/product\/yoast-seo-wordpress\/ -->\n<title>Radfahren | Hotel Engelberg<\/title>\n<meta name=\"description\" content=\"Wir sind ein Bett+Bike ADFC zertifizierter fahrradfreundlicher Gastbetrieb ! Wir bieten euch Radlern die M\u00f6glichkeit der sicheren Unterstellung f\u00fcr das Fahrrad, Trockenm\u00f6glichkeit f\u00fcr nasse Kleidung und Ausr\u00fcstung, Werkzeug f\u00fcr kleinere Reparaturen, Karten- und touristisches Informationsmaterial und vieles mehr...Wir freuen uns schon sehr auf die Radler unter Euch!\" \/>\n<meta name=\"robots\" content=\"index, follow, max-snippet:-1, max-image-preview:large, max-video-preview:-1\" \/>\n<link rel=\"canonical\" href=\"https:\/\/www.hotel-engelberg.de\/de\/region-sport\/radfahren\/\" \/>\n<meta property=\"og:locale\" content=\"de_DE\" \/>\n<meta property=\"og:type\" content=\"article\" \/>\n<meta property=\"og:title\" content=\"Radfahren | Hotel Engelberg\" \/>\n<meta property=\"og:description\" content=\"Wir sind ein Bett+Bike ADFC zertifizierter fahrradfreundlicher Gastbetrieb ! Wir bieten euch Radlern die M\u00f6glichkeit der sicheren Unterstellung f\u00fcr das Fahrrad, Trockenm\u00f6glichkeit f\u00fcr nasse Kleidung und Ausr\u00fcstung, Werkzeug f\u00fcr kleinere Reparaturen, Karten- und touristisches Informationsmaterial und vieles mehr...Wir freuen uns schon sehr auf die Radler unter Euch!\" \/>\n<meta property=\"og:url\" content=\"https:\/\/www.hotel-engelberg.de\/de\/region-sport\/radfahren\/\" \/>\n<meta property=\"og:site_name\" content=\"Hotel Engelberg\" \/>\n<meta property=\"article:modified_time\" content=\"2021-04-04T18:07:30+00:00\" \/>\n<meta property=\"og:image\" content=\"https:\/\/www.hotel-engelberg.de\/wp-content\/uploads\/2021\/03\/silhouette-683751_1920.jpg\" \/>\n\t<meta property=\"og:image:width\" content=\"1920\" \/>\n\t<meta property=\"og:image:height\" content=\"1080\" \/>\n\t<meta property=\"og:image:type\" content=\"image\/jpeg\" \/>\n<meta name=\"twitter:card\" content=\"summary_large_image\" \/>\n<meta name=\"twitter:label1\" content=\"Gesch\u00e4tzte Lesezeit\" \/>\n\t<meta name=\"twitter:data1\" content=\"1\u00a0Minute\" \/>\n<script type=\"application\/ld+json\" class=\"yoast-schema-graph\">{\"@context\":\"https:\\\/\\\/schema.org\",\"@graph\":[{\"@type\":\"WebPage\",\"@id\":\"https:\\\/\\\/www.hotel-engelberg.de\\\/de\\\/region-sport\\\/radfahren\\\/\",\"url\":\"https:\\\/\\\/www.hotel-engelberg.de\\\/de\\\/region-sport\\\/radfahren\\\/\",\"name\":\"Radfahren | Hotel Engelberg\",\"isPartOf\":{\"@id\":\"https:\\\/\\\/www.hotel-engelberg.de\\\/de\\\/#website\"},\"primaryImageOfPage\":{\"@id\":\"https:\\\/\\\/www.hotel-engelberg.de\\\/de\\\/region-sport\\\/radfahren\\\/#primaryimage\"},\"image\":{\"@id\":\"https:\\\/\\\/www.hotel-engelberg.de\\\/de\\\/region-sport\\\/radfahren\\\/#primaryimage\"},\"thumbnailUrl\":\"https:\\\/\\\/www.hotel-engelberg.de\\\/wp-content\\\/uploads\\\/2021\\\/03\\\/silhouette-683751_1920.jpg\",\"datePublished\":\"2021-02-18T13:06:20+00:00\",\"dateModified\":\"2021-04-04T18:07:30+00:00\",\"description\":\"Wir sind ein Bett+Bike ADFC zertifizierter fahrradfreundlicher Gastbetrieb ! Wir bieten euch Radlern die M\u00f6glichkeit der sicheren Unterstellung f\u00fcr das Fahrrad, Trockenm\u00f6glichkeit f\u00fcr nasse Kleidung und Ausr\u00fcstung, Werkzeug f\u00fcr kleinere Reparaturen, Karten- und touristisches Informationsmaterial und vieles mehr...Wir freuen uns schon sehr auf die Radler unter Euch!\",\"breadcrumb\":{\"@id\":\"https:\\\/\\\/www.hotel-engelberg.de\\\/de\\\/region-sport\\\/radfahren\\\/#breadcrumb\"},\"inLanguage\":\"de\",\"potentialAction\":[{\"@type\":\"ReadAction\",\"target\":[\"https:\\\/\\\/www.hotel-engelberg.de\\\/de\\\/region-sport\\\/radfahren\\\/\"]}]},{\"@type\":\"ImageObject\",\"inLanguage\":\"de\",\"@id\":\"https:\\\/\\\/www.hotel-engelberg.de\\\/de\\\/region-sport\\\/radfahren\\\/#primaryimage\",\"url\":\"https:\\\/\\\/www.hotel-engelberg.de\\\/wp-content\\\/uploads\\\/2021\\\/03\\\/silhouette-683751_1920.jpg\",\"contentUrl\":\"https:\\\/\\\/www.hotel-engelberg.de\\\/wp-content\\\/uploads\\\/2021\\\/03\\\/silhouette-683751_1920.jpg\",\"width\":1920,\"height\":1080},{\"@type\":\"BreadcrumbList\",\"@id\":\"https:\\\/\\\/www.hotel-engelberg.de\\\/de\\\/region-sport\\\/radfahren\\\/#breadcrumb\",\"itemListElement\":[{\"@type\":\"ListItem\",\"position\":1,\"name\":\"Startseite\",\"item\":\"https:\\\/\\\/www.hotel-engelberg.de\\\/de\\\/\"},{\"@type\":\"ListItem\",\"position\":2,\"name\":\"Region &#038; Sport\",\"item\":\"https:\\\/\\\/www.hotel-engelberg.de\\\/de\\\/region-sport\\\/\"},{\"@type\":\"ListItem\",\"position\":3,\"name\":\"Radfahren\"}]},{\"@type\":\"WebSite\",\"@id\":\"https:\\\/\\\/www.hotel-engelberg.de\\\/de\\\/#website\",\"url\":\"https:\\\/\\\/www.hotel-engelberg.de\\\/de\\\/\",\"name\":\"Poschenrieder\",\"description\":\"\",\"potentialAction\":[{\"@type\":\"SearchAction\",\"target\":{\"@type\":\"EntryPoint\",\"urlTemplate\":\"https:\\\/\\\/www.hotel-engelberg.de\\\/de\\\/?s={search_term_string}\"},\"query-input\":{\"@type\":\"PropertyValueSpecification\",\"valueRequired\":true,\"valueName\":\"search_term_string\"}}],\"inLanguage\":\"de\"}]}<\/script>\n<!-- \/ Yoast SEO plugin. -->","yoast_head_json":{"title":"Radfahren | Hotel Engelberg","description":"Wir sind ein Bett+Bike ADFC zertifizierter fahrradfreundlicher Gastbetrieb ! Wir bieten euch Radlern die M\u00f6glichkeit der sicheren Unterstellung f\u00fcr das Fahrrad, Trockenm\u00f6glichkeit f\u00fcr nasse Kleidung und Ausr\u00fcstung, Werkzeug f\u00fcr kleinere Reparaturen, Karten- und touristisches Informationsmaterial und vieles mehr...Wir freuen uns schon sehr auf die Radler unter Euch!","robots":{"index":"index","follow":"follow","max-snippet":"max-snippet:-1","max-image-preview":"max-image-preview:large","max-video-preview":"max-video-preview:-1"},"canonical":"https:\/\/www.hotel-engelberg.de\/de\/region-sport\/radfahren\/","og_locale":"de_DE","og_type":"article","og_title":"Radfahren | Hotel Engelberg","og_description":"Wir sind ein Bett+Bike ADFC zertifizierter fahrradfreundlicher Gastbetrieb ! Wir bieten euch Radlern die M\u00f6glichkeit der sicheren Unterstellung f\u00fcr das Fahrrad, Trockenm\u00f6glichkeit f\u00fcr nasse Kleidung und Ausr\u00fcstung, Werkzeug f\u00fcr kleinere Reparaturen, Karten- und touristisches Informationsmaterial und vieles mehr...Wir freuen uns schon sehr auf die Radler unter Euch!","og_url":"https:\/\/www.hotel-engelberg.de\/de\/region-sport\/radfahren\/","og_site_name":"Hotel Engelberg","article_modified_time":"2021-04-04T18:07:30+00:00","og_image":[{"width":1920,"height":1080,"url":"https:\/\/www.hotel-engelberg.de\/wp-content\/uploads\/2021\/03\/silhouette-683751_1920.jpg","type":"image\/jpeg"}],"twitter_card":"summary_large_image","twitter_misc":{"Gesch\u00e4tzte Lesezeit":"1\u00a0Minute"},"schema":{"@context":"https:\/\/schema.org","@graph":[{"@type":"WebPage","@id":"https:\/\/www.hotel-engelberg.de\/de\/region-sport\/radfahren\/","url":"https:\/\/www.hotel-engelberg.de\/de\/region-sport\/radfahren\/","name":"Radfahren | Hotel Engelberg","isPartOf":{"@id":"https:\/\/www.hotel-engelberg.de\/de\/#website"},"primaryImageOfPage":{"@id":"https:\/\/www.hotel-engelberg.de\/de\/region-sport\/radfahren\/#primaryimage"},"image":{"@id":"https:\/\/www.hotel-engelberg.de\/de\/region-sport\/radfahren\/#primaryimage"},"thumbnailUrl":"https:\/\/www.hotel-engelberg.de\/wp-content\/uploads\/2021\/03\/silhouette-683751_1920.jpg","datePublished":"2021-02-18T13:06:20+00:00","dateModified":"2021-04-04T18:07:30+00:00","description":"Wir sind ein Bett+Bike ADFC zertifizierter fahrradfreundlicher Gastbetrieb ! Wir bieten euch Radlern die M\u00f6glichkeit der sicheren Unterstellung f\u00fcr das Fahrrad, Trockenm\u00f6glichkeit f\u00fcr nasse Kleidung und Ausr\u00fcstung, Werkzeug f\u00fcr kleinere Reparaturen, Karten- und touristisches Informationsmaterial und vieles mehr...Wir freuen uns schon sehr auf die Radler unter Euch!","breadcrumb":{"@id":"https:\/\/www.hotel-engelberg.de\/de\/region-sport\/radfahren\/#breadcrumb"},"inLanguage":"de","potentialAction":[{"@type":"ReadAction","target":["https:\/\/www.hotel-engelberg.de\/de\/region-sport\/radfahren\/"]}]},{"@type":"ImageObject","inLanguage":"de","@id":"https:\/\/www.hotel-engelberg.de\/de\/region-sport\/radfahren\/#primaryimage","url":"https:\/\/www.hotel-engelberg.de\/wp-content\/uploads\/2021\/03\/silhouette-683751_1920.jpg","contentUrl":"https:\/\/www.hotel-engelberg.de\/wp-content\/uploads\/2021\/03\/silhouette-683751_1920.jpg","width":1920,"height":1080},{"@type":"BreadcrumbList","@id":"https:\/\/www.hotel-engelberg.de\/de\/region-sport\/radfahren\/#breadcrumb","itemListElement":[{"@type":"ListItem","position":1,"name":"Startseite","item":"https:\/\/www.hotel-engelberg.de\/de\/"},{"@type":"ListItem","position":2,"name":"Region &#038; Sport","item":"https:\/\/www.hotel-engelberg.de\/de\/region-sport\/"},{"@type":"ListItem","position":3,"name":"Radfahren"}]},{"@type":"WebSite","@id":"https:\/\/www.hotel-engelberg.de\/de\/#website","url":"https:\/\/www.hotel-engelberg.de\/de\/","name":"Poschenrieder","description":"","potentialAction":[{"@type":"SearchAction","target":{"@type":"EntryPoint","urlTemplate":"https:\/\/www.hotel-engelberg.de\/de\/?s={search_term_string}"},"query-input":{"@type":"PropertyValueSpecification","valueRequired":true,"valueName":"search_term_string"}}],"inLanguage":"de"}]}},"_links":{"self":[{"href":"https:\/\/www.hotel-engelberg.de\/de\/wp-json\/wp\/v2\/pages\/2116","targetHints":{"allow":["GET"]}}],"collection":[{"href":"https:\/\/www.hotel-engelberg.de\/de\/wp-json\/wp\/v2\/pages"}],"about":[{"href":"https:\/\/www.hotel-engelberg.de\/de\/wp-json\/wp\/v2\/types\/page"}],"author":[{"embeddable":true,"href":"https:\/\/www.hotel-engelberg.de\/de\/wp-json\/wp\/v2\/users\/1"}],"replies":[{"embeddable":true,"href":"https:\/\/www.hotel-engelberg.de\/de\/wp-json\/wp\/v2\/comments?post=2116"}],"version-history":[{"count":5,"href":"https:\/\/www.hotel-engelberg.de\/de\/wp-json\/wp\/v2\/pages\/2116\/revisions"}],"predecessor-version":[{"id":2600,"href":"https:\/\/www.hotel-engelberg.de\/de\/wp-json\/wp\/v2\/pages\/2116\/revisions\/2600"}],"up":[{"embeddable":true,"href":"https:\/\/www.hotel-engelberg.de\/de\/wp-json\/wp\/v2\/pages\/2113"}],"wp:featuredmedia":[{"embeddable":true,"href":"https:\/\/www.hotel-engelberg.de\/de\/wp-json\/wp\/v2\/media\/2551"}],"wp:attachment":[{"href":"https:\/\/www.hotel-engelberg.de\/de\/wp-json\/wp\/v2\/media?parent=2116"}],"curies":[{"name":"wp","href":"https:\/\/api.w.org\/{rel}","templated":true}]}}