{"id":2115,"date":"2021-02-18T14:06:20","date_gmt":"2021-02-18T13:06:20","guid":{"rendered":"https:\/\/hotel-engelberg.de\/wandern\/"},"modified":"2021-04-04T20:06:13","modified_gmt":"2021-04-04T18:06:13","slug":"wandern","status":"publish","type":"page","link":"https:\/\/www.hotel-engelberg.de\/de\/region-sport\/wandern\/","title":{"rendered":"Wandern, Nordic Walking"},"content":{"rendered":"<div class=\"wpb-content-wrapper\"><p>[vc_row full_width=&#8220;stretch_row_content_no_spaces&#8220; bg_type=&#8220;image&#8220; parallax_style=&#8220;vcpb-default&#8220; bg_image_new=&#8220;id^2563|url^https:\/\/www.hotel-engelberg.de\/wp-content\/uploads\/2021\/03\/DSC01553.jpeg|caption^null|alt^null|title^DSC01553|description^null&#8220; bg_image_repeat=&#8220;no-repeat&#8220;][vc_column]<div class=\"ult-spacer spacer-69f473c276937\" data-id=\"69f473c276937\" data-height=\"640\" data-height-mobile=\"300\" data-height-tab=\"420\" data-height-tab-portrait=\"420\" data-height-mobile-landscape=\"300\" style=\"clear:both;display:block;\"><\/div>[\/vc_column][\/vc_row][vc_row full_width=&#8220;stretch_row&#8220; content_placement=&#8220;middle&#8220; bg_type=&#8220;bg_color&#8220; bg_override=&#8220;full&#8220; bg_color_value=&#8220;#3f3c3e&#8220;][vc_column css=&#8220;.vc_custom_1617559570317{background-position: center !important;background-repeat: no-repeat !important;background-size: cover !important;}&#8220;]<div class=\"ult-spacer spacer-69f473c27697b\" data-id=\"69f473c27697b\" data-height=\"40\" data-height-mobile=\"40\" data-height-tab=\"40\" data-height-tab-portrait=\"\" data-height-mobile-landscape=\"\" style=\"clear:both;display:block;\"><\/div>[vc_custom_heading text=&#8220;Wandern im Allg\u00e4u &#8211; erleben Sie die wundervolle Natur der Alpen!&#8220; font_container=&#8220;tag:h1|text_align:center|color:%23ffffff&#8220; use_theme_fonts=&#8220;yes&#8220; css_animation=&#8220;fadeInUp&#8220;]<div class=\"ult-spacer spacer-69f473c2769ac\" data-id=\"69f473c2769ac\" data-height=\"40\" data-height-mobile=\"40\" data-height-tab=\"40\" data-height-tab-portrait=\"\" data-height-mobile-landscape=\"\" style=\"clear:both;display:block;\"><\/div>[\/vc_column][\/vc_row][vc_row full_width=&#8220;stretch_row&#8220; gap=&#8220;35&#8243; content_placement=&#8220;middle&#8220; seperator_enable=&#8220;seperator_enable_value&#8220; seperator_type=&#8220;triangle_svg_seperator&#8220; seperator_svg_height=&#8220;24&#8243; seperator_shape_background=&#8220;#de3327&#8243; css=&#8220;.vc_custom_1613647304182{background-position: center !important;background-repeat: no-repeat !important;background-size: cover !important;}&#8220;][vc_column el_class=&#8220;container&#8220;]<div class=\"ult-spacer spacer-69f473c2769d9\" data-id=\"69f473c2769d9\" data-height=\"40\" data-height-mobile=\"40\" data-height-tab=\"40\" data-height-tab-portrait=\"\" data-height-mobile-landscape=\"\" style=\"clear:both;display:block;\"><\/div>[vc_row_inner gap=&#8220;35&#8243;][vc_column_inner width=&#8220;1\/3&#8243;][vc_column_text css_animation=&#8220;fadeInUp&#8220;]Das Hotel Garni Engelberg in Wangen im Allg\u00e4u bietet den idealen Ausgangspunkt f\u00fcr Ihre Wanderungen in der pr\u00e4chtigen Landschaft der Allg\u00e4uer Alpen. Genie\u00dfen Sie ausgiebige Touren durch das urige Allg\u00e4u und seine wundervollen W\u00e4lder und sonnigen Wiesen und lauschen Sie den erfrischenden Kl\u00e4ngen der Alpen &#8211; direkt vom Hotel wandern Sie im Allg\u00e4u auf den Spuren von unber\u00fchrter Natur!<\/p>\n<p><b>Kulturkenner wandern im Allg\u00e4u auf einem historischen Pfad!<\/b><\/p>\n<p>Nur knapp 8 km entfernt liegt inmitten des w\u00fcrttembergischen Allg\u00e4us der Luftkurort Ki\u00dflegg, der nicht nur f\u00fcr Natur Liebhaber interessant erscheint. Auch als Kulturkenner wandern Sie im Allg\u00e4u auf einem Weg, der Sie begeistern wird. Die Barockkirche St. Gallus und Ulrich mit ihrem gro\u00dfz\u00fcgigen Tonnengew\u00f6lbe und dem bekannten Augsburger Silberschatz lockt die Besucher genauso an wie das Neue Schloss mit seinen ber\u00fchmten Sibyllenfiguren von Joseph Anton Feuchtmayer. Zeitgen\u00f6ssische Kunstausstellungen finden ebenso ihre Anh\u00e4nger in der \u201eStadt der kurzen Wege\u201c!<\/p>\n<p>In dem mittelalterlichen Kleinod Wangen im Allg\u00e4u gehen die Besucher auf eine Tour zwischen historischen Geb\u00e4uden, kunstvollen Brunnen, geheimnisvollen Gassen und erleben die pure Gastfreundschaft der Allg\u00e4uer.[\/vc_column_text][\/vc_column_inner][vc_column_inner width=&#8220;1\/3&#8243;][vc_column_text css_animation=&#8220;fadeInUp&#8220;]Denn die Wangener sind stolz auf ihre Stadt und machen es den G\u00e4sten der Alpen leicht, sich auch im k\u00e4ltesten Winter geborgen zu f\u00fchlen. Es hei\u00dft: &#8222;In Wange bleibt ma hange!&#8220;. Warum nur? Das Hotel Garni Engelberg zeigt Ihnen, wie man hier im Allg\u00e4u Natur, Wellness und Freizeit in vollen Z\u00fcgen genie\u00dfen kann.<\/p>\n<p>Nur wenige Autominuten entfernt wandern Sie durch Allg\u00e4uer M\u00e4rchenst\u00e4dtchen wie Waldburg, Isny oder Wolfegg. In Leutkirch, inmitten der Ferienregion Allg\u00e4u und vor der Kulisse der Hochalpen, erkunden Sie viele historische Geb\u00e4ude in der prunkvollen Altstadt. Allen voran das barocke Rathaus mit den eleganten Stuckaturen des Meisters Johannes Sch\u00fctz. Schloss Zeil l\u00e4dt zum Spaziergang\u00a0 durch den Schlosshof und den Park ein &#8211; und \u00f6ffnet einen traumhaften Blick auf die Alpenkette. Im historischen Glasmacherdorf Schmidsfelden zeigt Glasbl\u00e4ser Stefan Michaelis alte Handwerkskunst. Besonders m\u00e4rchenhaft wirkt die Architektur der Altstadt aus einer Gondel der zahlreichen Bergbahnen im schneereichen Allg\u00e4uer Winter.<\/p>\n<p><b>Pures Naturerlebnis \u2013 Wandern im Allg\u00e4u!<\/b><\/p>\n<p>Isny ist ein mittelalterliches Oval mit Stadtmauer, Wehrt\u00fcrmen, Kirchen und Schloss. Wie Ordensbr\u00fcder, Adel und B\u00fcrgerturm, Handwerker und H\u00e4ndler das Gesicht der ehemals Freien Reichsstadt pr\u00e4gten, erfahren Sie beim Rundgang &#8222;Isny erz\u00e4hlt Geschichte&#8220;.[\/vc_column_text][\/vc_column_inner][vc_column_inner width=&#8220;1\/3&#8243;][vc_column_text css_animation=&#8220;fadeInUp&#8220;]Um nichts in der Welt sollten Sie die erlebnisreichen Wanderungen in den Naturschutzgebieten vor den Toren der Stadt und die lehrreichen Touren durch die seltene Fauna und Flora von Moorgebieten, verpassen. Alle Informationen zu diesem Naturwunder mitten im Allg\u00e4u finden Sie auf der Seite von unserem Hotel Garni Engelberg.<\/p>\n<p>Am Fu\u00dfe der weithin sichtbaren Waldburg liegt der gleichnamige, staatlich anerkannte Erholungsort, der mit seinem milden Reizklima sowohl im Sommer als auch im Winter, als ein beliebtes Ausflugs- und Erholungsziel zum Wandern im Allg\u00e4u gilt. Die Waldburg, Wahrzeichen der Region, z\u00e4hlt nach umfassender Renovierung zu den besterhaltenen mittelalterlichen Burganlagen S\u00fcddeutschlands. Sie beherbergt ein interessantes Museum und ist Schauplatz vielf\u00e4ltiger Kulturveranstaltungen. Von hier aus bietet sich Ihnen ein einzigartiger Ausblick auf die Alpenkette, den Bodensee, Oberschwaben und nat\u00fcrlich das Allg\u00e4u selbst.<\/p>\n<p>Alle Informationen \u00fcber die sch\u00f6nsten Wanderungen, fesselnden Bergbahnen, atemberaubenden Touren durch die Natur und die sch\u00f6nsten architektonischen Meisterwerke der Alpen, stellen wir vom Hotel Garni Engelberg mit allerh\u00f6chstem Vergn\u00fcgen f\u00fcr Sie bereit. Damit Wandern im Allg\u00e4u f\u00fcr Sie der h\u00f6chste Genuss wird![\/vc_column_text][\/vc_column_inner][\/vc_row_inner]<div class=\"ult-spacer spacer-69f473c276a03\" data-id=\"69f473c276a03\" data-height=\"40\" data-height-mobile=\"40\" data-height-tab=\"40\" data-height-tab-portrait=\"\" data-height-mobile-landscape=\"\" style=\"clear:both;display:block;\"><\/div>[\/vc_column][\/vc_row]<\/p>\n<\/div>","protected":false},"excerpt":{"rendered":"<p>[vc_row full_width=&#8220;stretch_row_content_no_spaces&#8220; bg_type=&#8220;image&#8220; parallax_style=&#8220;vcpb-default&#8220; bg_image_new=&#8220;id^2563|url^https:\/\/www.hotel-engelberg.de\/wp-content\/uploads\/2021\/03\/DSC01553.jpeg|caption^null|alt^null|title^DSC01553|description^null&#8220; bg_image_repeat=&#8220;no-repeat&#8220;][vc_column][\/vc_column][\/vc_row][vc_row full_width=&#8220;stretch_row&#8220; content_placement=&#8220;middle&#8220; bg_type=&#8220;bg_color&#8220; bg_override=&#8220;full&#8220; bg_color_value=&#8220;#3f3c3e&#8220;][vc_column css=&#8220;.vc_custom_1617559570317{background-position: center !important;background-repeat: no-repeat !important;background-size: cover !important;}&#8220;][vc_custom_heading text=&#8220;Wandern im Allg\u00e4u &#8211; erleben Sie die wundervolle Natur der Alpen!&#8220; font_container=&#8220;tag:h1|text_align:center|color:%23ffffff&#8220; use_theme_fonts=&#8220;yes&#8220; css_animation=&#8220;fadeInUp&#8220;][\/vc_column][\/vc_row][vc_row full_width=&#8220;stretch_row&#8220; gap=&#8220;35&#8243; content_placement=&#8220;middle&#8220; seperator_enable=&#8220;seperator_enable_value&#8220; seperator_type=&#8220;triangle_svg_seperator&#8220; seperator_svg_height=&#8220;24&#8243; seperator_shape_background=&#8220;#de3327&#8243; css=&#8220;.vc_custom_1613647304182{background-position: center !important;background-repeat: no-repeat !important;background-size: cover !important;}&#8220;][vc_column el_class=&#8220;container&#8220;][vc_row_inner gap=&#8220;35&#8243;][vc_column_inner width=&#8220;1\/3&#8243;][vc_column_text css_animation=&#8220;fadeInUp&#8220;]Das Hotel Garni Engelberg in Wangen [&hellip;]<\/p>\n","protected":false},"author":1,"featured_media":2515,"parent":2113,"menu_order":4,"comment_status":"closed","ping_status":"closed","template":"","meta":{"inline_featured_image":false,"footnotes":""},"class_list":["post-2115","page","type-page","status-publish","has-post-thumbnail","hentry"],"yoast_head":"<!-- This site is optimized with the Yoast SEO plugin v27.4 - https:\/\/yoast.com\/product\/yoast-seo-wordpress\/ -->\n<title>Wandern, Nordic Walking | Hotel Engelberg<\/title>\n<meta name=\"robots\" content=\"index, follow, max-snippet:-1, max-image-preview:large, max-video-preview:-1\" \/>\n<link rel=\"canonical\" href=\"https:\/\/www.hotel-engelberg.de\/de\/region-sport\/wandern\/\" \/>\n<meta property=\"og:locale\" content=\"de_DE\" \/>\n<meta property=\"og:type\" content=\"article\" \/>\n<meta property=\"og:title\" content=\"Wandern, Nordic Walking | Hotel Engelberg\" \/>\n<meta property=\"og:description\" content=\"[vc_row full_width=&#8220;stretch_row_content_no_spaces&#8220; bg_type=&#8220;image&#8220; parallax_style=&#8220;vcpb-default&#8220; bg_image_new=&#8220;id^2563|url^https:\/\/www.hotel-engelberg.de\/wp-content\/uploads\/2021\/03\/DSC01553.jpeg|caption^null|alt^null|title^DSC01553|description^null&#8220; bg_image_repeat=&#8220;no-repeat&#8220;][vc_column][\/vc_column][\/vc_row][vc_row full_width=&#8220;stretch_row&#8220; content_placement=&#8220;middle&#8220; bg_type=&#8220;bg_color&#8220; bg_override=&#8220;full&#8220; bg_color_value=&#8220;#3f3c3e&#8220;][vc_column css=&#8220;.vc_custom_1617559570317{background-position: center !important;background-repeat: no-repeat !important;background-size: cover !important;}&#8220;][vc_custom_heading text=&#8220;Wandern im Allg\u00e4u &#8211; erleben Sie die wundervolle Natur der Alpen!&#8220; font_container=&#8220;tag:h1|text_align:center|color:%23ffffff&#8220; use_theme_fonts=&#8220;yes&#8220; css_animation=&#8220;fadeInUp&#8220;][\/vc_column][\/vc_row][vc_row full_width=&#8220;stretch_row&#8220; gap=&#8220;35&#8243; content_placement=&#8220;middle&#8220; seperator_enable=&#8220;seperator_enable_value&#8220; seperator_type=&#8220;triangle_svg_seperator&#8220; seperator_svg_height=&#8220;24&#8243; seperator_shape_background=&#8220;#de3327&#8243; css=&#8220;.vc_custom_1613647304182{background-position: center !important;background-repeat: no-repeat !important;background-size: cover !important;}&#8220;][vc_column el_class=&#8220;container&#8220;][vc_row_inner gap=&#8220;35&#8243;][vc_column_inner width=&#8220;1\/3&#8243;][vc_column_text css_animation=&#8220;fadeInUp&#8220;]Das Hotel Garni Engelberg in Wangen [&hellip;]\" \/>\n<meta property=\"og:url\" content=\"https:\/\/www.hotel-engelberg.de\/de\/region-sport\/wandern\/\" \/>\n<meta property=\"og:site_name\" content=\"Hotel Engelberg\" \/>\n<meta property=\"article:modified_time\" content=\"2021-04-04T18:06:13+00:00\" \/>\n<meta property=\"og:image\" content=\"https:\/\/www.hotel-engelberg.de\/wp-content\/uploads\/2021\/03\/DSC_3256.jpg\" \/>\n\t<meta property=\"og:image:width\" content=\"1200\" \/>\n\t<meta property=\"og:image:height\" content=\"801\" \/>\n\t<meta property=\"og:image:type\" content=\"image\/jpeg\" \/>\n<meta name=\"twitter:card\" content=\"summary_large_image\" \/>\n<meta name=\"twitter:label1\" content=\"Gesch\u00e4tzte Lesezeit\" \/>\n\t<meta name=\"twitter:data1\" content=\"3\u00a0Minuten\" \/>\n<script type=\"application\/ld+json\" class=\"yoast-schema-graph\">{\"@context\":\"https:\\\/\\\/schema.org\",\"@graph\":[{\"@type\":\"WebPage\",\"@id\":\"https:\\\/\\\/www.hotel-engelberg.de\\\/de\\\/region-sport\\\/wandern\\\/\",\"url\":\"https:\\\/\\\/www.hotel-engelberg.de\\\/de\\\/region-sport\\\/wandern\\\/\",\"name\":\"Wandern, Nordic Walking | Hotel Engelberg\",\"isPartOf\":{\"@id\":\"https:\\\/\\\/www.hotel-engelberg.de\\\/de\\\/#website\"},\"primaryImageOfPage\":{\"@id\":\"https:\\\/\\\/www.hotel-engelberg.de\\\/de\\\/region-sport\\\/wandern\\\/#primaryimage\"},\"image\":{\"@id\":\"https:\\\/\\\/www.hotel-engelberg.de\\\/de\\\/region-sport\\\/wandern\\\/#primaryimage\"},\"thumbnailUrl\":\"https:\\\/\\\/www.hotel-engelberg.de\\\/wp-content\\\/uploads\\\/2021\\\/03\\\/DSC_3256.jpg\",\"datePublished\":\"2021-02-18T13:06:20+00:00\",\"dateModified\":\"2021-04-04T18:06:13+00:00\",\"breadcrumb\":{\"@id\":\"https:\\\/\\\/www.hotel-engelberg.de\\\/de\\\/region-sport\\\/wandern\\\/#breadcrumb\"},\"inLanguage\":\"de\",\"potentialAction\":[{\"@type\":\"ReadAction\",\"target\":[\"https:\\\/\\\/www.hotel-engelberg.de\\\/de\\\/region-sport\\\/wandern\\\/\"]}]},{\"@type\":\"ImageObject\",\"inLanguage\":\"de\",\"@id\":\"https:\\\/\\\/www.hotel-engelberg.de\\\/de\\\/region-sport\\\/wandern\\\/#primaryimage\",\"url\":\"https:\\\/\\\/www.hotel-engelberg.de\\\/wp-content\\\/uploads\\\/2021\\\/03\\\/DSC_3256.jpg\",\"contentUrl\":\"https:\\\/\\\/www.hotel-engelberg.de\\\/wp-content\\\/uploads\\\/2021\\\/03\\\/DSC_3256.jpg\",\"width\":1200,\"height\":801},{\"@type\":\"BreadcrumbList\",\"@id\":\"https:\\\/\\\/www.hotel-engelberg.de\\\/de\\\/region-sport\\\/wandern\\\/#breadcrumb\",\"itemListElement\":[{\"@type\":\"ListItem\",\"position\":1,\"name\":\"Startseite\",\"item\":\"https:\\\/\\\/www.hotel-engelberg.de\\\/de\\\/\"},{\"@type\":\"ListItem\",\"position\":2,\"name\":\"Region &#038; Sport\",\"item\":\"https:\\\/\\\/www.hotel-engelberg.de\\\/de\\\/region-sport\\\/\"},{\"@type\":\"ListItem\",\"position\":3,\"name\":\"Wandern, Nordic Walking\"}]},{\"@type\":\"WebSite\",\"@id\":\"https:\\\/\\\/www.hotel-engelberg.de\\\/de\\\/#website\",\"url\":\"https:\\\/\\\/www.hotel-engelberg.de\\\/de\\\/\",\"name\":\"Poschenrieder\",\"description\":\"\",\"potentialAction\":[{\"@type\":\"SearchAction\",\"target\":{\"@type\":\"EntryPoint\",\"urlTemplate\":\"https:\\\/\\\/www.hotel-engelberg.de\\\/de\\\/?s={search_term_string}\"},\"query-input\":{\"@type\":\"PropertyValueSpecification\",\"valueRequired\":true,\"valueName\":\"search_term_string\"}}],\"inLanguage\":\"de\"}]}<\/script>\n<!-- \/ Yoast SEO plugin. -->","yoast_head_json":{"title":"Wandern, Nordic Walking | Hotel Engelberg","robots":{"index":"index","follow":"follow","max-snippet":"max-snippet:-1","max-image-preview":"max-image-preview:large","max-video-preview":"max-video-preview:-1"},"canonical":"https:\/\/www.hotel-engelberg.de\/de\/region-sport\/wandern\/","og_locale":"de_DE","og_type":"article","og_title":"Wandern, Nordic Walking | Hotel Engelberg","og_description":"[vc_row full_width=&#8220;stretch_row_content_no_spaces&#8220; bg_type=&#8220;image&#8220; parallax_style=&#8220;vcpb-default&#8220; bg_image_new=&#8220;id^2563|url^https:\/\/www.hotel-engelberg.de\/wp-content\/uploads\/2021\/03\/DSC01553.jpeg|caption^null|alt^null|title^DSC01553|description^null&#8220; bg_image_repeat=&#8220;no-repeat&#8220;][vc_column][\/vc_column][\/vc_row][vc_row full_width=&#8220;stretch_row&#8220; content_placement=&#8220;middle&#8220; bg_type=&#8220;bg_color&#8220; bg_override=&#8220;full&#8220; bg_color_value=&#8220;#3f3c3e&#8220;][vc_column css=&#8220;.vc_custom_1617559570317{background-position: center !important;background-repeat: no-repeat !important;background-size: cover !important;}&#8220;][vc_custom_heading text=&#8220;Wandern im Allg\u00e4u &#8211; erleben Sie die wundervolle Natur der Alpen!&#8220; font_container=&#8220;tag:h1|text_align:center|color:%23ffffff&#8220; use_theme_fonts=&#8220;yes&#8220; css_animation=&#8220;fadeInUp&#8220;][\/vc_column][\/vc_row][vc_row full_width=&#8220;stretch_row&#8220; gap=&#8220;35&#8243; content_placement=&#8220;middle&#8220; seperator_enable=&#8220;seperator_enable_value&#8220; seperator_type=&#8220;triangle_svg_seperator&#8220; seperator_svg_height=&#8220;24&#8243; seperator_shape_background=&#8220;#de3327&#8243; css=&#8220;.vc_custom_1613647304182{background-position: center !important;background-repeat: no-repeat !important;background-size: cover !important;}&#8220;][vc_column el_class=&#8220;container&#8220;][vc_row_inner gap=&#8220;35&#8243;][vc_column_inner width=&#8220;1\/3&#8243;][vc_column_text css_animation=&#8220;fadeInUp&#8220;]Das Hotel Garni Engelberg in Wangen [&hellip;]","og_url":"https:\/\/www.hotel-engelberg.de\/de\/region-sport\/wandern\/","og_site_name":"Hotel Engelberg","article_modified_time":"2021-04-04T18:06:13+00:00","og_image":[{"width":1200,"height":801,"url":"https:\/\/www.hotel-engelberg.de\/wp-content\/uploads\/2021\/03\/DSC_3256.jpg","type":"image\/jpeg"}],"twitter_card":"summary_large_image","twitter_misc":{"Gesch\u00e4tzte Lesezeit":"3\u00a0Minuten"},"schema":{"@context":"https:\/\/schema.org","@graph":[{"@type":"WebPage","@id":"https:\/\/www.hotel-engelberg.de\/de\/region-sport\/wandern\/","url":"https:\/\/www.hotel-engelberg.de\/de\/region-sport\/wandern\/","name":"Wandern, Nordic Walking | Hotel Engelberg","isPartOf":{"@id":"https:\/\/www.hotel-engelberg.de\/de\/#website"},"primaryImageOfPage":{"@id":"https:\/\/www.hotel-engelberg.de\/de\/region-sport\/wandern\/#primaryimage"},"image":{"@id":"https:\/\/www.hotel-engelberg.de\/de\/region-sport\/wandern\/#primaryimage"},"thumbnailUrl":"https:\/\/www.hotel-engelberg.de\/wp-content\/uploads\/2021\/03\/DSC_3256.jpg","datePublished":"2021-02-18T13:06:20+00:00","dateModified":"2021-04-04T18:06:13+00:00","breadcrumb":{"@id":"https:\/\/www.hotel-engelberg.de\/de\/region-sport\/wandern\/#breadcrumb"},"inLanguage":"de","potentialAction":[{"@type":"ReadAction","target":["https:\/\/www.hotel-engelberg.de\/de\/region-sport\/wandern\/"]}]},{"@type":"ImageObject","inLanguage":"de","@id":"https:\/\/www.hotel-engelberg.de\/de\/region-sport\/wandern\/#primaryimage","url":"https:\/\/www.hotel-engelberg.de\/wp-content\/uploads\/2021\/03\/DSC_3256.jpg","contentUrl":"https:\/\/www.hotel-engelberg.de\/wp-content\/uploads\/2021\/03\/DSC_3256.jpg","width":1200,"height":801},{"@type":"BreadcrumbList","@id":"https:\/\/www.hotel-engelberg.de\/de\/region-sport\/wandern\/#breadcrumb","itemListElement":[{"@type":"ListItem","position":1,"name":"Startseite","item":"https:\/\/www.hotel-engelberg.de\/de\/"},{"@type":"ListItem","position":2,"name":"Region &#038; Sport","item":"https:\/\/www.hotel-engelberg.de\/de\/region-sport\/"},{"@type":"ListItem","position":3,"name":"Wandern, Nordic Walking"}]},{"@type":"WebSite","@id":"https:\/\/www.hotel-engelberg.de\/de\/#website","url":"https:\/\/www.hotel-engelberg.de\/de\/","name":"Poschenrieder","description":"","potentialAction":[{"@type":"SearchAction","target":{"@type":"EntryPoint","urlTemplate":"https:\/\/www.hotel-engelberg.de\/de\/?s={search_term_string}"},"query-input":{"@type":"PropertyValueSpecification","valueRequired":true,"valueName":"search_term_string"}}],"inLanguage":"de"}]}},"_links":{"self":[{"href":"https:\/\/www.hotel-engelberg.de\/de\/wp-json\/wp\/v2\/pages\/2115","targetHints":{"allow":["GET"]}}],"collection":[{"href":"https:\/\/www.hotel-engelberg.de\/de\/wp-json\/wp\/v2\/pages"}],"about":[{"href":"https:\/\/www.hotel-engelberg.de\/de\/wp-json\/wp\/v2\/types\/page"}],"author":[{"embeddable":true,"href":"https:\/\/www.hotel-engelberg.de\/de\/wp-json\/wp\/v2\/users\/1"}],"replies":[{"embeddable":true,"href":"https:\/\/www.hotel-engelberg.de\/de\/wp-json\/wp\/v2\/comments?post=2115"}],"version-history":[{"count":5,"href":"https:\/\/www.hotel-engelberg.de\/de\/wp-json\/wp\/v2\/pages\/2115\/revisions"}],"predecessor-version":[{"id":2599,"href":"https:\/\/www.hotel-engelberg.de\/de\/wp-json\/wp\/v2\/pages\/2115\/revisions\/2599"}],"up":[{"embeddable":true,"href":"https:\/\/www.hotel-engelberg.de\/de\/wp-json\/wp\/v2\/pages\/2113"}],"wp:featuredmedia":[{"embeddable":true,"href":"https:\/\/www.hotel-engelberg.de\/de\/wp-json\/wp\/v2\/media\/2515"}],"wp:attachment":[{"href":"https:\/\/www.hotel-engelberg.de\/de\/wp-json\/wp\/v2\/media?parent=2115"}],"curies":[{"name":"wp","href":"https:\/\/api.w.org\/{rel}","templated":true}]}}