{"id":2113,"date":"2021-02-18T14:06:20","date_gmt":"2021-02-18T13:06:20","guid":{"rendered":"https:\/\/hotel-engelberg.de\/region-sport\/"},"modified":"2021-03-08T18:18:15","modified_gmt":"2021-03-08T17:18:15","slug":"region-sport","status":"publish","type":"page","link":"https:\/\/www.hotel-engelberg.de\/de\/region-sport\/","title":{"rendered":"Region &#038; Sport"},"content":{"rendered":"<div class=\"wpb-content-wrapper\"><p>[vc_row full_width=&#8220;stretch_row_content_no_spaces&#8220; bg_type=&#8220;image&#8220; parallax_style=&#8220;vcpb-default&#8220; bg_image_new=&#8220;id^2078|url^https:\/\/hotel-engelberg.de\/wp-content\/uploads\/2021\/02\/hotel-engelberg-head-home.jpg|caption^null|alt^null|title^hotel-engelberg-head-home|description^null&#8220; bg_image_repeat=&#8220;no-repeat&#8220;][vc_column]<div class=\"ult-spacer spacer-69f544b3194a3\" data-id=\"69f544b3194a3\" data-height=\"640\" data-height-mobile=\"300\" data-height-tab=\"420\" data-height-tab-portrait=\"420\" data-height-mobile-landscape=\"300\" style=\"clear:both;display:block;\"><\/div>[\/vc_column][\/vc_row][vc_row full_width=&#8220;stretch_row&#8220; content_placement=&#8220;middle&#8220; bg_type=&#8220;bg_color&#8220; bg_override=&#8220;full&#8220; bg_color_value=&#8220;#3f3c3e&#8220;][vc_column]<div class=\"ult-spacer spacer-69f544b3194d3\" data-id=\"69f544b3194d3\" data-height=\"40\" data-height-mobile=\"40\" data-height-tab=\"40\" data-height-tab-portrait=\"\" data-height-mobile-landscape=\"\" style=\"clear:both;display:block;\"><\/div>[vc_custom_heading text=&#8220;Die Region Allg\u00e4u&#8220; font_container=&#8220;tag:h1|text_align:center|color:%23ffffff&#8220; use_theme_fonts=&#8220;yes&#8220; css_animation=&#8220;fadeInUp&#8220;]<div class=\"ult-spacer spacer-69f544b3194f3\" data-id=\"69f544b3194f3\" data-height=\"40\" data-height-mobile=\"40\" data-height-tab=\"40\" data-height-tab-portrait=\"\" data-height-mobile-landscape=\"\" style=\"clear:both;display:block;\"><\/div>[\/vc_column][\/vc_row][vc_row full_width=&#8220;stretch_row&#8220; gap=&#8220;35&#8243; content_placement=&#8220;middle&#8220; seperator_enable=&#8220;seperator_enable_value&#8220; seperator_type=&#8220;triangle_svg_seperator&#8220; seperator_svg_height=&#8220;24&#8243; seperator_shape_background=&#8220;#de3327&#8243; css=&#8220;.vc_custom_1613647304182{background-position: center !important;background-repeat: no-repeat !important;background-size: cover !important;}&#8220;][vc_column el_class=&#8220;container&#8220;]<div class=\"ult-spacer spacer-69f544b31950e\" data-id=\"69f544b31950e\" data-height=\"20\" data-height-mobile=\"20\" data-height-tab=\"20\" data-height-tab-portrait=\"\" data-height-mobile-landscape=\"\" style=\"clear:both;display:block;\"><\/div>[vc_row_inner gap=&#8220;35&#8243;][vc_column_inner width=&#8220;1\/3&#8243;][vc_custom_heading text=&#8220;Das Alpenvorland&#8220; use_theme_fonts=&#8220;yes&#8220; css_animation=&#8220;fadeInUp&#8220;][vc_custom_heading text=&#8220;Unser Hotel in der Stadt Wangen &#8211; das Tor zum Allg\u00e4u!&#8220; font_container=&#8220;tag:h3|text_align:left&#8220; use_theme_fonts=&#8220;yes&#8220; css_animation=&#8220;fadeInUp&#8220;][\/vc_column_inner][vc_column_inner width=&#8220;1\/3&#8243;][vc_column_text css_animation=&#8220;fadeInUp&#8220;]Unmittelbare Naturn\u00e4he und g\u00fcnstige Erreichbarkeit schlie\u00dfen sich dabei aber nicht aus. In wenigen Minuten sind Sie auf der Autobahn und k\u00f6nnen die Region erkunden. Der Bodensee ist nur 20 Minuten entfernt und auch Wintersportler m\u00fcssen keine langen Wege zur\u00fccklegen. Nutzen Sie die einmalige Lage des Hotel Garni Engelberg f\u00fcr Ihren Gesch\u00e4ftsbesuch oder Ihren Aktivurlaub: Wandern, Golfen, Angeln oder Radfahren mit dem E-Bike \u2013 die M\u00f6glichkeiten sind vielseitig.[\/vc_column_text][\/vc_column_inner][vc_column_inner width=&#8220;1\/3&#8243;][vc_column_text css_animation=&#8220;fadeInUp&#8220;]Nicht nur sportlich, auch kulturell hat die Region einiges zu bieten. Ein St\u00e4dteausflug nach Ravensburg oder Bregenz bietet sich ebenfalls an. Die beiden St\u00e4dte liegen weniger als eine halbe Stunde von unserem Hotel entfernt und begeistern mit vielen Sehensw\u00fcrdigkeiten und Kulturhighlights.[\/vc_column_text][\/vc_column_inner][\/vc_row_inner]<div class=\"ult-spacer spacer-69f544b319527\" data-id=\"69f544b319527\" data-height=\"40\" data-height-mobile=\"40\" data-height-tab=\"40\" data-height-tab-portrait=\"\" data-height-mobile-landscape=\"\" style=\"clear:both;display:block;\"><\/div>[\/vc_column][\/vc_row][vc_row full_width=&#8220;stretch_row&#8220; bg_type=&#8220;bg_color&#8220; bg_color_value=&#8220;#3f3c3e&#8220;][vc_column]<div class=\"ult-spacer spacer-69f544b31953f\" data-id=\"69f544b31953f\" data-height=\"40\" data-height-mobile=\"40\" data-height-tab=\"40\" data-height-tab-portrait=\"\" data-height-mobile-landscape=\"\" style=\"clear:both;display:block;\"><\/div>[vc_row_inner][vc_column_inner][vc_basic_grid post_type=&#8220;ids&#8220; item=&#8220;206&#8243; grid_id=&#8220;vc_gid:1614953798179-172f569c6f8005f8dc9460f57984c230-5&#8243; include=&#8220;2116, 2117, 2115, 2118, 2119&#8243;][\/vc_column_inner][\/vc_row_inner]<div class=\"ult-spacer spacer-69f544b319555\" data-id=\"69f544b319555\" data-height=\"40\" data-height-mobile=\"40\" data-height-tab=\"40\" data-height-tab-portrait=\"\" data-height-mobile-landscape=\"\" style=\"clear:both;display:block;\"><\/div>[\/vc_column][\/vc_row][vc_row full_width=&#8220;stretch_row&#8220; bg_type=&#8220;bg_color&#8220; bg_color_value=&#8220;#ededdf&#8220;][vc_column]<div class=\"ult-spacer spacer-69f544b31956c\" data-id=\"69f544b31956c\" data-height=\"30\" data-height-mobile=\"30\" data-height-tab=\"30\" data-height-tab-portrait=\"\" data-height-mobile-landscape=\"\" style=\"clear:both;display:block;\"><\/div>[vc_custom_heading text=&#8220;Impressionen aus der Region&#8230;&#8220; font_container=&#8220;tag:h2|text_align:center&#8220; use_theme_fonts=&#8220;yes&#8220; css_animation=&#8220;fadeInUp&#8220; el_class=&#8220;schreibschrift&#8220;][vc_media_grid gap=&#8220;20&#8243; item=&#8220;2207&#8243; grid_id=&#8220;vc_gid:1614953798341-179a9d3a62b433c3586c1035397f2f18-1&#8243; include=&#8220;2240,2236,2235,2228,2226,2225,2230,2232&#8243;]<div class=\"ult-spacer spacer-69f544b319582\" data-id=\"69f544b319582\" data-height=\"40\" data-height-mobile=\"40\" data-height-tab=\"40\" data-height-tab-portrait=\"\" data-height-mobile-landscape=\"\" style=\"clear:both;display:block;\"><\/div>[\/vc_column][\/vc_row][vc_row][vc_column][vc_media_grid grid_id=&#8220;vc_gid:1614954369838-a12b9b60-c580-2&#8243;][\/vc_column][\/vc_row]<\/p>\n<\/div>","protected":false},"excerpt":{"rendered":"<p>[vc_row full_width=&#8220;stretch_row_content_no_spaces&#8220; bg_type=&#8220;image&#8220; parallax_style=&#8220;vcpb-default&#8220; bg_image_new=&#8220;id^2078|url^https:\/\/hotel-engelberg.de\/wp-content\/uploads\/2021\/02\/hotel-engelberg-head-home.jpg|caption^null|alt^null|title^hotel-engelberg-head-home|description^null&#8220; bg_image_repeat=&#8220;no-repeat&#8220;][vc_column][\/vc_column][\/vc_row][vc_row full_width=&#8220;stretch_row&#8220; content_placement=&#8220;middle&#8220; bg_type=&#8220;bg_color&#8220; bg_override=&#8220;full&#8220; bg_color_value=&#8220;#3f3c3e&#8220;][vc_column][vc_custom_heading text=&#8220;Die Region Allg\u00e4u&#8220; font_container=&#8220;tag:h1|text_align:center|color:%23ffffff&#8220; use_theme_fonts=&#8220;yes&#8220; css_animation=&#8220;fadeInUp&#8220;][\/vc_column][\/vc_row][vc_row full_width=&#8220;stretch_row&#8220; gap=&#8220;35&#8243; content_placement=&#8220;middle&#8220; seperator_enable=&#8220;seperator_enable_value&#8220; seperator_type=&#8220;triangle_svg_seperator&#8220; seperator_svg_height=&#8220;24&#8243; seperator_shape_background=&#8220;#de3327&#8243; css=&#8220;.vc_custom_1613647304182{background-position: center !important;background-repeat: no-repeat !important;background-size: cover !important;}&#8220;][vc_column el_class=&#8220;container&#8220;][vc_row_inner gap=&#8220;35&#8243;][vc_column_inner width=&#8220;1\/3&#8243;][vc_custom_heading text=&#8220;Das Alpenvorland&#8220; use_theme_fonts=&#8220;yes&#8220; css_animation=&#8220;fadeInUp&#8220;][vc_custom_heading text=&#8220;Unser Hotel in der Stadt Wangen &#8211; das Tor zum Allg\u00e4u!&#8220; font_container=&#8220;tag:h3|text_align:left&#8220; use_theme_fonts=&#8220;yes&#8220; css_animation=&#8220;fadeInUp&#8220;][\/vc_column_inner][vc_column_inner width=&#8220;1\/3&#8243;][vc_column_text css_animation=&#8220;fadeInUp&#8220;]Unmittelbare Naturn\u00e4he [&hellip;]<\/p>\n","protected":false},"author":1,"featured_media":2517,"parent":0,"menu_order":11,"comment_status":"closed","ping_status":"closed","template":"","meta":{"inline_featured_image":false,"footnotes":""},"class_list":["post-2113","page","type-page","status-publish","has-post-thumbnail","hentry"],"yoast_head":"<!-- This site is optimized with the Yoast SEO plugin v27.4 - https:\/\/yoast.com\/product\/yoast-seo-wordpress\/ -->\n<title>Region &amp; Sport | Hotel Engelberg<\/title>\n<meta name=\"robots\" content=\"index, follow, max-snippet:-1, max-image-preview:large, max-video-preview:-1\" \/>\n<link rel=\"canonical\" href=\"https:\/\/www.hotel-engelberg.de\/de\/region-sport\/\" \/>\n<meta property=\"og:locale\" content=\"de_DE\" \/>\n<meta property=\"og:type\" content=\"article\" \/>\n<meta property=\"og:title\" content=\"Region &amp; Sport | Hotel Engelberg\" \/>\n<meta property=\"og:description\" content=\"[vc_row full_width=&#8220;stretch_row_content_no_spaces&#8220; bg_type=&#8220;image&#8220; parallax_style=&#8220;vcpb-default&#8220; bg_image_new=&#8220;id^2078|url^https:\/\/hotel-engelberg.de\/wp-content\/uploads\/2021\/02\/hotel-engelberg-head-home.jpg|caption^null|alt^null|title^hotel-engelberg-head-home|description^null&#8220; bg_image_repeat=&#8220;no-repeat&#8220;][vc_column][\/vc_column][\/vc_row][vc_row full_width=&#8220;stretch_row&#8220; content_placement=&#8220;middle&#8220; bg_type=&#8220;bg_color&#8220; bg_override=&#8220;full&#8220; bg_color_value=&#8220;#3f3c3e&#8220;][vc_column][vc_custom_heading text=&#8220;Die Region Allg\u00e4u&#8220; font_container=&#8220;tag:h1|text_align:center|color:%23ffffff&#8220; use_theme_fonts=&#8220;yes&#8220; css_animation=&#8220;fadeInUp&#8220;][\/vc_column][\/vc_row][vc_row full_width=&#8220;stretch_row&#8220; gap=&#8220;35&#8243; content_placement=&#8220;middle&#8220; seperator_enable=&#8220;seperator_enable_value&#8220; seperator_type=&#8220;triangle_svg_seperator&#8220; seperator_svg_height=&#8220;24&#8243; seperator_shape_background=&#8220;#de3327&#8243; css=&#8220;.vc_custom_1613647304182{background-position: center !important;background-repeat: no-repeat !important;background-size: cover !important;}&#8220;][vc_column el_class=&#8220;container&#8220;][vc_row_inner gap=&#8220;35&#8243;][vc_column_inner width=&#8220;1\/3&#8243;][vc_custom_heading text=&#8220;Das Alpenvorland&#8220; use_theme_fonts=&#8220;yes&#8220; css_animation=&#8220;fadeInUp&#8220;][vc_custom_heading text=&#8220;Unser Hotel in der Stadt Wangen &#8211; das Tor zum Allg\u00e4u!&#8220; font_container=&#8220;tag:h3|text_align:left&#8220; use_theme_fonts=&#8220;yes&#8220; css_animation=&#8220;fadeInUp&#8220;][\/vc_column_inner][vc_column_inner width=&#8220;1\/3&#8243;][vc_column_text css_animation=&#8220;fadeInUp&#8220;]Unmittelbare Naturn\u00e4he [&hellip;]\" \/>\n<meta property=\"og:url\" content=\"https:\/\/www.hotel-engelberg.de\/de\/region-sport\/\" \/>\n<meta property=\"og:site_name\" content=\"Hotel Engelberg\" \/>\n<meta property=\"article:modified_time\" content=\"2021-03-08T17:18:15+00:00\" \/>\n<meta property=\"og:image\" content=\"https:\/\/www.hotel-engelberg.de\/wp-content\/uploads\/2021\/03\/DSC_3231-1.jpg\" \/>\n\t<meta property=\"og:image:width\" content=\"1200\" \/>\n\t<meta property=\"og:image:height\" content=\"801\" \/>\n\t<meta property=\"og:image:type\" content=\"image\/jpeg\" \/>\n<meta name=\"twitter:card\" content=\"summary_large_image\" \/>\n<meta name=\"twitter:label1\" content=\"Gesch\u00e4tzte Lesezeit\" \/>\n\t<meta name=\"twitter:data1\" content=\"1\u00a0Minute\" \/>\n<script type=\"application\/ld+json\" class=\"yoast-schema-graph\">{\"@context\":\"https:\\\/\\\/schema.org\",\"@graph\":[{\"@type\":\"WebPage\",\"@id\":\"https:\\\/\\\/www.hotel-engelberg.de\\\/de\\\/region-sport\\\/\",\"url\":\"https:\\\/\\\/www.hotel-engelberg.de\\\/de\\\/region-sport\\\/\",\"name\":\"Region & Sport | Hotel Engelberg\",\"isPartOf\":{\"@id\":\"https:\\\/\\\/www.hotel-engelberg.de\\\/de\\\/#website\"},\"primaryImageOfPage\":{\"@id\":\"https:\\\/\\\/www.hotel-engelberg.de\\\/de\\\/region-sport\\\/#primaryimage\"},\"image\":{\"@id\":\"https:\\\/\\\/www.hotel-engelberg.de\\\/de\\\/region-sport\\\/#primaryimage\"},\"thumbnailUrl\":\"https:\\\/\\\/www.hotel-engelberg.de\\\/wp-content\\\/uploads\\\/2021\\\/03\\\/DSC_3231-1.jpg\",\"datePublished\":\"2021-02-18T13:06:20+00:00\",\"dateModified\":\"2021-03-08T17:18:15+00:00\",\"breadcrumb\":{\"@id\":\"https:\\\/\\\/www.hotel-engelberg.de\\\/de\\\/region-sport\\\/#breadcrumb\"},\"inLanguage\":\"de\",\"potentialAction\":[{\"@type\":\"ReadAction\",\"target\":[\"https:\\\/\\\/www.hotel-engelberg.de\\\/de\\\/region-sport\\\/\"]}]},{\"@type\":\"ImageObject\",\"inLanguage\":\"de\",\"@id\":\"https:\\\/\\\/www.hotel-engelberg.de\\\/de\\\/region-sport\\\/#primaryimage\",\"url\":\"https:\\\/\\\/www.hotel-engelberg.de\\\/wp-content\\\/uploads\\\/2021\\\/03\\\/DSC_3231-1.jpg\",\"contentUrl\":\"https:\\\/\\\/www.hotel-engelberg.de\\\/wp-content\\\/uploads\\\/2021\\\/03\\\/DSC_3231-1.jpg\",\"width\":1200,\"height\":801},{\"@type\":\"BreadcrumbList\",\"@id\":\"https:\\\/\\\/www.hotel-engelberg.de\\\/de\\\/region-sport\\\/#breadcrumb\",\"itemListElement\":[{\"@type\":\"ListItem\",\"position\":1,\"name\":\"Startseite\",\"item\":\"https:\\\/\\\/www.hotel-engelberg.de\\\/de\\\/\"},{\"@type\":\"ListItem\",\"position\":2,\"name\":\"Region &#038; Sport\"}]},{\"@type\":\"WebSite\",\"@id\":\"https:\\\/\\\/www.hotel-engelberg.de\\\/de\\\/#website\",\"url\":\"https:\\\/\\\/www.hotel-engelberg.de\\\/de\\\/\",\"name\":\"Poschenrieder\",\"description\":\"\",\"potentialAction\":[{\"@type\":\"SearchAction\",\"target\":{\"@type\":\"EntryPoint\",\"urlTemplate\":\"https:\\\/\\\/www.hotel-engelberg.de\\\/de\\\/?s={search_term_string}\"},\"query-input\":{\"@type\":\"PropertyValueSpecification\",\"valueRequired\":true,\"valueName\":\"search_term_string\"}}],\"inLanguage\":\"de\"}]}<\/script>\n<!-- \/ Yoast SEO plugin. -->","yoast_head_json":{"title":"Region & Sport | Hotel Engelberg","robots":{"index":"index","follow":"follow","max-snippet":"max-snippet:-1","max-image-preview":"max-image-preview:large","max-video-preview":"max-video-preview:-1"},"canonical":"https:\/\/www.hotel-engelberg.de\/de\/region-sport\/","og_locale":"de_DE","og_type":"article","og_title":"Region & Sport | Hotel Engelberg","og_description":"[vc_row full_width=&#8220;stretch_row_content_no_spaces&#8220; bg_type=&#8220;image&#8220; parallax_style=&#8220;vcpb-default&#8220; bg_image_new=&#8220;id^2078|url^https:\/\/hotel-engelberg.de\/wp-content\/uploads\/2021\/02\/hotel-engelberg-head-home.jpg|caption^null|alt^null|title^hotel-engelberg-head-home|description^null&#8220; bg_image_repeat=&#8220;no-repeat&#8220;][vc_column][\/vc_column][\/vc_row][vc_row full_width=&#8220;stretch_row&#8220; content_placement=&#8220;middle&#8220; bg_type=&#8220;bg_color&#8220; bg_override=&#8220;full&#8220; bg_color_value=&#8220;#3f3c3e&#8220;][vc_column][vc_custom_heading text=&#8220;Die Region Allg\u00e4u&#8220; font_container=&#8220;tag:h1|text_align:center|color:%23ffffff&#8220; use_theme_fonts=&#8220;yes&#8220; css_animation=&#8220;fadeInUp&#8220;][\/vc_column][\/vc_row][vc_row full_width=&#8220;stretch_row&#8220; gap=&#8220;35&#8243; content_placement=&#8220;middle&#8220; seperator_enable=&#8220;seperator_enable_value&#8220; seperator_type=&#8220;triangle_svg_seperator&#8220; seperator_svg_height=&#8220;24&#8243; seperator_shape_background=&#8220;#de3327&#8243; css=&#8220;.vc_custom_1613647304182{background-position: center !important;background-repeat: no-repeat !important;background-size: cover !important;}&#8220;][vc_column el_class=&#8220;container&#8220;][vc_row_inner gap=&#8220;35&#8243;][vc_column_inner width=&#8220;1\/3&#8243;][vc_custom_heading text=&#8220;Das Alpenvorland&#8220; use_theme_fonts=&#8220;yes&#8220; css_animation=&#8220;fadeInUp&#8220;][vc_custom_heading text=&#8220;Unser Hotel in der Stadt Wangen &#8211; das Tor zum Allg\u00e4u!&#8220; font_container=&#8220;tag:h3|text_align:left&#8220; use_theme_fonts=&#8220;yes&#8220; css_animation=&#8220;fadeInUp&#8220;][\/vc_column_inner][vc_column_inner width=&#8220;1\/3&#8243;][vc_column_text css_animation=&#8220;fadeInUp&#8220;]Unmittelbare Naturn\u00e4he [&hellip;]","og_url":"https:\/\/www.hotel-engelberg.de\/de\/region-sport\/","og_site_name":"Hotel Engelberg","article_modified_time":"2021-03-08T17:18:15+00:00","og_image":[{"width":1200,"height":801,"url":"https:\/\/www.hotel-engelberg.de\/wp-content\/uploads\/2021\/03\/DSC_3231-1.jpg","type":"image\/jpeg"}],"twitter_card":"summary_large_image","twitter_misc":{"Gesch\u00e4tzte Lesezeit":"1\u00a0Minute"},"schema":{"@context":"https:\/\/schema.org","@graph":[{"@type":"WebPage","@id":"https:\/\/www.hotel-engelberg.de\/de\/region-sport\/","url":"https:\/\/www.hotel-engelberg.de\/de\/region-sport\/","name":"Region & Sport | Hotel Engelberg","isPartOf":{"@id":"https:\/\/www.hotel-engelberg.de\/de\/#website"},"primaryImageOfPage":{"@id":"https:\/\/www.hotel-engelberg.de\/de\/region-sport\/#primaryimage"},"image":{"@id":"https:\/\/www.hotel-engelberg.de\/de\/region-sport\/#primaryimage"},"thumbnailUrl":"https:\/\/www.hotel-engelberg.de\/wp-content\/uploads\/2021\/03\/DSC_3231-1.jpg","datePublished":"2021-02-18T13:06:20+00:00","dateModified":"2021-03-08T17:18:15+00:00","breadcrumb":{"@id":"https:\/\/www.hotel-engelberg.de\/de\/region-sport\/#breadcrumb"},"inLanguage":"de","potentialAction":[{"@type":"ReadAction","target":["https:\/\/www.hotel-engelberg.de\/de\/region-sport\/"]}]},{"@type":"ImageObject","inLanguage":"de","@id":"https:\/\/www.hotel-engelberg.de\/de\/region-sport\/#primaryimage","url":"https:\/\/www.hotel-engelberg.de\/wp-content\/uploads\/2021\/03\/DSC_3231-1.jpg","contentUrl":"https:\/\/www.hotel-engelberg.de\/wp-content\/uploads\/2021\/03\/DSC_3231-1.jpg","width":1200,"height":801},{"@type":"BreadcrumbList","@id":"https:\/\/www.hotel-engelberg.de\/de\/region-sport\/#breadcrumb","itemListElement":[{"@type":"ListItem","position":1,"name":"Startseite","item":"https:\/\/www.hotel-engelberg.de\/de\/"},{"@type":"ListItem","position":2,"name":"Region &#038; Sport"}]},{"@type":"WebSite","@id":"https:\/\/www.hotel-engelberg.de\/de\/#website","url":"https:\/\/www.hotel-engelberg.de\/de\/","name":"Poschenrieder","description":"","potentialAction":[{"@type":"SearchAction","target":{"@type":"EntryPoint","urlTemplate":"https:\/\/www.hotel-engelberg.de\/de\/?s={search_term_string}"},"query-input":{"@type":"PropertyValueSpecification","valueRequired":true,"valueName":"search_term_string"}}],"inLanguage":"de"}]}},"_links":{"self":[{"href":"https:\/\/www.hotel-engelberg.de\/de\/wp-json\/wp\/v2\/pages\/2113","targetHints":{"allow":["GET"]}}],"collection":[{"href":"https:\/\/www.hotel-engelberg.de\/de\/wp-json\/wp\/v2\/pages"}],"about":[{"href":"https:\/\/www.hotel-engelberg.de\/de\/wp-json\/wp\/v2\/types\/page"}],"author":[{"embeddable":true,"href":"https:\/\/www.hotel-engelberg.de\/de\/wp-json\/wp\/v2\/users\/1"}],"replies":[{"embeddable":true,"href":"https:\/\/www.hotel-engelberg.de\/de\/wp-json\/wp\/v2\/comments?post=2113"}],"version-history":[{"count":5,"href":"https:\/\/www.hotel-engelberg.de\/de\/wp-json\/wp\/v2\/pages\/2113\/revisions"}],"predecessor-version":[{"id":2577,"href":"https:\/\/www.hotel-engelberg.de\/de\/wp-json\/wp\/v2\/pages\/2113\/revisions\/2577"}],"wp:featuredmedia":[{"embeddable":true,"href":"https:\/\/www.hotel-engelberg.de\/de\/wp-json\/wp\/v2\/media\/2517"}],"wp:attachment":[{"href":"https:\/\/www.hotel-engelberg.de\/de\/wp-json\/wp\/v2\/media?parent=2113"}],"curies":[{"name":"wp","href":"https:\/\/api.w.org\/{rel}","templated":true}]}}