{"id":2112,"date":"2021-02-18T14:06:20","date_gmt":"2021-02-18T13:06:20","guid":{"rendered":"https:\/\/hotel-engelberg.de\/impressionen\/"},"modified":"2025-06-23T09:39:45","modified_gmt":"2025-06-23T07:39:45","slug":"impressionen","status":"publish","type":"page","link":"https:\/\/www.hotel-engelberg.de\/de\/impressionen\/","title":{"rendered":"Impressionen"},"content":{"rendered":"<div class=\"wpb-content-wrapper\"><p>[vc_row full_width=&#8220;stretch_row_content_no_spaces&#8220; bg_type=&#8220;image&#8220; parallax_style=&#8220;vcpb-default&#8220; bg_image_new=&#8220;id^2612|url^https:\/\/www.hotel-engelberg.de\/wp-content\/uploads\/2021\/04\/DSC_3506.jpg|caption^null|alt^null|title^DSC_3506|description^null&#8220; bg_image_repeat=&#8220;no-repeat&#8220;][vc_column]<div class=\"ult-spacer spacer-69f2de40c9011\" data-id=\"69f2de40c9011\" data-height=\"640\" data-height-mobile=\"300\" data-height-tab=\"420\" data-height-tab-portrait=\"420\" data-height-mobile-landscape=\"300\" style=\"clear:both;display:block;\"><\/div>[\/vc_column][\/vc_row][vc_row full_width=&#8220;stretch_row&#8220; content_placement=&#8220;middle&#8220; bg_type=&#8220;bg_color&#8220; bg_override=&#8220;full&#8220; bg_color_value=&#8220;#3f3c3e&#8220;][vc_column]<div class=\"ult-spacer spacer-69f2de40c9043\" data-id=\"69f2de40c9043\" data-height=\"40\" data-height-mobile=\"40\" data-height-tab=\"40\" data-height-tab-portrait=\"\" data-height-mobile-landscape=\"\" style=\"clear:both;display:block;\"><\/div>[vc_custom_heading text=&#8220;Impressionen&#8220; font_container=&#8220;tag:h1|text_align:center|color:%23ffffff&#8220; use_theme_fonts=&#8220;yes&#8220; css_animation=&#8220;fadeInUp&#8220;]<div class=\"ult-spacer spacer-69f2de40c9064\" data-id=\"69f2de40c9064\" data-height=\"40\" data-height-mobile=\"40\" data-height-tab=\"40\" data-height-tab-portrait=\"\" data-height-mobile-landscape=\"\" style=\"clear:both;display:block;\"><\/div>[\/vc_column][\/vc_row][vc_row full_width=&#8220;stretch_row&#8220; gap=&#8220;35&#8243; content_placement=&#8220;middle&#8220; seperator_enable=&#8220;seperator_enable_value&#8220; seperator_type=&#8220;triangle_svg_seperator&#8220; seperator_svg_height=&#8220;24&#8243; seperator_shape_background=&#8220;#de3327&#8243; css=&#8220;.vc_custom_1613647304182{background-position: center !important;background-repeat: no-repeat !important;background-size: cover !important;}&#8220;][vc_column el_class=&#8220;container&#8220;]<div class=\"ult-spacer spacer-69f2de40c9087\" data-id=\"69f2de40c9087\" data-height=\"40\" data-height-mobile=\"40\" data-height-tab=\"40\" data-height-tab-portrait=\"\" data-height-mobile-landscape=\"\" style=\"clear:both;display:block;\"><\/div>[vc_custom_heading text=&#8220;Videos der Stadt Wangen&#8220; font_container=&#8220;tag:h2|text_align:center&#8220; use_theme_fonts=&#8220;yes&#8220; css_animation=&#8220;fadeInUp&#8220; el_class=&#8220;schreibschrift&#8220;][vc_row_inner gap=&#8220;30&#8243;][vc_column_inner width=&#8220;1\/2&#8243;][vc_video link=&#8220;https:\/\/youtu.be\/68kW0w_eO7M&#8220;][\/vc_column_inner][vc_column_inner width=&#8220;1\/2&#8243;][vc_video link=&#8220;https:\/\/youtu.be\/cfQPG-S-2sk&#8220;][\/vc_column_inner][\/vc_row_inner]<div class=\"ult-spacer spacer-69f2de40c90b1\" data-id=\"69f2de40c90b1\" data-height=\"40\" data-height-mobile=\"40\" data-height-tab=\"40\" data-height-tab-portrait=\"\" data-height-mobile-landscape=\"\" style=\"clear:both;display:block;\"><\/div>[\/vc_column][\/vc_row][vc_row full_width=&#8220;stretch_row&#8220; bg_type=&#8220;bg_color&#8220; bg_color_value=&#8220;#ededdf&#8220;][vc_column]<div class=\"ult-spacer spacer-69f2de40c90c9\" data-id=\"69f2de40c90c9\" data-height=\"30\" data-height-mobile=\"30\" data-height-tab=\"30\" data-height-tab-portrait=\"\" data-height-mobile-landscape=\"\" style=\"clear:both;display:block;\"><\/div>[vc_custom_heading text=&#8220;Bilder&#8220; font_container=&#8220;tag:h2|text_align:center&#8220; use_theme_fonts=&#8220;yes&#8220; css_animation=&#8220;fadeInUp&#8220; el_class=&#8220;schreibschrift&#8220;][vc_media_grid gap=&#8220;20&#8243; item=&#8220;2207&#8243; css=&#8220;&#8220; grid_id=&#8220;vc_gid:1750664358306-c12e2be3-a2bf-8&#8243; include=&#8220;2234,2233,2840,2227,2228,2240,2225,2231,2230,2232,2229,2241,2226,2237,2238,2239,2222,2235,2236,2618,2616,2574,2546,2548,2544,2555,2614&#8243;][vc_media_grid css=&#8220;&#8220; grid_id=&#8220;vc_gid:1750664358310-38f5e49d-d221-5&#8243; include=&#8220;2668,2670,2651,2633,2654,2751,2753,2755,2759,2810&#8243;]<div class=\"ult-spacer spacer-69f2de40c90e0\" data-id=\"69f2de40c90e0\" data-height=\"40\" data-height-mobile=\"40\" data-height-tab=\"40\" data-height-tab-portrait=\"\" data-height-mobile-landscape=\"\" style=\"clear:both;display:block;\"><\/div>[\/vc_column][\/vc_row]<\/p>\n<\/div>","protected":false},"excerpt":{"rendered":"<p>[vc_row full_width=&#8220;stretch_row_content_no_spaces&#8220; bg_type=&#8220;image&#8220; parallax_style=&#8220;vcpb-default&#8220; bg_image_new=&#8220;id^2612|url^https:\/\/www.hotel-engelberg.de\/wp-content\/uploads\/2021\/04\/DSC_3506.jpg|caption^null|alt^null|title^DSC_3506|description^null&#8220; bg_image_repeat=&#8220;no-repeat&#8220;][vc_column][\/vc_column][\/vc_row][vc_row full_width=&#8220;stretch_row&#8220; content_placement=&#8220;middle&#8220; bg_type=&#8220;bg_color&#8220; bg_override=&#8220;full&#8220; bg_color_value=&#8220;#3f3c3e&#8220;][vc_column][vc_custom_heading text=&#8220;Impressionen&#8220; font_container=&#8220;tag:h1|text_align:center|color:%23ffffff&#8220; use_theme_fonts=&#8220;yes&#8220; css_animation=&#8220;fadeInUp&#8220;][\/vc_column][\/vc_row][vc_row full_width=&#8220;stretch_row&#8220; gap=&#8220;35&#8243; content_placement=&#8220;middle&#8220; seperator_enable=&#8220;seperator_enable_value&#8220; seperator_type=&#8220;triangle_svg_seperator&#8220; seperator_svg_height=&#8220;24&#8243; seperator_shape_background=&#8220;#de3327&#8243; css=&#8220;.vc_custom_1613647304182{background-position: center !important;background-repeat: no-repeat !important;background-size: cover !important;}&#8220;][vc_column el_class=&#8220;container&#8220;][vc_custom_heading text=&#8220;Videos der Stadt Wangen&#8220; font_container=&#8220;tag:h2|text_align:center&#8220; use_theme_fonts=&#8220;yes&#8220; css_animation=&#8220;fadeInUp&#8220; el_class=&#8220;schreibschrift&#8220;][vc_row_inner gap=&#8220;30&#8243;][vc_column_inner width=&#8220;1\/2&#8243;][vc_video link=&#8220;https:\/\/youtu.be\/68kW0w_eO7M&#8220;][\/vc_column_inner][vc_column_inner width=&#8220;1\/2&#8243;][vc_video link=&#8220;https:\/\/youtu.be\/cfQPG-S-2sk&#8220;][\/vc_column_inner][\/vc_row_inner][\/vc_column][\/vc_row][vc_row full_width=&#8220;stretch_row&#8220; bg_type=&#8220;bg_color&#8220; bg_color_value=&#8220;#ededdf&#8220;][vc_column][vc_custom_heading text=&#8220;Bilder&#8220; font_container=&#8220;tag:h2|text_align:center&#8220; use_theme_fonts=&#8220;yes&#8220; css_animation=&#8220;fadeInUp&#8220; el_class=&#8220;schreibschrift&#8220;][vc_media_grid gap=&#8220;20&#8243; item=&#8220;2207&#8243; css=&#8220;&#8220; grid_id=&#8220;vc_gid:1750664358306-c12e2be3-a2bf-8&#8243; [&hellip;]<\/p>\n","protected":false},"author":1,"featured_media":2134,"parent":0,"menu_order":9,"comment_status":"closed","ping_status":"closed","template":"","meta":{"inline_featured_image":false,"footnotes":""},"class_list":["post-2112","page","type-page","status-publish","has-post-thumbnail","hentry"],"yoast_head":"<!-- This site is optimized with the Yoast SEO plugin v27.4 - https:\/\/yoast.com\/product\/yoast-seo-wordpress\/ -->\n<title>Bilder und Impressionen aus dem Hotel Engelberg in Wangen<\/title>\n<meta name=\"description\" content=\"Lernen Sie das Hotel Engelberg in Wangen durch Bilder und Impressionen kennen \u00bb Natur pur \u00bb Jetzt g\u00fcnstige \u00dcbernachtungen im wundersch\u00f6nen Allg\u00e4u sichern!\" \/>\n<meta name=\"robots\" content=\"index, follow, max-snippet:-1, max-image-preview:large, max-video-preview:-1\" \/>\n<link rel=\"canonical\" href=\"https:\/\/www.hotel-engelberg.de\/de\/impressionen\/\" \/>\n<meta property=\"og:locale\" content=\"de_DE\" \/>\n<meta property=\"og:type\" content=\"article\" \/>\n<meta property=\"og:title\" content=\"Bilder und Impressionen aus dem Hotel Engelberg in Wangen\" \/>\n<meta property=\"og:description\" content=\"Lernen Sie das Hotel Engelberg in Wangen durch Bilder und Impressionen kennen \u00bb Natur pur \u00bb Jetzt g\u00fcnstige \u00dcbernachtungen im wundersch\u00f6nen Allg\u00e4u sichern!\" \/>\n<meta property=\"og:url\" content=\"https:\/\/www.hotel-engelberg.de\/de\/impressionen\/\" \/>\n<meta property=\"og:site_name\" content=\"Hotel Engelberg\" \/>\n<meta property=\"article:modified_time\" content=\"2025-06-23T07:39:45+00:00\" \/>\n<meta property=\"og:image\" content=\"https:\/\/www.hotel-engelberg.de\/wp-content\/uploads\/2021\/02\/hotel-engelberg-impressionen-vorschau.jpg\" \/>\n\t<meta property=\"og:image:width\" content=\"366\" \/>\n\t<meta property=\"og:image:height\" content=\"244\" \/>\n\t<meta property=\"og:image:type\" content=\"image\/jpeg\" \/>\n<meta name=\"twitter:card\" content=\"summary_large_image\" \/>\n<meta name=\"twitter:label1\" content=\"Gesch\u00e4tzte Lesezeit\" \/>\n\t<meta name=\"twitter:data1\" content=\"9\u00a0Minuten\" \/>\n<script type=\"application\/ld+json\" class=\"yoast-schema-graph\">{\"@context\":\"https:\\\/\\\/schema.org\",\"@graph\":[{\"@type\":\"WebPage\",\"@id\":\"https:\\\/\\\/www.hotel-engelberg.de\\\/de\\\/impressionen\\\/\",\"url\":\"https:\\\/\\\/www.hotel-engelberg.de\\\/de\\\/impressionen\\\/\",\"name\":\"Bilder und Impressionen aus dem Hotel Engelberg in Wangen\",\"isPartOf\":{\"@id\":\"https:\\\/\\\/www.hotel-engelberg.de\\\/de\\\/#website\"},\"primaryImageOfPage\":{\"@id\":\"https:\\\/\\\/www.hotel-engelberg.de\\\/de\\\/impressionen\\\/#primaryimage\"},\"image\":{\"@id\":\"https:\\\/\\\/www.hotel-engelberg.de\\\/de\\\/impressionen\\\/#primaryimage\"},\"thumbnailUrl\":\"https:\\\/\\\/www.hotel-engelberg.de\\\/wp-content\\\/uploads\\\/2021\\\/02\\\/hotel-engelberg-impressionen-vorschau.jpg\",\"datePublished\":\"2021-02-18T13:06:20+00:00\",\"dateModified\":\"2025-06-23T07:39:45+00:00\",\"description\":\"Lernen Sie das Hotel Engelberg in Wangen durch Bilder und Impressionen kennen \u00bb Natur pur \u00bb Jetzt g\u00fcnstige \u00dcbernachtungen im wundersch\u00f6nen Allg\u00e4u sichern!\",\"breadcrumb\":{\"@id\":\"https:\\\/\\\/www.hotel-engelberg.de\\\/de\\\/impressionen\\\/#breadcrumb\"},\"inLanguage\":\"de\",\"potentialAction\":[{\"@type\":\"ReadAction\",\"target\":[\"https:\\\/\\\/www.hotel-engelberg.de\\\/de\\\/impressionen\\\/\"]}]},{\"@type\":\"ImageObject\",\"inLanguage\":\"de\",\"@id\":\"https:\\\/\\\/www.hotel-engelberg.de\\\/de\\\/impressionen\\\/#primaryimage\",\"url\":\"https:\\\/\\\/www.hotel-engelberg.de\\\/wp-content\\\/uploads\\\/2021\\\/02\\\/hotel-engelberg-impressionen-vorschau.jpg\",\"contentUrl\":\"https:\\\/\\\/www.hotel-engelberg.de\\\/wp-content\\\/uploads\\\/2021\\\/02\\\/hotel-engelberg-impressionen-vorschau.jpg\",\"width\":366,\"height\":244},{\"@type\":\"BreadcrumbList\",\"@id\":\"https:\\\/\\\/www.hotel-engelberg.de\\\/de\\\/impressionen\\\/#breadcrumb\",\"itemListElement\":[{\"@type\":\"ListItem\",\"position\":1,\"name\":\"Startseite\",\"item\":\"https:\\\/\\\/www.hotel-engelberg.de\\\/de\\\/\"},{\"@type\":\"ListItem\",\"position\":2,\"name\":\"Impressionen\"}]},{\"@type\":\"WebSite\",\"@id\":\"https:\\\/\\\/www.hotel-engelberg.de\\\/de\\\/#website\",\"url\":\"https:\\\/\\\/www.hotel-engelberg.de\\\/de\\\/\",\"name\":\"Poschenrieder\",\"description\":\"\",\"potentialAction\":[{\"@type\":\"SearchAction\",\"target\":{\"@type\":\"EntryPoint\",\"urlTemplate\":\"https:\\\/\\\/www.hotel-engelberg.de\\\/de\\\/?s={search_term_string}\"},\"query-input\":{\"@type\":\"PropertyValueSpecification\",\"valueRequired\":true,\"valueName\":\"search_term_string\"}}],\"inLanguage\":\"de\"}]}<\/script>\n<!-- \/ Yoast SEO plugin. -->","yoast_head_json":{"title":"Bilder und Impressionen aus dem Hotel Engelberg in Wangen","description":"Lernen Sie das Hotel Engelberg in Wangen durch Bilder und Impressionen kennen \u00bb Natur pur \u00bb Jetzt g\u00fcnstige \u00dcbernachtungen im wundersch\u00f6nen Allg\u00e4u sichern!","robots":{"index":"index","follow":"follow","max-snippet":"max-snippet:-1","max-image-preview":"max-image-preview:large","max-video-preview":"max-video-preview:-1"},"canonical":"https:\/\/www.hotel-engelberg.de\/de\/impressionen\/","og_locale":"de_DE","og_type":"article","og_title":"Bilder und Impressionen aus dem Hotel Engelberg in Wangen","og_description":"Lernen Sie das Hotel Engelberg in Wangen durch Bilder und Impressionen kennen \u00bb Natur pur \u00bb Jetzt g\u00fcnstige \u00dcbernachtungen im wundersch\u00f6nen Allg\u00e4u sichern!","og_url":"https:\/\/www.hotel-engelberg.de\/de\/impressionen\/","og_site_name":"Hotel Engelberg","article_modified_time":"2025-06-23T07:39:45+00:00","og_image":[{"width":366,"height":244,"url":"https:\/\/www.hotel-engelberg.de\/wp-content\/uploads\/2021\/02\/hotel-engelberg-impressionen-vorschau.jpg","type":"image\/jpeg"}],"twitter_card":"summary_large_image","twitter_misc":{"Gesch\u00e4tzte Lesezeit":"9\u00a0Minuten"},"schema":{"@context":"https:\/\/schema.org","@graph":[{"@type":"WebPage","@id":"https:\/\/www.hotel-engelberg.de\/de\/impressionen\/","url":"https:\/\/www.hotel-engelberg.de\/de\/impressionen\/","name":"Bilder und Impressionen aus dem Hotel Engelberg in Wangen","isPartOf":{"@id":"https:\/\/www.hotel-engelberg.de\/de\/#website"},"primaryImageOfPage":{"@id":"https:\/\/www.hotel-engelberg.de\/de\/impressionen\/#primaryimage"},"image":{"@id":"https:\/\/www.hotel-engelberg.de\/de\/impressionen\/#primaryimage"},"thumbnailUrl":"https:\/\/www.hotel-engelberg.de\/wp-content\/uploads\/2021\/02\/hotel-engelberg-impressionen-vorschau.jpg","datePublished":"2021-02-18T13:06:20+00:00","dateModified":"2025-06-23T07:39:45+00:00","description":"Lernen Sie das Hotel Engelberg in Wangen durch Bilder und Impressionen kennen \u00bb Natur pur \u00bb Jetzt g\u00fcnstige \u00dcbernachtungen im wundersch\u00f6nen Allg\u00e4u sichern!","breadcrumb":{"@id":"https:\/\/www.hotel-engelberg.de\/de\/impressionen\/#breadcrumb"},"inLanguage":"de","potentialAction":[{"@type":"ReadAction","target":["https:\/\/www.hotel-engelberg.de\/de\/impressionen\/"]}]},{"@type":"ImageObject","inLanguage":"de","@id":"https:\/\/www.hotel-engelberg.de\/de\/impressionen\/#primaryimage","url":"https:\/\/www.hotel-engelberg.de\/wp-content\/uploads\/2021\/02\/hotel-engelberg-impressionen-vorschau.jpg","contentUrl":"https:\/\/www.hotel-engelberg.de\/wp-content\/uploads\/2021\/02\/hotel-engelberg-impressionen-vorschau.jpg","width":366,"height":244},{"@type":"BreadcrumbList","@id":"https:\/\/www.hotel-engelberg.de\/de\/impressionen\/#breadcrumb","itemListElement":[{"@type":"ListItem","position":1,"name":"Startseite","item":"https:\/\/www.hotel-engelberg.de\/de\/"},{"@type":"ListItem","position":2,"name":"Impressionen"}]},{"@type":"WebSite","@id":"https:\/\/www.hotel-engelberg.de\/de\/#website","url":"https:\/\/www.hotel-engelberg.de\/de\/","name":"Poschenrieder","description":"","potentialAction":[{"@type":"SearchAction","target":{"@type":"EntryPoint","urlTemplate":"https:\/\/www.hotel-engelberg.de\/de\/?s={search_term_string}"},"query-input":{"@type":"PropertyValueSpecification","valueRequired":true,"valueName":"search_term_string"}}],"inLanguage":"de"}]}},"_links":{"self":[{"href":"https:\/\/www.hotel-engelberg.de\/de\/wp-json\/wp\/v2\/pages\/2112","targetHints":{"allow":["GET"]}}],"collection":[{"href":"https:\/\/www.hotel-engelberg.de\/de\/wp-json\/wp\/v2\/pages"}],"about":[{"href":"https:\/\/www.hotel-engelberg.de\/de\/wp-json\/wp\/v2\/types\/page"}],"author":[{"embeddable":true,"href":"https:\/\/www.hotel-engelberg.de\/de\/wp-json\/wp\/v2\/users\/1"}],"replies":[{"embeddable":true,"href":"https:\/\/www.hotel-engelberg.de\/de\/wp-json\/wp\/v2\/comments?post=2112"}],"version-history":[{"count":5,"href":"https:\/\/www.hotel-engelberg.de\/de\/wp-json\/wp\/v2\/pages\/2112\/revisions"}],"predecessor-version":[{"id":2820,"href":"https:\/\/www.hotel-engelberg.de\/de\/wp-json\/wp\/v2\/pages\/2112\/revisions\/2820"}],"wp:featuredmedia":[{"embeddable":true,"href":"https:\/\/www.hotel-engelberg.de\/de\/wp-json\/wp\/v2\/media\/2134"}],"wp:attachment":[{"href":"https:\/\/www.hotel-engelberg.de\/de\/wp-json\/wp\/v2\/media?parent=2112"}],"curies":[{"name":"wp","href":"https:\/\/api.w.org\/{rel}","templated":true}]}}