{"id":2110,"date":"2021-02-18T14:06:20","date_gmt":"2021-02-18T13:06:20","guid":{"rendered":"https:\/\/hotel-engelberg.de\/online-buchen\/"},"modified":"2024-07-25T20:15:38","modified_gmt":"2024-07-25T18:15:38","slug":"online-buchen","status":"publish","type":"page","link":"https:\/\/www.hotel-engelberg.de\/de\/online-buchen\/","title":{"rendered":"Online buchen"},"content":{"rendered":"<div class=\"wpb-content-wrapper\"><p>[vc_row full_width=&#8220;stretch_row_content_no_spaces&#8220; bg_type=&#8220;image&#8220; parallax_style=&#8220;vcpb-default&#8220; bg_image_new=&#8220;id^2548|url^https:\/\/www.hotel-engelberg.de\/wp-content\/uploads\/2021\/03\/DSC_2857.jpg|caption^null|alt^null|title^DSC_2857|description^null&#8220; bg_image_repeat=&#8220;no-repeat&#8220;][vc_column css=&#8220;.vc_custom_1617721609523{background-position: center !important;background-repeat: no-repeat !important;background-size: contain !important;}&#8220;]<div class=\"ult-spacer spacer-69f0beaf35864\" data-id=\"69f0beaf35864\" data-height=\"640\" data-height-mobile=\"300\" data-height-tab=\"420\" data-height-tab-portrait=\"420\" data-height-mobile-landscape=\"300\" style=\"clear:both;display:block;\"><\/div>[\/vc_column][vc_column][\/vc_column][\/vc_row][vc_row full_width=&#8220;stretch_row&#8220; content_placement=&#8220;middle&#8220; bg_type=&#8220;bg_color&#8220; bg_override=&#8220;full&#8220; bg_color_value=&#8220;#3f3c3e&#8220;][vc_column]<div class=\"ult-spacer spacer-69f0beaf35891\" data-id=\"69f0beaf35891\" data-height=\"40\" data-height-mobile=\"40\" data-height-tab=\"40\" data-height-tab-portrait=\"\" data-height-mobile-landscape=\"\" style=\"clear:both;display:block;\"><\/div>[vc_custom_heading text=&#8220;Zimmer online buchen&#8220; font_container=&#8220;tag:h1|text_align:center|color:%23ffffff&#8220; use_theme_fonts=&#8220;yes&#8220; css_animation=&#8220;fadeInUp&#8220;]<div class=\"ult-spacer spacer-69f0beaf358b1\" data-id=\"69f0beaf358b1\" data-height=\"40\" data-height-mobile=\"40\" data-height-tab=\"40\" data-height-tab-portrait=\"\" data-height-mobile-landscape=\"\" style=\"clear:both;display:block;\"><\/div>[\/vc_column][\/vc_row][vc_row content_placement=&#8220;top&#8220;][vc_column width=&#8220;1\/2&#8243;]<div class=\"ult-spacer spacer-69f0beaf358cc\" data-id=\"69f0beaf358cc\" data-height=\"40\" data-height-mobile=\"40\" data-height-tab=\"40\" data-height-tab-portrait=\"\" data-height-mobile-landscape=\"\" style=\"clear:both;display:block;\"><\/div>[vc_row_inner][vc_column_inner][vc_custom_heading text=&#8220;Zimmer jetzt online buchen&#8220; use_theme_fonts=&#8220;yes&#8220; css_animation=&#8220;fadeInUp&#8220;][vc_raw_html]JTNDZGl2JTIwaWQlM0QlMjJkMjEtcXVpY2tib29rJTIyJTNFJTNDJTJGZGl2JTNF[\/vc_raw_html][\/vc_column_inner][\/vc_row_inner]<div class=\"ult-spacer spacer-69f0beaf358e5\" data-id=\"69f0beaf358e5\" data-height=\"40\" data-height-mobile=\"40\" data-height-tab=\"40\" data-height-tab-portrait=\"\" data-height-mobile-landscape=\"\" style=\"clear:both;display:block;\"><\/div>[\/vc_column][vc_column width=&#8220;1\/2&#8243;]<div class=\"ult-spacer spacer-69f0beaf358fd\" data-id=\"69f0beaf358fd\" data-height=\"40\" data-height-mobile=\"40\" data-height-tab=\"40\" data-height-tab-portrait=\"\" data-height-mobile-landscape=\"\" style=\"clear:both;display:block;\"><\/div>[vc_custom_heading text=&#8220;Zimmer per Telefon buchen:&#8220; use_theme_fonts=&#8220;yes&#8220; css_animation=&#8220;fadeInUp&#8220;][vc_row_inner][vc_column_inner width=&#8220;1\/4&#8243;][vc_single_image image=&#8220;2166&#8243; img_size=&#8220;full&#8220; css_animation=&#8220;fadeInUp&#8220;][\/vc_column_inner][vc_column_inner width=&#8220;3\/4&#8243;][vc_column_text css_animation=&#8220;fadeInUp&#8220;]Tel D: <strong>07522 707970<\/strong><br \/>\nTel Int: <strong>+49 7522 707970<\/strong>[\/vc_column_text][\/vc_column_inner][\/vc_row_inner]<div class=\"ult-spacer spacer-69f0beaf35914\" data-id=\"69f0beaf35914\" data-height=\"20\" data-height-mobile=\"20\" data-height-tab=\"20\" data-height-tab-portrait=\"\" data-height-mobile-landscape=\"\" style=\"clear:both;display:block;\"><\/div>[vc_custom_heading text=&#8220;Unverbindliche Online-Anfrage&#8220; use_theme_fonts=&#8220;yes&#8220; css_animation=&#8220;fadeInUp&#8220;][vc_row_inner][vc_column_inner width=&#8220;1\/4&#8243;][vc_single_image image=&#8220;2167&#8243; img_size=&#8220;full&#8220; onclick=&#8220;custom_link&#8220; css_animation=&#8220;fadeInUp&#8220; link=&#8220;\/de\/kontakt\/&#8220;][\/vc_column_inner][vc_column_inner width=&#8220;3\/4&#8243;][\/vc_column_inner][\/vc_row_inner]<div class=\"ult-spacer spacer-69f0beaf35934\" data-id=\"69f0beaf35934\" data-height=\"40\" data-height-mobile=\"40\" data-height-tab=\"40\" data-height-tab-portrait=\"\" data-height-mobile-landscape=\"\" style=\"clear:both;display:block;\"><\/div>[\/vc_column][\/vc_row][vc_row][vc_column][\/vc_column][\/vc_row]<\/p>\n<\/div>","protected":false},"excerpt":{"rendered":"<p>[vc_row full_width=&#8220;stretch_row_content_no_spaces&#8220; bg_type=&#8220;image&#8220; parallax_style=&#8220;vcpb-default&#8220; bg_image_new=&#8220;id^2548|url^https:\/\/www.hotel-engelberg.de\/wp-content\/uploads\/2021\/03\/DSC_2857.jpg|caption^null|alt^null|title^DSC_2857|description^null&#8220; bg_image_repeat=&#8220;no-repeat&#8220;][vc_column css=&#8220;.vc_custom_1617721609523{background-position: center !important;background-repeat: no-repeat !important;background-size: contain !important;}&#8220;][\/vc_column][vc_column][\/vc_column][\/vc_row][vc_row full_width=&#8220;stretch_row&#8220; content_placement=&#8220;middle&#8220; bg_type=&#8220;bg_color&#8220; bg_override=&#8220;full&#8220; bg_color_value=&#8220;#3f3c3e&#8220;][vc_column][vc_custom_heading text=&#8220;Zimmer online buchen&#8220; font_container=&#8220;tag:h1|text_align:center|color:%23ffffff&#8220; use_theme_fonts=&#8220;yes&#8220; css_animation=&#8220;fadeInUp&#8220;][\/vc_column][\/vc_row][vc_row content_placement=&#8220;top&#8220;][vc_column width=&#8220;1\/2&#8243;][vc_row_inner][vc_column_inner][vc_custom_heading text=&#8220;Zimmer jetzt online buchen&#8220; use_theme_fonts=&#8220;yes&#8220; css_animation=&#8220;fadeInUp&#8220;][vc_raw_html]JTNDZGl2JTIwaWQlM0QlMjJkMjEtcXVpY2tib29rJTIyJTNFJTNDJTJGZGl2JTNF[\/vc_raw_html][\/vc_column_inner][\/vc_row_inner][\/vc_column][vc_column width=&#8220;1\/2&#8243;][vc_custom_heading text=&#8220;Zimmer per Telefon buchen:&#8220; use_theme_fonts=&#8220;yes&#8220; css_animation=&#8220;fadeInUp&#8220;][vc_row_inner][vc_column_inner width=&#8220;1\/4&#8243;][vc_single_image image=&#8220;2166&#8243; img_size=&#8220;full&#8220; css_animation=&#8220;fadeInUp&#8220;][\/vc_column_inner][vc_column_inner width=&#8220;3\/4&#8243;][vc_column_text css_animation=&#8220;fadeInUp&#8220;]Tel D: 07522 707970 Tel Int: +49 7522 707970[\/vc_column_text][\/vc_column_inner][\/vc_row_inner][vc_custom_heading text=&#8220;Unverbindliche Online-Anfrage&#8220; [&hellip;]<\/p>\n","protected":false},"author":1,"featured_media":0,"parent":0,"menu_order":5,"comment_status":"closed","ping_status":"closed","template":"","meta":{"inline_featured_image":false,"footnotes":""},"class_list":["post-2110","page","type-page","status-publish","hentry"],"yoast_head":"<!-- This site is optimized with the Yoast SEO plugin v27.4 - https:\/\/yoast.com\/product\/yoast-seo-wordpress\/ -->\n<title>Hotel Zimmer online buchen im Hotel Engelberg<\/title>\n<meta name=\"description\" content=\"Im Hotel Engelberg k\u00f6nnen Sie alle Hotelzimmer online buchen. Unser Hotel ist ein idealer Ausgangspunkt f\u00fcr einen Urlaub im Allg\u00e4u\" \/>\n<meta name=\"robots\" content=\"index, follow, max-snippet:-1, max-image-preview:large, max-video-preview:-1\" \/>\n<link rel=\"canonical\" href=\"https:\/\/www.hotel-engelberg.de\/de\/online-buchen\/\" \/>\n<meta property=\"og:locale\" content=\"de_DE\" \/>\n<meta property=\"og:type\" content=\"article\" \/>\n<meta property=\"og:title\" content=\"Hotel Zimmer online buchen im Hotel Engelberg\" \/>\n<meta property=\"og:description\" content=\"Im Hotel Engelberg k\u00f6nnen Sie alle Hotelzimmer online buchen. Unser Hotel ist ein idealer Ausgangspunkt f\u00fcr einen Urlaub im Allg\u00e4u\" \/>\n<meta property=\"og:url\" content=\"https:\/\/www.hotel-engelberg.de\/de\/online-buchen\/\" \/>\n<meta property=\"og:site_name\" content=\"Hotel Engelberg\" \/>\n<meta property=\"article:modified_time\" content=\"2024-07-25T18:15:38+00:00\" \/>\n<meta name=\"twitter:card\" content=\"summary_large_image\" \/>\n<meta name=\"twitter:label1\" content=\"Gesch\u00e4tzte Lesezeit\" \/>\n\t<meta name=\"twitter:data1\" content=\"1\u00a0Minute\" \/>\n<script type=\"application\/ld+json\" class=\"yoast-schema-graph\">{\"@context\":\"https:\\\/\\\/schema.org\",\"@graph\":[{\"@type\":\"WebPage\",\"@id\":\"https:\\\/\\\/www.hotel-engelberg.de\\\/de\\\/online-buchen\\\/\",\"url\":\"https:\\\/\\\/www.hotel-engelberg.de\\\/de\\\/online-buchen\\\/\",\"name\":\"Hotel Zimmer online buchen im Hotel Engelberg\",\"isPartOf\":{\"@id\":\"https:\\\/\\\/www.hotel-engelberg.de\\\/de\\\/#website\"},\"datePublished\":\"2021-02-18T13:06:20+00:00\",\"dateModified\":\"2024-07-25T18:15:38+00:00\",\"description\":\"Im Hotel Engelberg k\u00f6nnen Sie alle Hotelzimmer online buchen. Unser Hotel ist ein idealer Ausgangspunkt f\u00fcr einen Urlaub im Allg\u00e4u\",\"breadcrumb\":{\"@id\":\"https:\\\/\\\/www.hotel-engelberg.de\\\/de\\\/online-buchen\\\/#breadcrumb\"},\"inLanguage\":\"de\",\"potentialAction\":[{\"@type\":\"ReadAction\",\"target\":[\"https:\\\/\\\/www.hotel-engelberg.de\\\/de\\\/online-buchen\\\/\"]}]},{\"@type\":\"BreadcrumbList\",\"@id\":\"https:\\\/\\\/www.hotel-engelberg.de\\\/de\\\/online-buchen\\\/#breadcrumb\",\"itemListElement\":[{\"@type\":\"ListItem\",\"position\":1,\"name\":\"Startseite\",\"item\":\"https:\\\/\\\/www.hotel-engelberg.de\\\/de\\\/\"},{\"@type\":\"ListItem\",\"position\":2,\"name\":\"Online buchen\"}]},{\"@type\":\"WebSite\",\"@id\":\"https:\\\/\\\/www.hotel-engelberg.de\\\/de\\\/#website\",\"url\":\"https:\\\/\\\/www.hotel-engelberg.de\\\/de\\\/\",\"name\":\"Poschenrieder\",\"description\":\"\",\"potentialAction\":[{\"@type\":\"SearchAction\",\"target\":{\"@type\":\"EntryPoint\",\"urlTemplate\":\"https:\\\/\\\/www.hotel-engelberg.de\\\/de\\\/?s={search_term_string}\"},\"query-input\":{\"@type\":\"PropertyValueSpecification\",\"valueRequired\":true,\"valueName\":\"search_term_string\"}}],\"inLanguage\":\"de\"}]}<\/script>\n<!-- \/ Yoast SEO plugin. -->","yoast_head_json":{"title":"Hotel Zimmer online buchen im Hotel Engelberg","description":"Im Hotel Engelberg k\u00f6nnen Sie alle Hotelzimmer online buchen. Unser Hotel ist ein idealer Ausgangspunkt f\u00fcr einen Urlaub im Allg\u00e4u","robots":{"index":"index","follow":"follow","max-snippet":"max-snippet:-1","max-image-preview":"max-image-preview:large","max-video-preview":"max-video-preview:-1"},"canonical":"https:\/\/www.hotel-engelberg.de\/de\/online-buchen\/","og_locale":"de_DE","og_type":"article","og_title":"Hotel Zimmer online buchen im Hotel Engelberg","og_description":"Im Hotel Engelberg k\u00f6nnen Sie alle Hotelzimmer online buchen. Unser Hotel ist ein idealer Ausgangspunkt f\u00fcr einen Urlaub im Allg\u00e4u","og_url":"https:\/\/www.hotel-engelberg.de\/de\/online-buchen\/","og_site_name":"Hotel Engelberg","article_modified_time":"2024-07-25T18:15:38+00:00","twitter_card":"summary_large_image","twitter_misc":{"Gesch\u00e4tzte Lesezeit":"1\u00a0Minute"},"schema":{"@context":"https:\/\/schema.org","@graph":[{"@type":"WebPage","@id":"https:\/\/www.hotel-engelberg.de\/de\/online-buchen\/","url":"https:\/\/www.hotel-engelberg.de\/de\/online-buchen\/","name":"Hotel Zimmer online buchen im Hotel Engelberg","isPartOf":{"@id":"https:\/\/www.hotel-engelberg.de\/de\/#website"},"datePublished":"2021-02-18T13:06:20+00:00","dateModified":"2024-07-25T18:15:38+00:00","description":"Im Hotel Engelberg k\u00f6nnen Sie alle Hotelzimmer online buchen. Unser Hotel ist ein idealer Ausgangspunkt f\u00fcr einen Urlaub im Allg\u00e4u","breadcrumb":{"@id":"https:\/\/www.hotel-engelberg.de\/de\/online-buchen\/#breadcrumb"},"inLanguage":"de","potentialAction":[{"@type":"ReadAction","target":["https:\/\/www.hotel-engelberg.de\/de\/online-buchen\/"]}]},{"@type":"BreadcrumbList","@id":"https:\/\/www.hotel-engelberg.de\/de\/online-buchen\/#breadcrumb","itemListElement":[{"@type":"ListItem","position":1,"name":"Startseite","item":"https:\/\/www.hotel-engelberg.de\/de\/"},{"@type":"ListItem","position":2,"name":"Online buchen"}]},{"@type":"WebSite","@id":"https:\/\/www.hotel-engelberg.de\/de\/#website","url":"https:\/\/www.hotel-engelberg.de\/de\/","name":"Poschenrieder","description":"","potentialAction":[{"@type":"SearchAction","target":{"@type":"EntryPoint","urlTemplate":"https:\/\/www.hotel-engelberg.de\/de\/?s={search_term_string}"},"query-input":{"@type":"PropertyValueSpecification","valueRequired":true,"valueName":"search_term_string"}}],"inLanguage":"de"}]}},"_links":{"self":[{"href":"https:\/\/www.hotel-engelberg.de\/de\/wp-json\/wp\/v2\/pages\/2110","targetHints":{"allow":["GET"]}}],"collection":[{"href":"https:\/\/www.hotel-engelberg.de\/de\/wp-json\/wp\/v2\/pages"}],"about":[{"href":"https:\/\/www.hotel-engelberg.de\/de\/wp-json\/wp\/v2\/types\/page"}],"author":[{"embeddable":true,"href":"https:\/\/www.hotel-engelberg.de\/de\/wp-json\/wp\/v2\/users\/1"}],"replies":[{"embeddable":true,"href":"https:\/\/www.hotel-engelberg.de\/de\/wp-json\/wp\/v2\/comments?post=2110"}],"version-history":[{"count":5,"href":"https:\/\/www.hotel-engelberg.de\/de\/wp-json\/wp\/v2\/pages\/2110\/revisions"}],"predecessor-version":[{"id":2624,"href":"https:\/\/www.hotel-engelberg.de\/de\/wp-json\/wp\/v2\/pages\/2110\/revisions\/2624"}],"wp:attachment":[{"href":"https:\/\/www.hotel-engelberg.de\/de\/wp-json\/wp\/v2\/media?parent=2110"}],"curies":[{"name":"wp","href":"https:\/\/api.w.org\/{rel}","templated":true}]}}