{"id":2,"date":"2020-12-07T18:32:33","date_gmt":"2020-12-07T17:32:33","guid":{"rendered":"https:\/\/hotel-engelberg.de\/?page_id=2"},"modified":"2025-05-03T11:00:38","modified_gmt":"2025-05-03T09:00:38","slug":"start","status":"publish","type":"page","link":"https:\/\/www.hotel-engelberg.de\/de\/","title":{"rendered":"Home"},"content":{"rendered":"<div class=\"wpb-content-wrapper\"><p>[vc_row full_width=&#8220;stretch_row_content_no_spaces&#8220; bg_type=&#8220;image&#8220; parallax_style=&#8220;vcpb-default&#8220; bg_image_new=&#8220;id^2078|url^https:\/\/hotel-engelberg.de\/wp-content\/uploads\/2021\/02\/hotel-engelberg-head-home.jpg|caption^null|alt^null|title^hotel-engelberg-head-home|description^null&#8220; bg_image_repeat=&#8220;no-repeat&#8220;][vc_column]<div class=\"ult-spacer spacer-69d80e5541103\" data-id=\"69d80e5541103\" data-height=\"640\" data-height-mobile=\"300\" data-height-tab=\"420\" data-height-tab-portrait=\"420\" data-height-mobile-landscape=\"300\" style=\"clear:both;display:block;\"><\/div>[\/vc_column][\/vc_row][vc_row full_width=&#8220;stretch_row&#8220; content_placement=&#8220;middle&#8220; bg_type=&#8220;bg_color&#8220; bg_override=&#8220;full&#8220; bg_color_value=&#8220;#3f3c3e&#8220;][vc_column]<div class=\"ult-spacer spacer-69d80e5541146\" data-id=\"69d80e5541146\" data-height=\"40\" data-height-mobile=\"40\" data-height-tab=\"40\" data-height-tab-portrait=\"\" data-height-mobile-landscape=\"\" style=\"clear:both;display:block;\"><\/div>[vc_custom_heading text=&#8220;\u201eHerzlich Willkommen im familiengef\u00fchrten Hotel Engelberg in Wangen im Allg\u00e4u&#8222;&#8220; font_container=&#8220;tag:h1|text_align:center|color:%23ffffff&#8220; use_theme_fonts=&#8220;yes&#8220; css_animation=&#8220;fadeInUp&#8220;]<div class=\"ult-spacer spacer-69d80e5541173\" data-id=\"69d80e5541173\" data-height=\"40\" data-height-mobile=\"40\" data-height-tab=\"40\" data-height-tab-portrait=\"\" data-height-mobile-landscape=\"\" style=\"clear:both;display:block;\"><\/div>[\/vc_column][\/vc_row][vc_row full_width=&#8220;stretch_row&#8220; gap=&#8220;35&#8243; content_placement=&#8220;middle&#8220; seperator_enable=&#8220;seperator_enable_value&#8220; seperator_type=&#8220;triangle_svg_seperator&#8220; seperator_svg_height=&#8220;24&#8243; seperator_shape_background=&#8220;#de3327&#8243; css=&#8220;.vc_custom_1613647304182{background-position: center !important;background-repeat: no-repeat !important;background-size: cover !important;}&#8220;][vc_column el_class=&#8220;container&#8220;]<div class=\"ult-spacer spacer-69d80e554119a\" data-id=\"69d80e554119a\" data-height=\"40\" data-height-mobile=\"40\" data-height-tab=\"40\" data-height-tab-portrait=\"\" data-height-mobile-landscape=\"\" style=\"clear:both;display:block;\"><\/div>[vc_row_inner gap=&#8220;35&#8243;][vc_column_inner width=&#8220;1\/3&#8243;][vc_custom_heading text=&#8220;Hotel Engelberg&#8220; use_theme_fonts=&#8220;yes&#8220; css_animation=&#8220;fadeInUp&#8220;][vc_custom_heading text=&#8220;Die beste Lage um Wangen zu entdecken&#8230;&#8220; font_container=&#8220;tag:h3|text_align:left&#8220; use_theme_fonts=&#8220;yes&#8220; css_animation=&#8220;fadeInUp&#8220;][vc_single_image image=&#8220;2534&#8243; img_size=&#8220;medium&#8220;][\/vc_column_inner][vc_column_inner width=&#8220;2\/3&#8243;][vc_column_text css_animation=&#8220;fadeInUp&#8220; css=&#8220;&#8220;]Sanft eingebettet im Westallg\u00e4uer H\u00fcgelland und verkehrsg\u00fcnstig an der Autobahn 96 Lindau\u2013Memmingen gelegen, befindet sich der Luftkurort Wangen. Nur wenige Gehminuten von der historischen Altstadt entfernt, liegt unser charmantes Hotel Engelberg. Unser Haus bietet einen Wohlf\u00fchlcharakter zum fairen Preis und ist Ihr perfekter Ausgangspunkt, um die wundersch\u00f6nen Geb\u00e4ude, T\u00fcrme und Tore rund um den mittelalterlichen Marktplatz der Stadt Wangen zu erkunden. Kulinarisch l\u00e4dt die gepflegte ortstypische Gastronomie mit ihren stilvollen Weinstuben zum Verweilen und Genie\u00dfen ein.<\/p>\n<p>Doch nicht nur Kulturbegeisterte kommen in Wangen auf ihre Kosten: 220 km markierte Wanderwege, 130 km beschilderte Radwege sowie Sportangebote von Angeln bis Reiten bieten Ihnen die M\u00f6glichkeit, das landschaftlich reizvolle Gebiet zu erkunden. Tagesausfl\u00fcge in die Allg\u00e4uer, \u00d6sterreicher und Schweizer Alpen oder den nur 20 km entfernten Bodensee runden die zahlreichen Freizeitangebote in und um Wangen ab.<\/p>\n<p>Wir freuen uns, Sie schon bald bei uns zu begr\u00fc\u00dfen.<\/p>\n<p>Ihre Gastgeberin<\/p>\n<p><span class=\"schreibschrift\">Kim Funk-Fritsch<\/span><\/p>\n<p>[\/vc_column_text][\/vc_column_inner][\/vc_row_inner]<div class=\"ult-spacer spacer-69d80e55411bd\" data-id=\"69d80e55411bd\" data-height=\"40\" data-height-mobile=\"40\" data-height-tab=\"40\" data-height-tab-portrait=\"\" data-height-mobile-landscape=\"\" style=\"clear:both;display:block;\"><\/div>[\/vc_column][\/vc_row][vc_row full_width=&#8220;stretch_row&#8220; bg_type=&#8220;bg_color&#8220; bg_color_value=&#8220;#ededdf&#8220;][vc_column]<div class=\"ult-spacer spacer-69d80e55411df\" data-id=\"69d80e55411df\" data-height=\"40\" data-height-mobile=\"40\" data-height-tab=\"40\" data-height-tab-portrait=\"\" data-height-mobile-landscape=\"\" style=\"clear:both;display:block;\"><\/div>[vc_row_inner][vc_column_inner width=&#8220;1\/3&#8243;][vc_custom_heading text=&#8220;Hier finden Sie uns&#8230;&#8220; use_theme_fonts=&#8220;yes&#8220; css_animation=&#8220;fadeInUp&#8220;][\/vc_column_inner][vc_column_inner width=&#8220;2\/3&#8243;][vc_gmaps link=&#8220;#E-8_JTNDaWZyYW1lJTIwc3JjJTNEJTIyaHR0cHMlM0ElMkYlMkZ3d3cuZ29vZ2xlLmNvbSUyRm1hcHMlMkZlbWJlZCUzRnBiJTNEJTIxMW0xNCUyMTFtOCUyMTFtMyUyMTFkNTM3MS4xNDIxODg1MDg0NzMlMjEyZDkuODM4ODU2JTIxM2Q0Ny42OTI3NDklMjEzbTIlMjExaTEwMjQlMjEyaTc2OCUyMTRmMTMuMSUyMTNtMyUyMTFtMiUyMTFzMHgwJTI1M0EweGMxNTA1YTQwZmQ1ZjEwNmElMjEyc0hvdGVsJTI1MjBHYXJuaSUyNTIwRW5nZWxiZXJnJTIxNWUwJTIxM20yJTIxMXNkZSUyMTJzZGUlMjE0djE2MTM2NDc2MDg0NTQlMjE1bTIlMjExc2RlJTIxMnNkZSUyMiUyMHdpZHRoJTNEJTIyMTAwJTI1JTIyJTIwaGVpZ2h0JTNEJTIyNDAwJTIyJTIwZnJhbWVib3JkZXIlM0QlMjIwJTIyJTIwc3R5bGUlM0QlMjJib3JkZXIlM0EwJTNCJTIyJTIwYWxsb3dmdWxsc2NyZWVuJTNEJTIyJTIyJTIwYXJpYS1oaWRkZW4lM0QlMjJmYWxzZSUyMiUyMHRhYmluZGV4JTNEJTIyMCUyMiUzRSUzQyUyRmlmcmFtZSUzRQ==&#8220; size=&#8220;400&#8243;][\/vc_column_inner][\/vc_row_inner]<div class=\"ult-spacer spacer-69d80e55411ff\" data-id=\"69d80e55411ff\" data-height=\"40\" data-height-mobile=\"40\" data-height-tab=\"40\" data-height-tab-portrait=\"\" data-height-mobile-landscape=\"\" style=\"clear:both;display:block;\"><\/div>[\/vc_column][\/vc_row][vc_row full_width=&#8220;stretch_row&#8220; bg_type=&#8220;bg_color&#8220; bg_color_value=&#8220;#3f3c3e&#8220;][vc_column]<div class=\"ult-spacer spacer-69d80e554121d\" data-id=\"69d80e554121d\" data-height=\"40\" data-height-mobile=\"40\" data-height-tab=\"40\" data-height-tab-portrait=\"\" data-height-mobile-landscape=\"\" style=\"clear:both;display:block;\"><\/div>[vc_row_inner][vc_column_inner][vc_basic_grid post_type=&#8220;ids&#8220; item=&#8220;206&#8243; grid_id=&#8220;vc_gid:1746262811085-235c9392-4251-3&#8243; include=&#8220;2111, 2112, 2113&#8243;][\/vc_column_inner][\/vc_row_inner]<div class=\"ult-spacer spacer-69d80e554123b\" data-id=\"69d80e554123b\" data-height=\"40\" data-height-mobile=\"40\" data-height-tab=\"40\" data-height-tab-portrait=\"\" data-height-mobile-landscape=\"\" style=\"clear:both;display:block;\"><\/div>[\/vc_column][\/vc_row][vc_row][vc_column]<div class=\"ult-spacer spacer-69d80e5541259\" data-id=\"69d80e5541259\" data-height=\"40\" data-height-mobile=\"40\" data-height-tab=\"40\" data-height-tab-portrait=\"\" data-height-mobile-landscape=\"\" style=\"clear:both;display:block;\"><\/div>[vc_row_inner gap=&#8220;35&#8243;][vc_column_inner width=&#8220;1\/2&#8243;][vc_custom_heading text=&#8220;Zimmer online buchen&#8220; use_theme_fonts=&#8220;yes&#8220; css_animation=&#8220;fadeInUp&#8220;][vc_raw_html]JTNDZGl2JTIwaWQlM0QlMjJkMjEtcXVpY2tib29rJTIyJTNFJTNDJTJGZGl2JTNF[\/vc_raw_html][\/vc_column_inner][vc_column_inner width=&#8220;1\/2&#8243;][vc_custom_heading text=&#8220;Unverbindliche Anfrage&#8220; use_theme_fonts=&#8220;yes&#8220; css_animation=&#8220;fadeInUp&#8220;]\n<div class=\"wpcf7 no-js\" id=\"wpcf7-f1321-o1\" lang=\"de-DE\" dir=\"ltr\" data-wpcf7-id=\"1321\">\n<div class=\"screen-reader-response\"><p role=\"status\" aria-live=\"polite\" aria-atomic=\"true\"><\/p> <ul><\/ul><\/div>\n<form action=\"\/de\/wp-json\/wp\/v2\/pages\/2#wpcf7-f1321-o1\" method=\"post\" class=\"wpcf7-form init\" aria-label=\"Kontaktformular\" novalidate=\"novalidate\" data-status=\"init\">\n<fieldset class=\"hidden-fields-container\"><input type=\"hidden\" name=\"_wpcf7\" value=\"1321\" \/><input type=\"hidden\" name=\"_wpcf7_version\" value=\"6.1.5\" \/><input type=\"hidden\" name=\"_wpcf7_locale\" value=\"de_DE\" \/><input type=\"hidden\" name=\"_wpcf7_unit_tag\" value=\"wpcf7-f1321-o1\" \/><input type=\"hidden\" name=\"_wpcf7_container_post\" value=\"0\" \/><input type=\"hidden\" name=\"_wpcf7_posted_data_hash\" value=\"\" \/>\n<\/fieldset>\n<div class=\"form-row\">\n\t<div class=\"wpb_column vc_column_container vc_col-lg-6\">\n\t\t<p><span class=\"wpcf7-form-control-wrap\" data-name=\"auswahl-thema\"><select class=\"wpcf7-form-control wpcf7-select wpcf7-validates-as-required\" aria-required=\"true\" aria-invalid=\"false\" name=\"auswahl-thema\"><option value=\"\">Thema w\u00e4hlen *<\/option><option value=\"Zimmer\">Zimmer<\/option><option value=\"Sonstiges\">Sonstiges<\/option><\/select><\/span>\n\t\t<\/p>\n\t<\/div>\n\t<div class=\"wpb_column vc_column_container vc_col-lg-6\">\n\t\t<p><span class=\"wpcf7-form-control-wrap\" data-name=\"telefon\"><input size=\"40\" maxlength=\"400\" class=\"wpcf7-form-control wpcf7-text wpcf7-validates-as-required\" aria-required=\"true\" aria-invalid=\"false\" placeholder=\"Telefon *\" value=\"\" type=\"text\" name=\"telefon\" \/><\/span>\n\t\t<\/p>\n\t<\/div>\n\t<div class=\"wpb_column vc_column_container vc_col-lg-6\">\n\t\t<p><span class=\"wpcf7-form-control-wrap\" data-name=\"vorname-name\"><input size=\"40\" maxlength=\"400\" class=\"wpcf7-form-control wpcf7-text wpcf7-validates-as-required\" aria-required=\"true\" aria-invalid=\"false\" placeholder=\"Name *\" value=\"\" type=\"text\" name=\"vorname-name\" \/><\/span>\n\t\t<\/p>\n\t<\/div>\n\t<div class=\"wpb_column vc_column_container vc_col-lg-6\">\n\t\t<p><span class=\"wpcf7-form-control-wrap\" data-name=\"email\"><input size=\"40\" maxlength=\"400\" class=\"wpcf7-form-control wpcf7-email wpcf7-validates-as-required wpcf7-text wpcf7-validates-as-email\" aria-required=\"true\" aria-invalid=\"false\" placeholder=\"E-Mail*\" value=\"\" type=\"email\" name=\"email\" \/><\/span>\n\t\t<\/p>\n\t<\/div>\n\t<div class=\"wpb_column vc_column_container vc_col-lg-12\">\n\t\t<p><span class=\"wpcf7-form-control-wrap\" data-name=\"nachricht\"><textarea cols=\"40\" rows=\"10\" maxlength=\"2000\" class=\"wpcf7-form-control wpcf7-textarea\" aria-invalid=\"false\" placeholder=\"Ihre Nachricht\" name=\"nachricht\"><\/textarea><\/span>\n\t\t<\/p>\n\t<\/div>\n\t<div class=\"wpb_column vc_column_container vc_col-lg-12 checkbox-box\">\n\t\t<p class=\"check\"><span class=\"wpcf7-form-control-wrap\" data-name=\"datenschutz\"><span class=\"wpcf7-form-control wpcf7-checkbox wpcf7-validates-as-required\"><span class=\"wpcf7-list-item first last\"><label><input type=\"checkbox\" name=\"datenschutz[]\" value=\"Ich habe die Datenschutzerkl\u00e4rung zur Kenntnis genommen und stimme dieser zu.\" \/><span class=\"wpcf7-list-item-label\">Ich habe die Datenschutzerkl\u00e4rung zur Kenntnis genommen und stimme dieser zu.<\/span><\/label><\/span><\/span><\/span><br \/>\n<span class=checkbox-text>Ihre Angaben werden zur Kontaktaufnahme und f\u00fcr R\u00fcckfragen dauerhaft gespeichert. Sie k\u00f6nnen Ihre Einwilligung jederzeit f\u00fcr die Zukunft per Mail <a href=\"mailto:info@hotel-engelberg.de\" target=\"_blank\"> info@hotel-engelberg.de<\/a> widerrufen. <a href=\"\/datenschutz\" target=\"_blank\">Die Datenschutzerkl\u00e4rung k\u00f6nnen Sie hier einsehen<\/a>.<br \/>\n<\/span>\n\t\t<\/p>\n\t<\/div>\n\t<div class=\"wpb_column vc_column_container vc_col-lg-12 pflichtfeld\">\n\t\t<p><span id=\"wpcf7-69d80e5542129-wrapper\" class=\"wpcf7-form-control-wrap honeypot-739-wrap\" style=\"display:none !important; visibility:hidden !important;\"><label for=\"wpcf7-69d80e5542129-field\" class=\"hp-message\">Bitte lasse dieses Feld leer.<\/label><input id=\"wpcf7-69d80e5542129-field\"  class=\"wpcf7-form-control wpcf7-text\" type=\"text\" name=\"honeypot-739\" value=\"\" size=\"40\" tabindex=\"-1\" autocomplete=\"new-password\" \/><\/span>\n\t\t<\/p>\n\t<\/div>\n\t<div class=\"wpb_column vc_column_container vc_col-lg-12 send-button\">\n\t\t<p><input class=\"wpcf7-form-control wpcf7-submit has-spinner\" type=\"submit\" value=\"Absenden\" \/>\n\t\t<\/p>\n\t<\/div>\n<\/div><div class=\"wpcf7-response-output\" aria-hidden=\"true\"><\/div>\n<\/form>\n<\/div>\n[\/vc_column_inner][\/vc_row_inner]<div class=\"ult-spacer spacer-69d80e55421a4\" data-id=\"69d80e55421a4\" data-height=\"40\" data-height-mobile=\"40\" data-height-tab=\"40\" data-height-tab-portrait=\"\" data-height-mobile-landscape=\"\" style=\"clear:both;display:block;\"><\/div>[\/vc_column][\/vc_row]<\/p>\n<\/div>","protected":false},"excerpt":{"rendered":"<p>[vc_row full_width=&#8220;stretch_row_content_no_spaces&#8220; bg_type=&#8220;image&#8220; parallax_style=&#8220;vcpb-default&#8220; bg_image_new=&#8220;id^2078|url^https:\/\/hotel-engelberg.de\/wp-content\/uploads\/2021\/02\/hotel-engelberg-head-home.jpg|caption^null|alt^null|title^hotel-engelberg-head-home|description^null&#8220; bg_image_repeat=&#8220;no-repeat&#8220;][vc_column][\/vc_column][\/vc_row][vc_row full_width=&#8220;stretch_row&#8220; content_placement=&#8220;middle&#8220; bg_type=&#8220;bg_color&#8220; bg_override=&#8220;full&#8220; bg_color_value=&#8220;#3f3c3e&#8220;][vc_column][vc_custom_heading text=&#8220;\u201eHerzlich Willkommen im familiengef\u00fchrten Hotel Engelberg in Wangen im Allg\u00e4u&#8222;&#8220; font_container=&#8220;tag:h1|text_align:center|color:%23ffffff&#8220; use_theme_fonts=&#8220;yes&#8220; css_animation=&#8220;fadeInUp&#8220;][\/vc_column][\/vc_row][vc_row full_width=&#8220;stretch_row&#8220; gap=&#8220;35&#8243; content_placement=&#8220;middle&#8220; seperator_enable=&#8220;seperator_enable_value&#8220; seperator_type=&#8220;triangle_svg_seperator&#8220; seperator_svg_height=&#8220;24&#8243; seperator_shape_background=&#8220;#de3327&#8243; css=&#8220;.vc_custom_1613647304182{background-position: center !important;background-repeat: no-repeat !important;background-size: cover !important;}&#8220;][vc_column el_class=&#8220;container&#8220;][vc_row_inner gap=&#8220;35&#8243;][vc_column_inner width=&#8220;1\/3&#8243;][vc_custom_heading text=&#8220;Hotel Engelberg&#8220; use_theme_fonts=&#8220;yes&#8220; css_animation=&#8220;fadeInUp&#8220;][vc_custom_heading text=&#8220;Die beste Lage um Wangen zu entdecken&#8230;&#8220; font_container=&#8220;tag:h3|text_align:left&#8220; use_theme_fonts=&#8220;yes&#8220; css_animation=&#8220;fadeInUp&#8220;][vc_single_image [&hellip;]<\/p>\n","protected":false},"author":1,"featured_media":0,"parent":0,"menu_order":3,"comment_status":"closed","ping_status":"closed","template":"","meta":{"inline_featured_image":false,"footnotes":""},"class_list":["post-2","page","type-page","status-publish","hentry"],"yoast_head":"<!-- This site is optimized with the Yoast SEO plugin v27.3 - https:\/\/yoast.com\/product\/yoast-seo-wordpress\/ -->\n<title>Hotel Engelberg: Hotel Wangen im Allg\u00e4u n\u00e4he Zentrum<\/title>\n<meta name=\"description\" content=\"\u00dcbernachten in Wangen im Allg\u00e4u zum fairen Preis \u00bb Ihr Hotel Engelberg n\u00e4he Stadtzentrum \u00bb Das Hotel in Wangen im Allg\u00e4u \u00bb Mehr als eine Pension\" \/>\n<meta name=\"robots\" content=\"index, follow, max-snippet:-1, max-image-preview:large, max-video-preview:-1\" \/>\n<link rel=\"canonical\" href=\"https:\/\/www.hotel-engelberg.de\/de\/\" \/>\n<meta property=\"og:locale\" content=\"de_DE\" \/>\n<meta property=\"og:type\" content=\"article\" \/>\n<meta property=\"og:title\" content=\"Hotel Engelberg: Hotel Wangen im Allg\u00e4u n\u00e4he Zentrum\" \/>\n<meta property=\"og:description\" content=\"\u00dcbernachten in Wangen im Allg\u00e4u zum fairen Preis \u00bb Ihr Hotel Engelberg n\u00e4he Stadtzentrum \u00bb Das Hotel in Wangen im Allg\u00e4u \u00bb Mehr als eine Pension\" \/>\n<meta property=\"og:url\" content=\"https:\/\/www.hotel-engelberg.de\/de\/\" \/>\n<meta property=\"og:site_name\" content=\"Hotel Engelberg\" \/>\n<meta property=\"article:modified_time\" content=\"2025-05-03T09:00:38+00:00\" \/>\n<meta name=\"twitter:card\" content=\"summary_large_image\" \/>\n<meta name=\"twitter:label1\" content=\"Gesch\u00e4tzte Lesezeit\" \/>\n\t<meta name=\"twitter:data1\" content=\"2\u00a0Minuten\" \/>\n<script type=\"application\/ld+json\" class=\"yoast-schema-graph\">{\"@context\":\"https:\\\/\\\/schema.org\",\"@graph\":[{\"@type\":\"WebPage\",\"@id\":\"https:\\\/\\\/www.hotel-engelberg.de\\\/de\\\/\",\"url\":\"https:\\\/\\\/www.hotel-engelberg.de\\\/de\\\/\",\"name\":\"Hotel Engelberg: Hotel Wangen im Allg\u00e4u n\u00e4he Zentrum\",\"isPartOf\":{\"@id\":\"https:\\\/\\\/www.hotel-engelberg.de\\\/de\\\/#website\"},\"datePublished\":\"2020-12-07T17:32:33+00:00\",\"dateModified\":\"2025-05-03T09:00:38+00:00\",\"description\":\"\u00dcbernachten in Wangen im Allg\u00e4u zum fairen Preis \u00bb Ihr Hotel Engelberg n\u00e4he Stadtzentrum \u00bb Das Hotel in Wangen im Allg\u00e4u \u00bb Mehr als eine Pension\",\"breadcrumb\":{\"@id\":\"https:\\\/\\\/www.hotel-engelberg.de\\\/de\\\/#breadcrumb\"},\"inLanguage\":\"de\",\"potentialAction\":[{\"@type\":\"ReadAction\",\"target\":[\"https:\\\/\\\/www.hotel-engelberg.de\\\/de\\\/\"]}]},{\"@type\":\"BreadcrumbList\",\"@id\":\"https:\\\/\\\/www.hotel-engelberg.de\\\/de\\\/#breadcrumb\",\"itemListElement\":[{\"@type\":\"ListItem\",\"position\":1,\"name\":\"Startseite\",\"item\":\"https:\\\/\\\/www.hotel-engelberg.de\\\/de\\\/\"},{\"@type\":\"ListItem\",\"position\":2,\"name\":\"Home\"}]},{\"@type\":\"WebSite\",\"@id\":\"https:\\\/\\\/www.hotel-engelberg.de\\\/de\\\/#website\",\"url\":\"https:\\\/\\\/www.hotel-engelberg.de\\\/de\\\/\",\"name\":\"Poschenrieder\",\"description\":\"\",\"potentialAction\":[{\"@type\":\"SearchAction\",\"target\":{\"@type\":\"EntryPoint\",\"urlTemplate\":\"https:\\\/\\\/www.hotel-engelberg.de\\\/de\\\/?s={search_term_string}\"},\"query-input\":{\"@type\":\"PropertyValueSpecification\",\"valueRequired\":true,\"valueName\":\"search_term_string\"}}],\"inLanguage\":\"de\"}]}<\/script>\n<!-- \/ Yoast SEO plugin. -->","yoast_head_json":{"title":"Hotel Engelberg: Hotel Wangen im Allg\u00e4u n\u00e4he Zentrum","description":"\u00dcbernachten in Wangen im Allg\u00e4u zum fairen Preis \u00bb Ihr Hotel Engelberg n\u00e4he Stadtzentrum \u00bb Das Hotel in Wangen im Allg\u00e4u \u00bb Mehr als eine Pension","robots":{"index":"index","follow":"follow","max-snippet":"max-snippet:-1","max-image-preview":"max-image-preview:large","max-video-preview":"max-video-preview:-1"},"canonical":"https:\/\/www.hotel-engelberg.de\/de\/","og_locale":"de_DE","og_type":"article","og_title":"Hotel Engelberg: Hotel Wangen im Allg\u00e4u n\u00e4he Zentrum","og_description":"\u00dcbernachten in Wangen im Allg\u00e4u zum fairen Preis \u00bb Ihr Hotel Engelberg n\u00e4he Stadtzentrum \u00bb Das Hotel in Wangen im Allg\u00e4u \u00bb Mehr als eine Pension","og_url":"https:\/\/www.hotel-engelberg.de\/de\/","og_site_name":"Hotel Engelberg","article_modified_time":"2025-05-03T09:00:38+00:00","twitter_card":"summary_large_image","twitter_misc":{"Gesch\u00e4tzte Lesezeit":"2\u00a0Minuten"},"schema":{"@context":"https:\/\/schema.org","@graph":[{"@type":"WebPage","@id":"https:\/\/www.hotel-engelberg.de\/de\/","url":"https:\/\/www.hotel-engelberg.de\/de\/","name":"Hotel Engelberg: Hotel Wangen im Allg\u00e4u n\u00e4he Zentrum","isPartOf":{"@id":"https:\/\/www.hotel-engelberg.de\/de\/#website"},"datePublished":"2020-12-07T17:32:33+00:00","dateModified":"2025-05-03T09:00:38+00:00","description":"\u00dcbernachten in Wangen im Allg\u00e4u zum fairen Preis \u00bb Ihr Hotel Engelberg n\u00e4he Stadtzentrum \u00bb Das Hotel in Wangen im Allg\u00e4u \u00bb Mehr als eine Pension","breadcrumb":{"@id":"https:\/\/www.hotel-engelberg.de\/de\/#breadcrumb"},"inLanguage":"de","potentialAction":[{"@type":"ReadAction","target":["https:\/\/www.hotel-engelberg.de\/de\/"]}]},{"@type":"BreadcrumbList","@id":"https:\/\/www.hotel-engelberg.de\/de\/#breadcrumb","itemListElement":[{"@type":"ListItem","position":1,"name":"Startseite","item":"https:\/\/www.hotel-engelberg.de\/de\/"},{"@type":"ListItem","position":2,"name":"Home"}]},{"@type":"WebSite","@id":"https:\/\/www.hotel-engelberg.de\/de\/#website","url":"https:\/\/www.hotel-engelberg.de\/de\/","name":"Poschenrieder","description":"","potentialAction":[{"@type":"SearchAction","target":{"@type":"EntryPoint","urlTemplate":"https:\/\/www.hotel-engelberg.de\/de\/?s={search_term_string}"},"query-input":{"@type":"PropertyValueSpecification","valueRequired":true,"valueName":"search_term_string"}}],"inLanguage":"de"}]}},"_links":{"self":[{"href":"https:\/\/www.hotel-engelberg.de\/de\/wp-json\/wp\/v2\/pages\/2","targetHints":{"allow":["GET"]}}],"collection":[{"href":"https:\/\/www.hotel-engelberg.de\/de\/wp-json\/wp\/v2\/pages"}],"about":[{"href":"https:\/\/www.hotel-engelberg.de\/de\/wp-json\/wp\/v2\/types\/page"}],"author":[{"embeddable":true,"href":"https:\/\/www.hotel-engelberg.de\/de\/wp-json\/wp\/v2\/users\/1"}],"replies":[{"embeddable":true,"href":"https:\/\/www.hotel-engelberg.de\/de\/wp-json\/wp\/v2\/comments?post=2"}],"version-history":[{"count":5,"href":"https:\/\/www.hotel-engelberg.de\/de\/wp-json\/wp\/v2\/pages\/2\/revisions"}],"predecessor-version":[{"id":2831,"href":"https:\/\/www.hotel-engelberg.de\/de\/wp-json\/wp\/v2\/pages\/2\/revisions\/2831"}],"wp:attachment":[{"href":"https:\/\/www.hotel-engelberg.de\/de\/wp-json\/wp\/v2\/media?parent=2"}],"curies":[{"name":"wp","href":"https:\/\/api.w.org\/{rel}","templated":true}]}}